{"id":533,"date":"2025-12-19T12:06:31","date_gmt":"2025-12-19T12:06:31","guid":{"rendered":"https:\/\/fafa.pt\/geschichte\/"},"modified":"2026-01-13T19:33:26","modified_gmt":"2026-01-13T19:33:26","slug":"geschichte","status":"publish","type":"page","link":"https:\/\/fafa.pt\/de\/geschichte\/","title":{"rendered":"Geschichte"},"content":{"rendered":"\t\t<div data-elementor-type=\"wp-page\" data-elementor-id=\"533\" class=\"elementor elementor-533 elementor-57\" data-elementor-post-type=\"page\">\n\t\t\t\t<div class=\"elementor-element elementor-element-4efb314 e-flex e-con-boxed e-con e-parent\" data-id=\"4efb314\" data-element_type=\"container\" data-settings=\"{&quot;jet_parallax_layout_list&quot;:[]}\">\n\t\t\t\t\t<div class=\"e-con-inner\">\n\t\t\t\t<div class=\"elementor-element elementor-element-c0f601f elementor-widget elementor-widget-heading\" data-id=\"c0f601f\" data-element_type=\"widget\" data-widget_type=\"heading.default\">\n\t\t\t\t\t<h1 class=\"elementor-heading-title elementor-size-default\">Geschichte des Festivals der Mandelbl\u00fcte an der Algarve in Alta Mora<\/h1>\t\t\t\t<\/div>\n\t\t\t\t<div class=\"elementor-element elementor-element-6f34410 elementor-widget elementor-widget-text-editor\" data-id=\"6f34410\" data-element_type=\"widget\" data-widget_type=\"text-editor.default\">\n\t\t\t\t\t\t\t\t\t<p class=\"body\" dir=\"auto\">Das <strong>Festival der Mandelbl\u00fcte an der Algarve<\/strong> wurde 2020 als Initiative der Associa\u00e7\u00e3o Recreativa, Cultural e Desportiva dos Amigos de Alta Mora (ARCDAA) ins Leben gerufen. Ziel war es, das Hinterland der Algarve zu f\u00f6rdern und seinen nat\u00fcrlichen, kulturellen und ethnografischen Reichtum aufzuwerten.<\/p>\n<p class=\"body\" dir=\"auto\">Das zentrale Thema des Festivals, die <strong>Mandelbl\u00fcte<\/strong>, feiert eines der bekanntesten Identit\u00e4tsmerkmale der Region, das in der ber\u00fchmten <em>Legende der Mandelbl\u00fcte<\/em> verewigt ist.<\/p>\n\t\t\t\t\t\t\t\t<\/div>\n\t\t\t\t\t<\/div>\n\t\t\t\t<\/div>\n\t\t<div class=\"elementor-element elementor-element-f7c9e0b e-grid e-con-boxed e-con e-parent\" data-id=\"f7c9e0b\" data-element_type=\"container\" data-settings=\"{&quot;jet_parallax_layout_list&quot;:[]}\">\n\t\t\t\t\t<div class=\"e-con-inner\">\n\t\t<div class=\"elementor-element elementor-element-10a760c e-con-full e-flex e-con e-child\" data-id=\"10a760c\" data-element_type=\"container\" data-settings=\"{&quot;jet_parallax_layout_list&quot;:[]}\">\n\t\t\t\t<div class=\"elementor-element elementor-element-e6c5017 elementor-widget elementor-widget-heading\" data-id=\"e6c5017\" data-element_type=\"widget\" data-widget_type=\"heading.default\">\n\t\t\t\t\t<h4 class=\"elementor-heading-title elementor-size-default\">\nEntwicklung des Festivals<\/h4>\t\t\t\t<\/div>\n\t\t\t\t<div class=\"elementor-element elementor-element-300db3a elementor-widget elementor-widget-text-editor\" data-id=\"300db3a\" data-element_type=\"widget\" data-widget_type=\"text-editor.default\">\n\t\t\t\t\t\t\t\t\t<p>Die Veranstaltung hat ihren Ursprung in den <strong>Wanderungen<\/strong>, die seit 2005 von der ARCDAA organisiert werden. Was bescheiden mit etwa 50 Teilnehmern begann, gewann schnell an Beliebtheit. Im Jahr 2020 erreichte das Festival einen bedeutenden Meilenstein mit mehr als 1.000 Wanderern und etablierte sich als kulturelles Referenzereignis.<\/p>\n\t\t\t\t\t\t\t\t<\/div>\n\t\t\t\t<div class=\"elementor-element elementor-element-32f7213 elementor-widget elementor-widget-heading\" data-id=\"32f7213\" data-element_type=\"widget\" data-widget_type=\"heading.default\">\n\t\t\t\t\t<h4 class=\"elementor-heading-title elementor-size-default\">Kulturelle und touristische Auswirkungen<\/h4>\t\t\t\t<\/div>\n\t\t\t\t<div class=\"elementor-element elementor-element-ef84369 elementor-widget elementor-widget-text-editor\" data-id=\"ef84369\" data-element_type=\"widget\" data-widget_type=\"text-editor.default\">\n\t\t\t\t\t\t\t\t\t<p>Das Festival der Mandelbl\u00fcte hat als Hauptziel, eine der am st\u00e4rksten entv\u00f6lkerten Zonen im Hinterland der Algarve wiederzubeleben, die Abwanderung zu bek\u00e4mpfen und die lokale Identit\u00e4t zu f\u00f6rdern. Jede Ausgabe versammelt Tausende von Besuchern und festigt sich als kultureller Treffpunkt w\u00e4hrend der Nebensaison an der Algarve.<\/p>\n\t\t\t\t\t\t\t\t<\/div>\n\t\t\t\t<\/div>\n\t\t<div class=\"elementor-element elementor-element-bb76386 e-con-full e-flex e-con e-child\" data-id=\"bb76386\" data-element_type=\"container\" data-settings=\"{&quot;jet_parallax_layout_list&quot;:[]}\">\n\t\t\t\t<div class=\"elementor-element elementor-element-31d6350 elementor-widget elementor-widget-heading\" data-id=\"31d6350\" data-element_type=\"widget\" data-widget_type=\"heading.default\">\n\t\t\t\t\t<h4 class=\"elementor-heading-title elementor-size-default\">Erlebnisse und Aktivit\u00e4ten<\/h4>\t\t\t\t<\/div>\n\t\t\t\t<div class=\"elementor-element elementor-element-6c072bc elementor-widget elementor-widget-text-editor\" data-id=\"6c072bc\" data-element_type=\"widget\" data-widget_type=\"text-editor.default\">\n\t\t\t\t\t\t\t\t\t<p class=\"body\" dir=\"auto\">\u00dcber drei Tage hinweg k\u00f6nnen die Besucher Folgendes genie\u00dfen:<\/p>\n<p class=\"body\" dir=\"auto\">\u2022 <strong>Wanderungen<\/strong> auf Wegen, die von bl\u00fchenden Mandelb\u00e4umen ges\u00e4umt sind;<\/p>\n<p class=\"body\" dir=\"auto\">\u2022 <strong>Stra\u00dfenmarkt<\/strong> mit Dutzenden von lokalen Erzeugern und Kunsthandwerkern;<\/p>\n<p class=\"body\" dir=\"auto\">\u2022 Die Nachbildung des <strong>Handwerkerdorfs<\/strong>, ein authentischer Raum, in dem Handwerker traditionelle Techniken wiederbeleben;<\/p>\n<p class=\"body\" dir=\"auto\">\u2022 <strong>Ateliers und Workshops<\/strong>, einschlie\u00dflich Anpflanzung von Mandelb\u00e4umen, Herstellung von Brot und traditionellem K\u00e4se;<\/p>\n<p class=\"body\" dir=\"auto\">\u2022 Typische Gastronomie mit besonderem Augenmerk auf den <strong>riesigen Mandelkuchen<\/strong>, der bei jeder Ausgabe um 1 Meter w\u00e4chst (43 Meter im Jahr 2025).<\/p>\n\t\t\t\t\t\t\t\t<\/div>\n\t\t\t\t<div class=\"elementor-element elementor-element-6169227 elementor-widget elementor-widget-heading\" data-id=\"6169227\" data-element_type=\"widget\" data-widget_type=\"heading.default\">\n\t\t\t\t\t<h4 class=\"elementor-heading-title elementor-size-default\">Ein Projekt des Zusammenhalts<\/h4>\t\t\t\t<\/div>\n\t\t\t\t<div class=\"elementor-element elementor-element-141fdc3 elementor-widget elementor-widget-text-editor\" data-id=\"141fdc3\" data-element_type=\"widget\" data-widget_type=\"text-editor.default\">\n\t\t\t\t\t\t\t\t\t<p>Organisiert von mehr als 100 Freiwilligen, spiegelt das Festival die Heimatliebe und den Gemeinschaftsgeist der Einwohner von Alta Mora wider.<\/p>\n\t\t\t\t\t\t\t\t<\/div>\n\t\t\t\t<\/div>\n\t\t\t\t\t<\/div>\n\t\t\t\t<\/div>\n\t\t<div class=\"elementor-element elementor-element-4765774 e-flex e-con-boxed e-con e-parent\" data-id=\"4765774\" data-element_type=\"container\" data-settings=\"{&quot;jet_parallax_layout_list&quot;:[]}\">\n\t\t\t\t\t<div class=\"e-con-inner\">\n\t\t\t\t<div class=\"elementor-element elementor-element-6c4c99f elementor-widget elementor-widget-gallery\" data-id=\"6c4c99f\" data-element_type=\"widget\" data-settings=\"{&quot;gallery_layout&quot;:&quot;masonry&quot;,&quot;lazyload&quot;:&quot;yes&quot;,&quot;columns&quot;:4,&quot;columns_tablet&quot;:2,&quot;columns_mobile&quot;:1,&quot;gap&quot;:{&quot;unit&quot;:&quot;px&quot;,&quot;size&quot;:10,&quot;sizes&quot;:[]},&quot;gap_tablet&quot;:{&quot;unit&quot;:&quot;px&quot;,&quot;size&quot;:10,&quot;sizes&quot;:[]},&quot;gap_mobile&quot;:{&quot;unit&quot;:&quot;px&quot;,&quot;size&quot;:10,&quot;sizes&quot;:[]},&quot;link_to&quot;:&quot;file&quot;,&quot;overlay_background&quot;:&quot;yes&quot;,&quot;content_hover_animation&quot;:&quot;fade-in&quot;}\" data-widget_type=\"gallery.default\">\n\t\t\t\t\t\t\t<div class=\"elementor-gallery__container\">\n\t\t\t\t\t\t\t<a class=\"e-gallery-item elementor-gallery-item elementor-animated-content\" href=\"https:\/\/fafa.pt\/wp-content\/uploads\/2025\/12\/apresentacissaio-do-fafa8-YanqZRjEzkCyoPxN.jpg\" data-elementor-open-lightbox=\"yes\" data-elementor-lightbox-slideshow=\"6c4c99f\" data-e-action-hash=\"#elementor-action%3Aaction%3Dlightbox%26settings%3DeyJpZCI6NTM0LCJ1cmwiOiJodHRwczpcL1wvZmFmYS5wdFwvd3AtY29udGVudFwvdXBsb2Fkc1wvMjAyNVwvMTJcL2FwcmVzZW50YWNpc3NhaW8tZG8tZmFmYTgtWWFucVpSakV6a0N5b1B4Ti5qcGciLCJzbGlkZXNob3ciOiI2YzRjOTlmIn0%3D\">\n\t\t\t\t\t<div class=\"e-gallery-image elementor-gallery-item__image\" data-thumbnail=\"https:\/\/fafa.pt\/wp-content\/uploads\/2025\/12\/apresentacissaio-do-fafa8-YanqZRjEzkCyoPxN-768x512.jpg\" data-width=\"768\" data-height=\"512\" aria-label=\"\" role=\"img\" ><\/div>\n\t\t\t\t\t\t\t\t\t\t\t<div class=\"elementor-gallery-item__overlay\"><\/div>\n\t\t\t\t\t\t\t\t\t\t\t\t\t\t<\/a>\n\t\t\t\t\t\t\t<a class=\"e-gallery-item elementor-gallery-item elementor-animated-content\" href=\"https:\/\/fafa.pt\/wp-content\/uploads\/2025\/12\/apresentacissaio-do-fafa18-YrDqQR0gD1tOGVza.jpg\" data-elementor-open-lightbox=\"yes\" data-elementor-lightbox-slideshow=\"6c4c99f\" data-e-action-hash=\"#elementor-action%3Aaction%3Dlightbox%26settings%3DeyJpZCI6NTM1LCJ1cmwiOiJodHRwczpcL1wvZmFmYS5wdFwvd3AtY29udGVudFwvdXBsb2Fkc1wvMjAyNVwvMTJcL2FwcmVzZW50YWNpc3NhaW8tZG8tZmFmYTE4LVlyRHFRUjBnRDF0T0dWemEuanBnIiwic2xpZGVzaG93IjoiNmM0Yzk5ZiJ9\">\n\t\t\t\t\t<div class=\"e-gallery-image elementor-gallery-item__image\" data-thumbnail=\"https:\/\/fafa.pt\/wp-content\/uploads\/2025\/12\/apresentacissaio-do-fafa18-YrDqQR0gD1tOGVza-768x512.jpg\" data-width=\"768\" data-height=\"512\" aria-label=\"\" role=\"img\" ><\/div>\n\t\t\t\t\t\t\t\t\t\t\t<div class=\"elementor-gallery-item__overlay\"><\/div>\n\t\t\t\t\t\t\t\t\t\t\t\t\t\t<\/a>\n\t\t\t\t\t\t\t<a class=\"e-gallery-item elementor-gallery-item elementor-animated-content\" href=\"https:\/\/fafa.pt\/wp-content\/uploads\/2025\/12\/apresentacissaio-do-fafa14-A85ElO3QB4TVMl3o.jpg\" data-elementor-open-lightbox=\"yes\" data-elementor-lightbox-slideshow=\"6c4c99f\" data-e-action-hash=\"#elementor-action%3Aaction%3Dlightbox%26settings%3DeyJpZCI6NTM2LCJ1cmwiOiJodHRwczpcL1wvZmFmYS5wdFwvd3AtY29udGVudFwvdXBsb2Fkc1wvMjAyNVwvMTJcL2FwcmVzZW50YWNpc3NhaW8tZG8tZmFmYTE0LUE4NUVsTzNRQjRUVk1sM28uanBnIiwic2xpZGVzaG93IjoiNmM0Yzk5ZiJ9\">\n\t\t\t\t\t<div class=\"e-gallery-image elementor-gallery-item__image\" data-thumbnail=\"https:\/\/fafa.pt\/wp-content\/uploads\/2025\/12\/apresentacissaio-do-fafa14-A85ElO3QB4TVMl3o-768x577.jpg\" data-width=\"768\" data-height=\"577\" aria-label=\"\" role=\"img\" ><\/div>\n\t\t\t\t\t\t\t\t\t\t\t<div class=\"elementor-gallery-item__overlay\"><\/div>\n\t\t\t\t\t\t\t\t\t\t\t\t\t\t<\/a>\n\t\t\t\t\t\t\t<a class=\"e-gallery-item elementor-gallery-item elementor-animated-content\" href=\"https:\/\/fafa.pt\/wp-content\/uploads\/2025\/12\/apresentacissaio-do-fafa19-YyvZ5RLkGWHj98Qj.jpg\" data-elementor-open-lightbox=\"yes\" data-elementor-lightbox-slideshow=\"6c4c99f\" data-e-action-hash=\"#elementor-action%3Aaction%3Dlightbox%26settings%3DeyJpZCI6NTM3LCJ1cmwiOiJodHRwczpcL1wvZmFmYS5wdFwvd3AtY29udGVudFwvdXBsb2Fkc1wvMjAyNVwvMTJcL2FwcmVzZW50YWNpc3NhaW8tZG8tZmFmYTE5LVl5dlo1UkxrR1dIajk4UWouanBnIiwic2xpZGVzaG93IjoiNmM0Yzk5ZiJ9\">\n\t\t\t\t\t<div class=\"e-gallery-image elementor-gallery-item__image\" data-thumbnail=\"https:\/\/fafa.pt\/wp-content\/uploads\/2025\/12\/apresentacissaio-do-fafa19-YyvZ5RLkGWHj98Qj-768x1024.jpg\" data-width=\"768\" data-height=\"1024\" aria-label=\"\" role=\"img\" ><\/div>\n\t\t\t\t\t\t\t\t\t\t\t<div class=\"elementor-gallery-item__overlay\"><\/div>\n\t\t\t\t\t\t\t\t\t\t\t\t\t\t<\/a>\n\t\t\t\t\t\t\t<a class=\"e-gallery-item elementor-gallery-item elementor-animated-content\" href=\"https:\/\/fafa.pt\/wp-content\/uploads\/2025\/12\/apresentacissaio-do-fafa17-mv02QRorryinKJjN.jpg\" data-elementor-open-lightbox=\"yes\" data-elementor-lightbox-slideshow=\"6c4c99f\" data-e-action-hash=\"#elementor-action%3Aaction%3Dlightbox%26settings%3DeyJpZCI6NTM4LCJ1cmwiOiJodHRwczpcL1wvZmFmYS5wdFwvd3AtY29udGVudFwvdXBsb2Fkc1wvMjAyNVwvMTJcL2FwcmVzZW50YWNpc3NhaW8tZG8tZmFmYTE3LW12MDJRUm9ycnlpbktKak4uanBnIiwic2xpZGVzaG93IjoiNmM0Yzk5ZiJ9\">\n\t\t\t\t\t<div class=\"e-gallery-image elementor-gallery-item__image\" data-thumbnail=\"https:\/\/fafa.pt\/wp-content\/uploads\/2025\/12\/apresentacissaio-do-fafa17-mv02QRorryinKJjN-768x512.jpg\" data-width=\"768\" data-height=\"512\" aria-label=\"\" role=\"img\" ><\/div>\n\t\t\t\t\t\t\t\t\t\t\t<div class=\"elementor-gallery-item__overlay\"><\/div>\n\t\t\t\t\t\t\t\t\t\t\t\t\t\t<\/a>\n\t\t\t\t\t\t\t<a class=\"e-gallery-item elementor-gallery-item elementor-animated-content\" href=\"https:\/\/fafa.pt\/wp-content\/uploads\/2025\/12\/apresentacissaio-do-fafa7-AoPqQRkg8WSBMQlp.jpg\" data-elementor-open-lightbox=\"yes\" data-elementor-lightbox-slideshow=\"6c4c99f\" data-e-action-hash=\"#elementor-action%3Aaction%3Dlightbox%26settings%3DeyJpZCI6NTM5LCJ1cmwiOiJodHRwczpcL1wvZmFmYS5wdFwvd3AtY29udGVudFwvdXBsb2Fkc1wvMjAyNVwvMTJcL2FwcmVzZW50YWNpc3NhaW8tZG8tZmFmYTctQW9QcVFSa2c4V1NCTVFscC5qcGciLCJzbGlkZXNob3ciOiI2YzRjOTlmIn0%3D\">\n\t\t\t\t\t<div class=\"e-gallery-image elementor-gallery-item__image\" data-thumbnail=\"https:\/\/fafa.pt\/wp-content\/uploads\/2025\/12\/apresentacissaio-do-fafa7-AoPqQRkg8WSBMQlp-768x512.jpg\" data-width=\"768\" data-height=\"512\" aria-label=\"\" role=\"img\" ><\/div>\n\t\t\t\t\t\t\t\t\t\t\t<div class=\"elementor-gallery-item__overlay\"><\/div>\n\t\t\t\t\t\t\t\t\t\t\t\t\t\t<\/a>\n\t\t\t\t\t\t\t<a class=\"e-gallery-item elementor-gallery-item elementor-animated-content\" href=\"https:\/\/fafa.pt\/wp-content\/uploads\/2025\/12\/apresentacissaio-do-fafa13-YrDqQR0ggEHPWMXG.jpg\" data-elementor-open-lightbox=\"yes\" data-elementor-lightbox-slideshow=\"6c4c99f\" data-e-action-hash=\"#elementor-action%3Aaction%3Dlightbox%26settings%3DeyJpZCI6NTQwLCJ1cmwiOiJodHRwczpcL1wvZmFmYS5wdFwvd3AtY29udGVudFwvdXBsb2Fkc1wvMjAyNVwvMTJcL2FwcmVzZW50YWNpc3NhaW8tZG8tZmFmYTEzLVlyRHFRUjBnZ0VIUFdNWEcuanBnIiwic2xpZGVzaG93IjoiNmM0Yzk5ZiJ9\">\n\t\t\t\t\t<div class=\"e-gallery-image elementor-gallery-item__image\" data-thumbnail=\"https:\/\/fafa.pt\/wp-content\/uploads\/2025\/12\/apresentacissaio-do-fafa13-YrDqQR0ggEHPWMXG-768x576.jpg\" data-width=\"768\" data-height=\"576\" aria-label=\"\" role=\"img\" ><\/div>\n\t\t\t\t\t\t\t\t\t\t\t<div class=\"elementor-gallery-item__overlay\"><\/div>\n\t\t\t\t\t\t\t\t\t\t\t\t\t\t<\/a>\n\t\t\t\t\t\t\t<a class=\"e-gallery-item elementor-gallery-item elementor-animated-content\" href=\"https:\/\/fafa.pt\/wp-content\/uploads\/2025\/12\/apresentacissaio-do-fafa11-A3QO83W6VJuN3P8X.jpg\" data-elementor-open-lightbox=\"yes\" data-elementor-lightbox-slideshow=\"6c4c99f\" data-e-action-hash=\"#elementor-action%3Aaction%3Dlightbox%26settings%3DeyJpZCI6NTQxLCJ1cmwiOiJodHRwczpcL1wvZmFmYS5wdFwvd3AtY29udGVudFwvdXBsb2Fkc1wvMjAyNVwvMTJcL2FwcmVzZW50YWNpc3NhaW8tZG8tZmFmYTExLUEzUU84M1c2Vkp1TjNQOFguanBnIiwic2xpZGVzaG93IjoiNmM0Yzk5ZiJ9\">\n\t\t\t\t\t<div class=\"e-gallery-image elementor-gallery-item__image\" data-thumbnail=\"https:\/\/fafa.pt\/wp-content\/uploads\/2025\/12\/apresentacissaio-do-fafa11-A3QO83W6VJuN3P8X-768x512.jpg\" data-width=\"768\" data-height=\"512\" aria-label=\"\" role=\"img\" ><\/div>\n\t\t\t\t\t\t\t\t\t\t\t<div class=\"elementor-gallery-item__overlay\"><\/div>\n\t\t\t\t\t\t\t\t\t\t\t\t\t\t<\/a>\n\t\t\t\t\t\t\t<a class=\"e-gallery-item elementor-gallery-item elementor-animated-content\" href=\"https:\/\/fafa.pt\/wp-content\/uploads\/2025\/12\/apresentacissaio-do-fafa15-AMqlwKPQ8vSJ1qZ4.jpg\" data-elementor-open-lightbox=\"yes\" data-elementor-lightbox-slideshow=\"6c4c99f\" data-e-action-hash=\"#elementor-action%3Aaction%3Dlightbox%26settings%3DeyJpZCI6NTQyLCJ1cmwiOiJodHRwczpcL1wvZmFmYS5wdFwvd3AtY29udGVudFwvdXBsb2Fkc1wvMjAyNVwvMTJcL2FwcmVzZW50YWNpc3NhaW8tZG8tZmFmYTE1LUFNcWx3S1BROHZTSjFxWjQuanBnIiwic2xpZGVzaG93IjoiNmM0Yzk5ZiJ9\">\n\t\t\t\t\t<div class=\"e-gallery-image elementor-gallery-item__image\" data-thumbnail=\"https:\/\/fafa.pt\/wp-content\/uploads\/2025\/12\/apresentacissaio-do-fafa15-AMqlwKPQ8vSJ1qZ4-768x488.jpg\" data-width=\"768\" data-height=\"488\" aria-label=\"\" role=\"img\" ><\/div>\n\t\t\t\t\t\t\t\t\t\t\t<div class=\"elementor-gallery-item__overlay\"><\/div>\n\t\t\t\t\t\t\t\t\t\t\t\t\t\t<\/a>\n\t\t\t\t\t\t\t<a class=\"e-gallery-item elementor-gallery-item elementor-animated-content\" href=\"https:\/\/fafa.pt\/wp-content\/uploads\/2025\/12\/apresentacissaio-do-fafa-AE0ayJzQ8niD93Kb.jpg\" data-elementor-open-lightbox=\"yes\" data-elementor-lightbox-slideshow=\"6c4c99f\" data-e-action-hash=\"#elementor-action%3Aaction%3Dlightbox%26settings%3DeyJpZCI6NTQzLCJ1cmwiOiJodHRwczpcL1wvZmFmYS5wdFwvd3AtY29udGVudFwvdXBsb2Fkc1wvMjAyNVwvMTJcL2FwcmVzZW50YWNpc3NhaW8tZG8tZmFmYS1BRTBheUp6UThuaUQ5M0tiLmpwZyIsInNsaWRlc2hvdyI6IjZjNGM5OWYifQ%3D%3D\">\n\t\t\t\t\t<div class=\"e-gallery-image elementor-gallery-item__image\" data-thumbnail=\"https:\/\/fafa.pt\/wp-content\/uploads\/2025\/12\/apresentacissaio-do-fafa-AE0ayJzQ8niD93Kb-768x576.jpg\" data-width=\"768\" data-height=\"576\" aria-label=\"\" role=\"img\" ><\/div>\n\t\t\t\t\t\t\t\t\t\t\t<div class=\"elementor-gallery-item__overlay\"><\/div>\n\t\t\t\t\t\t\t\t\t\t\t\t\t\t<\/a>\n\t\t\t\t\t\t\t<a class=\"e-gallery-item elementor-gallery-item elementor-animated-content\" href=\"https:\/\/fafa.pt\/wp-content\/uploads\/2025\/12\/apresentacissaio-do-fafa9-AE0ayJzQgqiEBXnk.jpg\" data-elementor-open-lightbox=\"yes\" data-elementor-lightbox-slideshow=\"6c4c99f\" data-e-action-hash=\"#elementor-action%3Aaction%3Dlightbox%26settings%3DeyJpZCI6NTQ0LCJ1cmwiOiJodHRwczpcL1wvZmFmYS5wdFwvd3AtY29udGVudFwvdXBsb2Fkc1wvMjAyNVwvMTJcL2FwcmVzZW50YWNpc3NhaW8tZG8tZmFmYTktQUUwYXlKelFncWlFQlhuay5qcGciLCJzbGlkZXNob3ciOiI2YzRjOTlmIn0%3D\">\n\t\t\t\t\t<div class=\"e-gallery-image elementor-gallery-item__image\" data-thumbnail=\"https:\/\/fafa.pt\/wp-content\/uploads\/2025\/12\/apresentacissaio-do-fafa9-AE0ayJzQgqiEBXnk-768x512.jpg\" data-width=\"768\" data-height=\"512\" aria-label=\"\" role=\"img\" ><\/div>\n\t\t\t\t\t\t\t\t\t\t\t<div class=\"elementor-gallery-item__overlay\"><\/div>\n\t\t\t\t\t\t\t\t\t\t\t\t\t\t<\/a>\n\t\t\t\t\t\t\t<a class=\"e-gallery-item elementor-gallery-item elementor-animated-content\" href=\"https:\/\/fafa.pt\/wp-content\/uploads\/2025\/12\/apresentacissaio-do-fafa-YleqNRXx9aF91pM4.jpg\" data-elementor-open-lightbox=\"yes\" data-elementor-lightbox-slideshow=\"6c4c99f\" data-e-action-hash=\"#elementor-action%3Aaction%3Dlightbox%26settings%3DeyJpZCI6NTQ1LCJ1cmwiOiJodHRwczpcL1wvZmFmYS5wdFwvd3AtY29udGVudFwvdXBsb2Fkc1wvMjAyNVwvMTJcL2FwcmVzZW50YWNpc3NhaW8tZG8tZmFmYS1ZbGVxTlJYeDlhRjkxcE00LmpwZyIsInNsaWRlc2hvdyI6IjZjNGM5OWYifQ%3D%3D\">\n\t\t\t\t\t<div class=\"e-gallery-image elementor-gallery-item__image\" data-thumbnail=\"https:\/\/fafa.pt\/wp-content\/uploads\/2025\/12\/apresentacissaio-do-fafa-YleqNRXx9aF91pM4-768x512.jpg\" data-width=\"768\" data-height=\"512\" aria-label=\"\" role=\"img\" ><\/div>\n\t\t\t\t\t\t\t\t\t\t\t<div class=\"elementor-gallery-item__overlay\"><\/div>\n\t\t\t\t\t\t\t\t\t\t\t\t\t\t<\/a>\n\t\t\t\t\t\t\t<a class=\"e-gallery-item elementor-gallery-item elementor-animated-content\" href=\"https:\/\/fafa.pt\/wp-content\/uploads\/2025\/12\/apresentacissaio-do-fafa3-A1aBlMjqJvI9qaN1.jpg\" data-elementor-open-lightbox=\"yes\" data-elementor-lightbox-slideshow=\"6c4c99f\" data-e-action-hash=\"#elementor-action%3Aaction%3Dlightbox%26settings%3DeyJpZCI6NTQ2LCJ1cmwiOiJodHRwczpcL1wvZmFmYS5wdFwvd3AtY29udGVudFwvdXBsb2Fkc1wvMjAyNVwvMTJcL2FwcmVzZW50YWNpc3NhaW8tZG8tZmFmYTMtQTFhQmxNanFKdkk5cWFOMS5qcGciLCJzbGlkZXNob3ciOiI2YzRjOTlmIn0%3D\">\n\t\t\t\t\t<div class=\"e-gallery-image elementor-gallery-item__image\" data-thumbnail=\"https:\/\/fafa.pt\/wp-content\/uploads\/2025\/12\/apresentacissaio-do-fafa3-A1aBlMjqJvI9qaN1-768x512.jpg\" data-width=\"768\" data-height=\"512\" aria-label=\"\" role=\"img\" ><\/div>\n\t\t\t\t\t\t\t\t\t\t\t<div class=\"elementor-gallery-item__overlay\"><\/div>\n\t\t\t\t\t\t\t\t\t\t\t\t\t\t<\/a>\n\t\t\t\t\t\t\t<a class=\"e-gallery-item elementor-gallery-item elementor-animated-content\" href=\"https:\/\/fafa.pt\/wp-content\/uploads\/2025\/12\/apresentacissaio-do-fafa4-YD0BgWzQPnSKlkKB.jpg\" data-elementor-open-lightbox=\"yes\" data-elementor-lightbox-slideshow=\"6c4c99f\" data-e-action-hash=\"#elementor-action%3Aaction%3Dlightbox%26settings%3DeyJpZCI6NTQ3LCJ1cmwiOiJodHRwczpcL1wvZmFmYS5wdFwvd3AtY29udGVudFwvdXBsb2Fkc1wvMjAyNVwvMTJcL2FwcmVzZW50YWNpc3NhaW8tZG8tZmFmYTQtWUQwQmdXelFQblNLbGtLQi5qcGciLCJzbGlkZXNob3ciOiI2YzRjOTlmIn0%3D\">\n\t\t\t\t\t<div class=\"e-gallery-image elementor-gallery-item__image\" data-thumbnail=\"https:\/\/fafa.pt\/wp-content\/uploads\/2025\/12\/apresentacissaio-do-fafa4-YD0BgWzQPnSKlkKB-768x512.jpg\" data-width=\"768\" data-height=\"512\" aria-label=\"\" role=\"img\" ><\/div>\n\t\t\t\t\t\t\t\t\t\t\t<div class=\"elementor-gallery-item__overlay\"><\/div>\n\t\t\t\t\t\t\t\t\t\t\t\t\t\t<\/a>\n\t\t\t\t\t\t\t<a class=\"e-gallery-item elementor-gallery-item elementor-animated-content\" href=\"https:\/\/fafa.pt\/wp-content\/uploads\/2025\/12\/apresentacissaio-do-fafa16-m6LjMB5Q5jCDZ1n9.jpg\" data-elementor-open-lightbox=\"yes\" data-elementor-lightbox-slideshow=\"6c4c99f\" data-e-action-hash=\"#elementor-action%3Aaction%3Dlightbox%26settings%3DeyJpZCI6NTQ4LCJ1cmwiOiJodHRwczpcL1wvZmFmYS5wdFwvd3AtY29udGVudFwvdXBsb2Fkc1wvMjAyNVwvMTJcL2FwcmVzZW50YWNpc3NhaW8tZG8tZmFmYTE2LW02TGpNQjVRNWpDRFoxbjkuanBnIiwic2xpZGVzaG93IjoiNmM0Yzk5ZiJ9\">\n\t\t\t\t\t<div class=\"e-gallery-image elementor-gallery-item__image\" data-thumbnail=\"https:\/\/fafa.pt\/wp-content\/uploads\/2025\/12\/apresentacissaio-do-fafa16-m6LjMB5Q5jCDZ1n9-768x394.jpg\" data-width=\"768\" data-height=\"394\" aria-label=\"\" role=\"img\" ><\/div>\n\t\t\t\t\t\t\t\t\t\t\t<div class=\"elementor-gallery-item__overlay\"><\/div>\n\t\t\t\t\t\t\t\t\t\t\t\t\t\t<\/a>\n\t\t\t\t\t\t\t<a class=\"e-gallery-item elementor-gallery-item elementor-animated-content\" href=\"https:\/\/fafa.pt\/wp-content\/uploads\/2025\/12\/apresentacissaio-do-fafa5-YbNqXRx7a3tqJ7L4.jpg\" data-elementor-open-lightbox=\"yes\" data-elementor-lightbox-slideshow=\"6c4c99f\" data-e-action-hash=\"#elementor-action%3Aaction%3Dlightbox%26settings%3DeyJpZCI6NTQ5LCJ1cmwiOiJodHRwczpcL1wvZmFmYS5wdFwvd3AtY29udGVudFwvdXBsb2Fkc1wvMjAyNVwvMTJcL2FwcmVzZW50YWNpc3NhaW8tZG8tZmFmYTUtWWJOcVhSeDdhM3RxSjdMNC5qcGciLCJzbGlkZXNob3ciOiI2YzRjOTlmIn0%3D\">\n\t\t\t\t\t<div class=\"e-gallery-image elementor-gallery-item__image\" data-thumbnail=\"https:\/\/fafa.pt\/wp-content\/uploads\/2025\/12\/apresentacissaio-do-fafa5-YbNqXRx7a3tqJ7L4-768x576.jpg\" data-width=\"768\" data-height=\"576\" aria-label=\"\" role=\"img\" ><\/div>\n\t\t\t\t\t\t\t\t\t\t\t<div class=\"elementor-gallery-item__overlay\"><\/div>\n\t\t\t\t\t\t\t\t\t\t\t\t\t\t<\/a>\n\t\t\t\t\t\t\t<a class=\"e-gallery-item elementor-gallery-item elementor-animated-content\" href=\"https:\/\/fafa.pt\/wp-content\/uploads\/2025\/12\/apresentacissaio-do-fafa2-YX4aLRNeqbhnVz19.jpg\" data-elementor-open-lightbox=\"yes\" data-elementor-lightbox-slideshow=\"6c4c99f\" data-e-action-hash=\"#elementor-action%3Aaction%3Dlightbox%26settings%3DeyJpZCI6NTUwLCJ1cmwiOiJodHRwczpcL1wvZmFmYS5wdFwvd3AtY29udGVudFwvdXBsb2Fkc1wvMjAyNVwvMTJcL2FwcmVzZW50YWNpc3NhaW8tZG8tZmFmYTItWVg0YUxSTmVxYmhuVnoxOS5qcGciLCJzbGlkZXNob3ciOiI2YzRjOTlmIn0%3D\">\n\t\t\t\t\t<div class=\"e-gallery-image elementor-gallery-item__image\" data-thumbnail=\"https:\/\/fafa.pt\/wp-content\/uploads\/2025\/12\/apresentacissaio-do-fafa2-YX4aLRNeqbhnVz19-768x512.jpg\" data-width=\"768\" data-height=\"512\" aria-label=\"\" role=\"img\" ><\/div>\n\t\t\t\t\t\t\t\t\t\t\t<div class=\"elementor-gallery-item__overlay\"><\/div>\n\t\t\t\t\t\t\t\t\t\t\t\t\t\t<\/a>\n\t\t\t\t\t<\/div>\n\t\t\t\t\t<\/div>\n\t\t\t\t\t<\/div>\n\t\t\t\t<\/div>\n\t\t\t\t<\/div>\n\t\t","protected":false},"excerpt":{"rendered":"<p>Geschichte des Festivals der Mandelbl\u00fcte an der Algarve in Alta Mora Das Festival der Mandelbl\u00fcte an der Algarve wurde 2020 als Initiative der Associa\u00e7\u00e3o Recreativa, Cultural e Desportiva dos Amigos de Alta Mora (ARCDAA) ins Leben gerufen. Ziel war es, das Hinterland der Algarve zu f\u00f6rdern und seinen nat\u00fcrlichen, kulturellen und ethnografischen Reichtum aufzuwerten. Das [&hellip;]<\/p>\n","protected":false},"author":1,"featured_media":0,"parent":0,"menu_order":0,"comment_status":"closed","ping_status":"closed","template":"","meta":{"footnotes":""},"class_list":["post-533","page","type-page","status-publish","hentry"],"_hostinger_reach_plugin_has_subscription_block":false,"_hostinger_reach_plugin_is_elementor":false,"_links":{"self":[{"href":"https:\/\/fafa.pt\/de\/wp-json\/wp\/v2\/pages\/533","targetHints":{"allow":["GET"]}}],"collection":[{"href":"https:\/\/fafa.pt\/de\/wp-json\/wp\/v2\/pages"}],"about":[{"href":"https:\/\/fafa.pt\/de\/wp-json\/wp\/v2\/types\/page"}],"author":[{"embeddable":true,"href":"https:\/\/fafa.pt\/de\/wp-json\/wp\/v2\/users\/1"}],"replies":[{"embeddable":true,"href":"https:\/\/fafa.pt\/de\/wp-json\/wp\/v2\/comments?post=533"}],"version-history":[{"count":1,"href":"https:\/\/fafa.pt\/de\/wp-json\/wp\/v2\/pages\/533\/revisions"}],"predecessor-version":[{"id":551,"href":"https:\/\/fafa.pt\/de\/wp-json\/wp\/v2\/pages\/533\/revisions\/551"}],"wp:attachment":[{"href":"https:\/\/fafa.pt\/de\/wp-json\/wp\/v2\/media?parent=533"}],"curies":[{"name":"wp","href":"https:\/\/api.w.org\/{rel}","templated":true}]}}