{"id":552,"date":"2025-12-30T08:17:02","date_gmt":"2025-12-30T08:17:02","guid":{"rendered":"https:\/\/fafa.pt\/pressemitteilung\/"},"modified":"2026-01-13T19:39:23","modified_gmt":"2026-01-13T19:39:23","slug":"pressemitteilung","status":"publish","type":"page","link":"https:\/\/fafa.pt\/de\/pressemitteilung\/","title":{"rendered":"Pressemitteilung"},"content":{"rendered":"\t\t<div data-elementor-type=\"wp-page\" data-elementor-id=\"552\" class=\"elementor elementor-552 elementor-237\" data-elementor-post-type=\"page\">\n\t\t\t\t<div class=\"elementor-element elementor-element-2afa6c65 e-flex e-con-boxed e-con e-parent\" data-id=\"2afa6c65\" data-element_type=\"container\" data-settings=\"{&quot;jet_parallax_layout_list&quot;:[]}\">\n\t\t\t\t\t<div class=\"e-con-inner\">\n\t\t\t\t<div class=\"elementor-element elementor-element-22c19b9 elementor-widget elementor-widget-heading\" data-id=\"22c19b9\" data-element_type=\"widget\" data-widget_type=\"heading.default\">\n\t\t\t\t\t<h2 class=\"elementor-heading-title elementor-size-default\">Pressemitteilung<\/h2>\t\t\t\t<\/div>\n\t\t\t\t<div class=\"elementor-element elementor-element-7791d5d1 elementor-widget elementor-widget-text-editor\" data-id=\"7791d5d1\" data-element_type=\"widget\" data-widget_type=\"text-editor.default\">\n\t\t\t\t\t\t\t\t\t\n<p><strong>FAFA ER\u00d6FFNET DIE VERANSTALTUNGSSAISON 2026 IM ALGARVE-GEBIRGE<\/strong><\/p>\n\n<p><strong>Der Bergkamm von Alta Mora ist vom 6. bis 8. Februar 2026 wieder das Epizentrum der f\u00fcnften Ausgabe des Mandelbl\u00fctenfestes (Festival das Amendoeiras em Flor) und markiert den Auftakt des regionalen Veranstaltungskalenders in einer Zeit, die traditionell von Saisonalit\u00e4t gepr\u00e4gt ist.<\/strong><\/p>\n\n<p>Erstellt und gef\u00f6rdert von der Associa\u00e7\u00e3o Recreativa, Cultural e Desportiva dos Amigos da Alta Mora (ARCDAA), <strong>behauptet sich das Festival als strukturierendes Projekt zur Aufwertung des Gebiets, das Naturerbe, kulturelle Identit\u00e4t und touristischen Genuss verbindet.<\/strong> \u00dcber drei Tage hinweg durchstreifen Einwohner, Besucher und Wanderer die H\u00fcgel inmitten der vollen Mandelbl\u00fcte, in einer der markantesten Landschaftskulissen des Hinterlandes der Algarve.<\/p>\n\n<p><strong>Das Wandern und der Genuss des wei\u00dfen und rosafarbenen Mantels der Gebirgslandschaft bleiben das zentrale Element der Veranstaltung<\/strong>, mit vier markierten Routen von 6, 9, 12 und 20 Kilometern, geeignet f\u00fcr unterschiedliche Teilnehmerprofile, mit <a href=\"https:\/\/docs.google.com\/forms\/u\/0\/d\/1VjQypE4Jlpa9Ewwn9EiJbTuv62k0HiN1VDXonhRg3TU\/viewform?urp=gmail_link&amp;edit_requested=true\" target=\"_blank\" rel=\"noreferrer noopener\">obligatorischer Anmeldung HIER.<\/a><\/p>\n\n<p><strong>Das k\u00fcnstlerische Programm verbindet Tradition, Ethnografie, Volksmusik, <em>Folk und World Music<\/em>.<\/strong> Im Jahr 2026 umfasst der Weltmusik-Zirkel das Coletivo Capela, Malino, Eir\u00f3, Nuno Carpinteiro und Rub\u00e9n D\u00edez, Mar de Fora, DJ Catadiscos und A Cantadeira, neben der Stra\u00dfenunterhaltung mit Sofia Piment\u00e3o, Malatitsch, Serrabecos, Al-Fanfare und Bando dos Quatro. Die Volks- und traditionelle Musik wird vertreten durch die Grupo Chulada da Ponte Velha, Recanto und Bela Banda, mit Filipe Santos und Filipe Silva an der portugiesischen Gitarre und Silvino Campos am Akkordeon, w\u00e4hrend der ethnografische Teil die Folkloregruppe Rancho Folcl\u00f3rico do Azinhal und die Chor- und Ethnografiegruppe Vozes de Almod\u00f4var umfasst.<\/p>\n\n<p><strong>Die performative und gemeinschaftliche Dimension bleibt erhalten mit <\/strong>dem Puppentheater \u201eA Lenda das Amendoeiras em Flor\u201c (Die Legende der Mandelbl\u00fcte), Tanz der ARUTLA des Clube Recreativo Alturense und der Ausstellung \u201eO olhar da nossa gente\u201c (Der Blick unserer Leute) von Senioren aus Alta Mora in Partnerschaft mit der Associa\u00e7\u00e3o \u00bc escuro, erg\u00e4nzt durch ein spezielles Kinderprogramm.<\/p>\n\n<p>Die kulinarische Komponente besticht durch <strong>die riesige Mandelrolle, die bei dieser Ausgabe 44 Meter erreichen wird<\/strong>, in Zusammenarbeit mit der Hotelfachschule von Vila Real de Santo Ant\u00f3nio, sowie durch den Stra\u00dfenmarkt, das Handwerkerdorf (Aldeia do Artes\u00e3o), die Brot- und Korbflechterei-Workshops und die Pflanzaktionen von Mandelb\u00e4umen, an denen mehr als f\u00fcnfzig Handwerker beteiligt sind.<\/p>\n\n<p><strong>Der Eintritt ist f\u00fcr Kinder bis 10 Jahre kostenlos<\/strong>, kostet 2,50 Euro f\u00fcr 11- bis 14-J\u00e4hrige und 4 Euro f\u00fcr Erwachsene. Tickets sind vor Ort und online unter <a href=\"https:\/\/fafa.bol.pt\/\" target=\"_blank\" rel=\"noreferrer noopener\">https:\/\/fafa.bol.pt\/<\/a> erh\u00e4ltlich.<\/p>\n\n<p><strong>Das Mandelbl\u00fctenfest ist eine Initiative der ARCDAA<\/strong>, mit Unterst\u00fctzung der Gemeinde Castro Marim und des Gemeinderats von Odeleite sowie in Zusammenarbeit mit der Tourismusregion Algarve<strong>. Die Ausgabe 2026 wird zudem durch das Projekt \u201eCultura aos Montes\u201c finanziert<\/strong>, unterst\u00fctzt durch europ\u00e4ische Fonds im Rahmen des Regionalprogramms ALGARVE2030 und des Programms zur F\u00f6rderung von Kunst und Handwerk des IEFP.<\/p>\n\n<p><strong>Informationen und Programm unter<\/strong> <a href=\"https:\/\/fafa.pt\/de\/\" target=\"_blank\" rel=\"noreferrer noopener\">https:\/\/fafa.pt\/<\/a><\/p>\n\t\t\t\t\t\t\t\t<\/div>\n\t\t\t\t\t<\/div>\n\t\t\t\t<\/div>\n\t\t\t\t<\/div>\n\t\t","protected":false},"excerpt":{"rendered":"<p>FAFA ER\u00d6FFNET DIE VERANSTALTUNGSSAISON 2026 IM ALGARVE-GEBIRGE Der Bergkamm von Alta Mora ist vom 6. bis 8. Februar 2026 wieder das Epizentrum der f\u00fcnften Ausgabe des Mandelbl\u00fctenfestes (Festival das Amendoeiras em Flor) und markiert den Auftakt des regionalen Veranstaltungskalenders in einer Zeit, die traditionell von Saisonalit\u00e4t gepr\u00e4gt ist. Erstellt und gef\u00f6rdert von der Associa\u00e7\u00e3o Recreativa, [&hellip;]<\/p>\n","protected":false},"author":1,"featured_media":553,"parent":0,"menu_order":0,"comment_status":"closed","ping_status":"closed","template":"","meta":{"footnotes":""},"class_list":["post-552","page","type-page","status-publish","has-post-thumbnail","hentry"],"_hostinger_reach_plugin_has_subscription_block":false,"_hostinger_reach_plugin_is_elementor":false,"_links":{"self":[{"href":"https:\/\/fafa.pt\/de\/wp-json\/wp\/v2\/pages\/552","targetHints":{"allow":["GET"]}}],"collection":[{"href":"https:\/\/fafa.pt\/de\/wp-json\/wp\/v2\/pages"}],"about":[{"href":"https:\/\/fafa.pt\/de\/wp-json\/wp\/v2\/types\/page"}],"author":[{"embeddable":true,"href":"https:\/\/fafa.pt\/de\/wp-json\/wp\/v2\/users\/1"}],"replies":[{"embeddable":true,"href":"https:\/\/fafa.pt\/de\/wp-json\/wp\/v2\/comments?post=552"}],"version-history":[{"count":3,"href":"https:\/\/fafa.pt\/de\/wp-json\/wp\/v2\/pages\/552\/revisions"}],"predecessor-version":[{"id":556,"href":"https:\/\/fafa.pt\/de\/wp-json\/wp\/v2\/pages\/552\/revisions\/556"}],"wp:featuredmedia":[{"embeddable":true,"href":"https:\/\/fafa.pt\/de\/wp-json\/wp\/v2\/media\/553"}],"wp:attachment":[{"href":"https:\/\/fafa.pt\/de\/wp-json\/wp\/v2\/media?parent=552"}],"curies":[{"name":"wp","href":"https:\/\/api.w.org\/{rel}","templated":true}]}}