{"id":268,"date":"2025-12-30T08:17:02","date_gmt":"2025-12-30T08:17:02","guid":{"rendered":"https:\/\/fafa.pt\/nota-de-prensa\/"},"modified":"2026-01-13T19:28:14","modified_gmt":"2026-01-13T19:28:14","slug":"nota-de-prensa","status":"publish","type":"page","link":"https:\/\/fafa.pt\/es\/nota-de-prensa\/","title":{"rendered":"Nota de Prensa"},"content":{"rendered":"\t\t<div data-elementor-type=\"wp-page\" data-elementor-id=\"268\" class=\"elementor elementor-268 elementor-237\" data-elementor-post-type=\"page\">\n\t\t\t\t<div class=\"elementor-element elementor-element-2afa6c65 e-flex e-con-boxed e-con e-parent\" data-id=\"2afa6c65\" data-element_type=\"container\" data-settings=\"{&quot;jet_parallax_layout_list&quot;:[]}\">\n\t\t\t\t\t<div class=\"e-con-inner\">\n\t\t\t\t<div class=\"elementor-element elementor-element-22c19b9 elementor-widget elementor-widget-heading\" data-id=\"22c19b9\" data-element_type=\"widget\" data-widget_type=\"heading.default\">\n\t\t\t\t\t<h2 class=\"elementor-heading-title elementor-size-default\">Nota de Prensa<\/h2>\t\t\t\t<\/div>\n\t\t\t\t<div class=\"elementor-element elementor-element-7791d5d1 elementor-widget elementor-widget-text-editor\" data-id=\"7791d5d1\" data-element_type=\"widget\" data-widget_type=\"text-editor.default\">\n\t\t\t\t\t\t\t\t\t<p><strong>FAFA INAUGURA LA TEMPORADA DE EVENTOS DE 2026 EN LA SIERRA DEL ALGARVE<\/strong><\/p><p><strong>La cumbre de Alta Mora vuelve a ser, del 6 al 8 de febrero de 2026, el epicentro de la quinta edici\u00f3n del Festival de los Almendros en Flor y marca el inicio del calendario regional de eventos, en un periodo tradicionalmente marcado por la estacionalidad.<\/strong><\/p><p>Creado y promovido por la Asociaci\u00f3n Recreativa, Cultural y Deportiva de los Amigos de Alta Mora (ARCDAA), <strong>el festival se consolida como un proyecto vertebrador de puesta en valor del territorio, articulando patrimonio natural, identidad cultural y disfrute tur\u00edstico.<\/strong> A lo largo de tres d\u00edas, residentes, visitantes y senderistas recorren la sierra en plena floraci\u00f3n de los almendros, en uno de los marcos paisaj\u00edsticos m\u00e1s distintivos del interior del Algarve.<\/p><p><strong>El senderismo, y el disfrute del manto blanco y rosa del paisaje serrano, se mantiene como eje central del evento<\/strong>, con cuatro recorridos se\u00f1alizados de 6, 9, 12 y 20 kil\u00f3metros, adecuados a diferentes perfiles de participantes, con <a href=\"https:\/\/docs.google.com\/forms\/u\/0\/d\/1VjQypE4Jlpa9Ewwn9EiJbTuv62k0HiN1VDXonhRg3TU\/viewform?urp=gmail_link&amp;edit_requested=true\" target=\"_blank\" rel=\"noreferrer noopener\">inscripci\u00f3n obligatoria AQU\u00cd.<\/a><\/p><p><strong>La programaci\u00f3n art\u00edstica cruza tradici\u00f3n, etnograf\u00eda, m\u00fasica popular, <em>folk y world music<\/em>.<\/strong> En 2026, el circuito de las m\u00fasicas del mundo integra al Coletivo Capela, Malino, Eir\u00f3, Nuno Carpinteiro y Rub\u00e9n D\u00edez, Mar de Fora, DJ Catadiscos y a Cantadeira, junto a la animaci\u00f3n de calle con Sofia Piment\u00e3o, Malatitsch, Serrabecos, Al-Fanfare y Bando dos Quatro. La m\u00fasica popular y tradicional estar\u00e1 representada por el Grupo Chulada da Ponte Velha, Recanto y Bela Banda, con Filipe Santos y Filipe Silva en la guitarra portuguesa y Silvino Campos en el acorde\u00f3n, mientras que la vertiente etnogr\u00e1fica incluye el Rancho Folcl\u00f3rico do Azinhal y el Grupo Coral y Etnogr\u00e1fico Vozes de Almod\u00f4var.<\/p><p><strong>La dimensi\u00f3n performativa y comunitaria se mantiene con <\/strong>el espect\u00e1culo de marionetas \u00abLa leyenda de los almendros en flor\u00bb, danza por las ARUTLA del Clube Recreativo Alturense y la exposici\u00f3n \u00abLa mirada de nuestra gente\u00bb de la autor\u00eda de los mayores de Alta Mora en colaboraci\u00f3n con la Asociaci\u00f3n \u00bc escuro, complementadas por programaci\u00f3n infantil dedicada.<\/p><p>El componente gastron\u00f3mico destaca con <strong>la tarta gigante de almendra, que en esta edici\u00f3n alcanzar\u00e1 los 44 metros<\/strong>, en colaboraci\u00f3n con la Escuela de Hosteler\u00eda y Turismo de Vila Real de Santo Ant\u00f3nio, as\u00ed como con el mercado callejero, la Aldea del Artesano, los talleres de pan y cester\u00eda y los talleres de plantaci\u00f3n de almendros, involucrando a m\u00e1s de cincuenta artesanos.<\/p><p><strong>La entrada es gratuita para ni\u00f1os hasta los 10 a\u00f1os<\/strong>, costando 2,50 euros de los 11 a los 14 a\u00f1os y 4 euros para adultos, estando las entradas disponibles en el recinto y online en <a href=\"https:\/\/fafa.bol.pt\/\" target=\"_blank\" rel=\"noreferrer noopener\">https:\/\/fafa.bol.pt\/<\/a>.<\/p><p><strong>El Festival de los Almendros en Flor es una iniciativa de la ARCDAA<\/strong>, con el apoyo del Municipio de Castro Marim y de la Junta de Freguesia de Odeleite, y la colaboraci\u00f3n de la Regi\u00f3n de Turismo del Algarve<strong>. La edici\u00f3n de 2026 cuenta adem\u00e1s con la financiaci\u00f3n del proyecto \u201cCultura aos Montes\u201d<\/strong>, apoyado por los Fondos Europeos, en el \u00e1mbito del Programa Regional ALGARVE2030 y del Programa de Promoci\u00f3n de las Artes y Oficios del IEFP.<\/p><p><strong>Informaci\u00f3n y Programa en<\/strong> <a href=\"https:\/\/fafa.pt\/es\/\" target=\"_blank\" rel=\"noreferrer noopener\">https:\/\/fafa.pt\/<\/a><\/p>\t\t\t\t\t\t\t\t<\/div>\n\t\t\t\t\t<\/div>\n\t\t\t\t<\/div>\n\t\t\t\t<\/div>\n\t\t","protected":false},"excerpt":{"rendered":"<p>FAFA INAUGURA LA TEMPORADA DE EVENTOS DE 2026 EN LA SIERRA DEL ALGARVE La cumbre de Alta Mora vuelve a ser, del 6 al 8 de febrero de 2026, el epicentro de la quinta edici\u00f3n del Festival de los Almendros en Flor y marca el inicio del calendario regional de eventos, en un periodo tradicionalmente [&hellip;]<\/p>\n","protected":false},"author":1,"featured_media":269,"parent":0,"menu_order":0,"comment_status":"closed","ping_status":"closed","template":"","meta":{"footnotes":""},"class_list":["post-268","page","type-page","status-publish","has-post-thumbnail","hentry"],"_hostinger_reach_plugin_has_subscription_block":false,"_hostinger_reach_plugin_is_elementor":false,"_links":{"self":[{"href":"https:\/\/fafa.pt\/es\/wp-json\/wp\/v2\/pages\/268","targetHints":{"allow":["GET"]}}],"collection":[{"href":"https:\/\/fafa.pt\/es\/wp-json\/wp\/v2\/pages"}],"about":[{"href":"https:\/\/fafa.pt\/es\/wp-json\/wp\/v2\/types\/page"}],"author":[{"embeddable":true,"href":"https:\/\/fafa.pt\/es\/wp-json\/wp\/v2\/users\/1"}],"replies":[{"embeddable":true,"href":"https:\/\/fafa.pt\/es\/wp-json\/wp\/v2\/comments?post=268"}],"version-history":[{"count":6,"href":"https:\/\/fafa.pt\/es\/wp-json\/wp\/v2\/pages\/268\/revisions"}],"predecessor-version":[{"id":524,"href":"https:\/\/fafa.pt\/es\/wp-json\/wp\/v2\/pages\/268\/revisions\/524"}],"wp:featuredmedia":[{"embeddable":true,"href":"https:\/\/fafa.pt\/es\/wp-json\/wp\/v2\/media\/269"}],"wp:attachment":[{"href":"https:\/\/fafa.pt\/es\/wp-json\/wp\/v2\/media?parent=268"}],"curies":[{"name":"wp","href":"https:\/\/api.w.org\/{rel}","templated":true}]}}