{"id":359,"date":"2025-12-19T11:32:55","date_gmt":"2025-12-19T11:32:55","guid":{"rendered":"https:\/\/fafa.pt\/inicio\/"},"modified":"2026-02-15T15:37:32","modified_gmt":"2026-02-15T15:37:32","slug":"inicio","status":"publish","type":"page","link":"https:\/\/fafa.pt\/es\/","title":{"rendered":"Inicio"},"content":{"rendered":"\t\t<div data-elementor-type=\"wp-page\" data-elementor-id=\"359\" class=\"elementor elementor-359 elementor-29\" data-elementor-post-type=\"page\">\n\t\t\t\t<div class=\"elementor-element elementor-element-7f5a662 e-flex e-con-boxed e-con e-parent\" data-id=\"7f5a662\" data-element_type=\"container\" data-settings=\"{&quot;background_background&quot;:&quot;slideshow&quot;,&quot;background_slideshow_gallery&quot;:[{&quot;id&quot;:361,&quot;url&quot;:&quot;https:\\\/\\\/fafa.pt\\\/wp-content\\\/uploads\\\/2025\\\/12\\\/fafa_google_form_banner2-YyvZL2ynJbUV5ex6-scaled.webp&quot;}],&quot;jet_parallax_layout_list&quot;:[],&quot;background_slideshow_loop&quot;:&quot;yes&quot;,&quot;background_slideshow_slide_duration&quot;:5000,&quot;background_slideshow_slide_transition&quot;:&quot;fade&quot;,&quot;background_slideshow_transition_duration&quot;:500}\">\n\t\t\t\t\t<div class=\"e-con-inner\">\n\t\t\t\t<div class=\"elementor-element elementor-element-030e3f5 elementor-widget__width-initial elementor-widget elementor-widget-heading\" data-id=\"030e3f5\" data-element_type=\"widget\" data-widget_type=\"heading.default\">\n\t\t\t\t\t<h1 class=\"elementor-heading-title elementor-size-default\">Festival de los Almendros en Flor del Algarve 2026<\/h1>\t\t\t\t<\/div>\n\t\t\t\t<div class=\"elementor-element elementor-element-6e68c76 elementor-widget__width-initial elementor-widget elementor-widget-heading\" data-id=\"6e68c76\" data-element_type=\"widget\" data-widget_type=\"heading.default\">\n\t\t\t\t\t<h2 class=\"elementor-heading-title elementor-size-default\">20, 21, 22 de febrero de 2026<\/h2>\t\t\t\t<\/div>\n\t\t<div class=\"elementor-element elementor-element-ad8e901 e-con-full e-flex e-con e-child\" data-id=\"ad8e901\" data-element_type=\"container\" data-settings=\"{&quot;jet_parallax_layout_list&quot;:[]}\">\n\t\t\t\t<div class=\"elementor-element elementor-element-2040b31 elementor-align-justify elementor-widget__width-initial elementor-widget elementor-widget-button\" data-id=\"2040b31\" data-element_type=\"widget\" data-widget_type=\"button.default\">\n\t\t\t\t\t\t\t\t\t\t<a class=\"elementor-button elementor-button-link elementor-size-sm\" href=\"https:\/\/fafa.bol.pt\/\" id=\"CTA2-tickets\" target=\"_blank\" rel=\"noopener\">\n\t\t\t\t\t\t<span class=\"elementor-button-content-wrapper\">\n\t\t\t\t\t\t\t\t\t<span class=\"elementor-button-text\">Comprar entradas<\/span>\n\t\t\t\t\t<\/span>\n\t\t\t\t\t<\/a>\n\t\t\t\t\t\t\t\t<\/div>\n\t\t\t\t<div class=\"elementor-element elementor-element-b09ba0e elementor-align-justify elementor-widget__width-initial elementor-widget elementor-widget-button\" data-id=\"b09ba0e\" data-element_type=\"widget\" data-widget_type=\"button.default\">\n\t\t\t\t\t\t\t\t\t\t<a class=\"elementor-button elementor-button-link elementor-size-sm\" href=\"https:\/\/docs.google.com\/forms\/d\/1VjQypE4Jlpa9Ewwn9EiJbTuv62k0HiN1VDXonhRg3TU\/viewform?edit_requested=true\" target=\"_blank\" id=\"CTA2-tickets\" rel=\"noopener\">\n\t\t\t\t\t\t<span class=\"elementor-button-content-wrapper\">\n\t\t\t\t\t\t\t\t\t<span class=\"elementor-button-text\">Senderismo<\/span>\n\t\t\t\t\t<\/span>\n\t\t\t\t\t<\/a>\n\t\t\t\t\t\t\t\t<\/div>\n\t\t\t\t<div class=\"elementor-element elementor-element-5eadd08 elementor-align-justify elementor-widget__width-initial elementor-widget elementor-widget-button\" data-id=\"5eadd08\" data-element_type=\"widget\" data-widget_type=\"button.default\">\n\t\t\t\t\t\t\t\t\t\t<a class=\"elementor-button elementor-button-link elementor-size-sm\" href=\"https:\/\/docs.google.com\/forms\/d\/1W0P0Vvez6XYSLzjDa4qD-GL9d-uYkY5dzR1EZIUvYPU\/viewform?edit_requested=true\" target=\"_blank\" id=\"CTA2-tickets\" rel=\"noopener\">\n\t\t\t\t\t\t<span class=\"elementor-button-content-wrapper\">\n\t\t\t\t\t\t\t\t\t<span class=\"elementor-button-text\">Workshops<\/span>\n\t\t\t\t\t<\/span>\n\t\t\t\t\t<\/a>\n\t\t\t\t\t\t\t\t<\/div>\n\t\t\t\t<\/div>\n\t\t\t\t\t<\/div>\n\t\t\t\t<\/div>\n\t\t<div class=\"elementor-element elementor-element-0006ea0 e-flex e-con-boxed e-con e-parent\" data-id=\"0006ea0\" data-element_type=\"container\" data-settings=\"{&quot;jet_parallax_layout_list&quot;:[]}\">\n\t\t\t\t\t<div class=\"e-con-inner\">\n\t\t<div class=\"elementor-element elementor-element-2820a28 e-con-full e-flex e-con e-child\" data-id=\"2820a28\" data-element_type=\"container\" data-settings=\"{&quot;jet_parallax_layout_list&quot;:[]}\">\n\t\t\t\t<div class=\"elementor-element elementor-element-415c94f elementor-widget elementor-widget-heading\" data-id=\"415c94f\" data-element_type=\"widget\" data-widget_type=\"heading.default\">\n\t\t\t\t\t<h2 class=\"elementor-heading-title elementor-size-default\">Sobre el Festival de los Almendros en Flor del Algarve<\/h2>\t\t\t\t<\/div>\n\t\t\t\t<div class=\"elementor-element elementor-element-822d671 elementor-widget__width-initial elementor-widget-mobile__width-initial elementor-widget elementor-widget-text-editor\" data-id=\"822d671\" data-element_type=\"widget\" data-widget_type=\"text-editor.default\">\n\t\t\t\t\t\t\t\t\t<p>Descubra la magia del Festival del Almendro en Flor, un evento que celebra la belleza del Algarve con actividades, talleres y mucho m\u00e1s.<\/p>\n\t\t\t\t\t\t\t\t<\/div>\n\t\t\t\t<div class=\"elementor-element elementor-element-02e11d1 elementor-widget elementor-widget-button\" data-id=\"02e11d1\" data-element_type=\"widget\" data-widget_type=\"button.default\">\n\t\t\t\t\t\t\t\t\t\t<a class=\"elementor-button elementor-button-link elementor-size-sm\" href=\"https:\/\/fafa.pt\/es\/historia\/\">\n\t\t\t\t\t\t<span class=\"elementor-button-content-wrapper\">\n\t\t\t\t\t\t\t\t\t<span class=\"elementor-button-text\">Conozca el festival<\/span>\n\t\t\t\t\t<\/span>\n\t\t\t\t\t<\/a>\n\t\t\t\t\t\t\t\t<\/div>\n\t\t\t\t<div class=\"elementor-element elementor-element-ea47872 elementor-align-justify elementor-widget__width-initial elementor-widget elementor-widget-button\" data-id=\"ea47872\" data-element_type=\"widget\" data-widget_type=\"button.default\">\n\t\t\t\t\t\t\t\t\t\t<a class=\"elementor-button elementor-button-link elementor-size-sm\" href=\"mailto:festivalamendoeirasemflor@gmail.com?subject=Inscri\u00e7\u00e3o%20no%20Mercado%20de%20Rua%20-%20FAFA%202026\" target=\"_blank\" id=\"CTA3-mercado-de-rua\">\n\t\t\t\t\t\t<span class=\"elementor-button-content-wrapper\">\n\t\t\t\t\t\t\t\t\t<span class=\"elementor-button-text\">Mercado callejero<\/span>\n\t\t\t\t\t<\/span>\n\t\t\t\t\t<\/a>\n\t\t\t\t\t\t\t\t<\/div>\n\t\t\t\t<\/div>\n\t\t<div class=\"elementor-element elementor-element-71a27ab e-con-full e-flex e-con e-child\" data-id=\"71a27ab\" data-element_type=\"container\" data-settings=\"{&quot;background_background&quot;:&quot;slideshow&quot;,&quot;background_slideshow_gallery&quot;:[{&quot;id&quot;:362,&quot;url&quot;:&quot;https:\\\/\\\/fafa.pt\\\/wp-content\\\/uploads\\\/2025\\\/12\\\/preparacissaio-fafa20243-ALp7XxlMNNcgL51Z.avif&quot;}],&quot;jet_parallax_layout_list&quot;:[],&quot;background_slideshow_loop&quot;:&quot;yes&quot;,&quot;background_slideshow_slide_duration&quot;:5000,&quot;background_slideshow_slide_transition&quot;:&quot;fade&quot;,&quot;background_slideshow_transition_duration&quot;:500}\">\n\t\t<div class=\"elementor-element elementor-element-ef5b7b7 e-con-full e-flex e-con e-child\" data-id=\"ef5b7b7\" data-element_type=\"container\" data-settings=\"{&quot;background_background&quot;:&quot;classic&quot;,&quot;position&quot;:&quot;absolute&quot;,&quot;jet_parallax_layout_list&quot;:[]}\">\n\t\t\t\t<div class=\"elementor-element elementor-element-a7eef7c elementor-widget__width-initial elementor-widget elementor-widget-counter\" data-id=\"a7eef7c\" data-element_type=\"widget\" data-widget_type=\"counter.default\">\n\t\t\t\t\t\t\t<div class=\"elementor-counter\">\n\t\t\t<div class=\"elementor-counter-title\">Visitantes<\/div>\t\t\t<div class=\"elementor-counter-number-wrapper\">\n\t\t\t\t<span class=\"elementor-counter-number-prefix\">+ <\/span>\n\t\t\t\t<span class=\"elementor-counter-number\" data-duration=\"2000\" data-to-value=\"20000\" data-from-value=\"0\" data-delimiter=\",\">0<\/span>\n\t\t\t\t<span class=\"elementor-counter-number-suffix\"><\/span>\n\t\t\t<\/div>\n\t\t<\/div>\n\t\t\t\t\t\t<\/div>\n\t\t\t\t<div class=\"elementor-element elementor-element-3a0bf7b elementor-widget elementor-widget-counter\" data-id=\"3a0bf7b\" data-element_type=\"widget\" data-widget_type=\"counter.default\">\n\t\t\t\t\t\t\t<div class=\"elementor-counter\">\n\t\t\t<div class=\"elementor-counter-title\">Desde<\/div>\t\t\t<div class=\"elementor-counter-number-wrapper\">\n\t\t\t\t<span class=\"elementor-counter-number-prefix\"><\/span>\n\t\t\t\t<span class=\"elementor-counter-number\" data-duration=\"2000\" data-to-value=\"2022\" data-from-value=\"2020\">2020<\/span>\n\t\t\t\t<span class=\"elementor-counter-number-suffix\"><\/span>\n\t\t\t<\/div>\n\t\t<\/div>\n\t\t\t\t\t\t<\/div>\n\t\t\t\t<\/div>\n\t\t\t\t<\/div>\n\t\t\t\t\t<\/div>\n\t\t\t\t<\/div>\n\t\t<div class=\"elementor-element elementor-element-7f5013e e-flex e-con-boxed e-con e-parent\" data-id=\"7f5013e\" data-element_type=\"container\" data-settings=\"{&quot;background_background&quot;:&quot;classic&quot;,&quot;jet_parallax_layout_list&quot;:[]}\">\n\t\t\t\t\t<div class=\"e-con-inner\">\n\t\t<div class=\"elementor-element elementor-element-362aca3 e-con-full e-flex e-con e-child\" data-id=\"362aca3\" data-element_type=\"container\" data-settings=\"{&quot;jet_parallax_layout_list&quot;:[]}\">\n\t\t\t\t<div class=\"elementor-element elementor-element-652db56 elementor-widget elementor-widget-video\" data-id=\"652db56\" data-element_type=\"widget\" data-settings=\"{&quot;youtube_url&quot;:&quot;https:\\\/\\\/youtu.be\\\/rtbkdVZ1BYc&quot;,&quot;video_type&quot;:&quot;youtube&quot;,&quot;controls&quot;:&quot;yes&quot;}\" data-widget_type=\"video.default\">\n\t\t\t\t\t\t\t<div class=\"elementor-wrapper elementor-open-inline\">\n\t\t\t<div class=\"elementor-video\"><\/div>\t\t<\/div>\n\t\t\t\t\t\t<\/div>\n\t\t\t\t<\/div>\n\t\t<div class=\"elementor-element elementor-element-85534f9 e-con-full e-flex e-con e-child\" data-id=\"85534f9\" data-element_type=\"container\" data-settings=\"{&quot;jet_parallax_layout_list&quot;:[]}\">\n\t\t\t\t<div class=\"elementor-element elementor-element-4384e4f elementor-widget__width-initial elementor-widget elementor-widget-heading\" data-id=\"4384e4f\" data-element_type=\"widget\" data-widget_type=\"heading.default\">\n\t\t\t\t\t<h3 class=\"elementor-heading-title elementor-size-default\">\u00a1Prep\u00e1rese para vivir un fin de semana m\u00e1gico en Alta Mora!<\/h3>\t\t\t\t<\/div>\n\t\t\t\t<div class=\"elementor-element elementor-element-8110bab elementor-widget__width-initial elementor-widget elementor-widget-text-editor\" data-id=\"8110bab\" data-element_type=\"widget\" data-widget_type=\"text-editor.default\">\n\t\t\t\t\t\t\t\t\t<p><strong>20, 21, 22 de febrero<\/strong>, el <strong>Festival de los Almendros en Flor<\/strong> celebra las ra\u00edces y tradiciones de la sierra algarv\u00eda con m\u00fasica, gastronom\u00eda, artesan\u00eda y mucho m\u00e1s. \ud83c\udf38<\/p>\n\t\t\t\t\t\t\t\t<\/div>\n\t\t\t\t<\/div>\n\t\t\t\t\t<\/div>\n\t\t\t\t<\/div>\n\t\t<div class=\"elementor-element elementor-element-b8598b3 e-flex e-con-boxed e-con e-parent\" data-id=\"b8598b3\" data-element_type=\"container\" data-settings=\"{&quot;jet_parallax_layout_list&quot;:[]}\">\n\t\t\t\t\t<div class=\"e-con-inner\">\n\t\t\t\t<div class=\"elementor-element elementor-element-2e2023a elementor-widget elementor-widget-heading\" data-id=\"2e2023a\" data-element_type=\"widget\" data-widget_type=\"heading.default\">\n\t\t\t\t\t<h2 class=\"elementor-heading-title elementor-size-default\">Mapa del Festival<\/h2>\t\t\t\t<\/div>\n\t\t\t\t<div class=\"elementor-element elementor-element-fa29a4c elementor-widget elementor-widget-image\" data-id=\"fa29a4c\" data-element_type=\"widget\" data-widget_type=\"image.default\">\n\t\t\t\t\t\t\t\t\t\t\t\t\t\t\t<img fetchpriority=\"high\" decoding=\"async\" width=\"1920\" height=\"1357\" src=\"https:\/\/fafa.pt\/wp-content\/uploads\/2025\/12\/planta-fafa-flor-2025-dJo55ZXOOWup84zW.webp\" class=\"attachment-full size-full wp-image-360\" alt=\"\" srcset=\"https:\/\/fafa.pt\/wp-content\/uploads\/2025\/12\/planta-fafa-flor-2025-dJo55ZXOOWup84zW.webp 1920w, https:\/\/fafa.pt\/wp-content\/uploads\/2025\/12\/planta-fafa-flor-2025-dJo55ZXOOWup84zW-300x212.webp 300w, https:\/\/fafa.pt\/wp-content\/uploads\/2025\/12\/planta-fafa-flor-2025-dJo55ZXOOWup84zW-1024x724.webp 1024w, https:\/\/fafa.pt\/wp-content\/uploads\/2025\/12\/planta-fafa-flor-2025-dJo55ZXOOWup84zW-768x543.webp 768w, https:\/\/fafa.pt\/wp-content\/uploads\/2025\/12\/planta-fafa-flor-2025-dJo55ZXOOWup84zW-1536x1086.webp 1536w\" sizes=\"(max-width: 1920px) 100vw, 1920px\" \/>\t\t\t\t\t\t\t\t\t\t\t\t\t\t\t<\/div>\n\t\t\t\t\t<\/div>\n\t\t\t\t<\/div>\n\t\t<div class=\"elementor-element elementor-element-d9d7a26 e-flex e-con-boxed e-con e-parent\" data-id=\"d9d7a26\" data-element_type=\"container\" data-settings=\"{&quot;jet_parallax_layout_list&quot;:[]}\">\n\t\t\t\t\t<div class=\"e-con-inner\">\n\t\t<div class=\"elementor-element elementor-element-359890d e-con-full e-flex e-con e-child\" data-id=\"359890d\" data-element_type=\"container\" data-settings=\"{&quot;jet_parallax_layout_list&quot;:[]}\">\n\t\t\t\t<div class=\"elementor-element elementor-element-bc3ca4a elementor-widget elementor-widget-heading\" data-id=\"bc3ca4a\" data-element_type=\"widget\" data-widget_type=\"heading.default\">\n\t\t\t\t\t<h2 class=\"elementor-heading-title elementor-size-default\">Ubicaci\u00f3n<\/h2>\t\t\t\t<\/div>\n\t\t\t\t<div class=\"elementor-element elementor-element-a50bba5 elementor-widget__width-initial elementor-widget elementor-widget-text-editor\" data-id=\"a50bba5\" data-element_type=\"widget\" data-widget_type=\"text-editor.default\">\n\t\t\t\t\t\t\t\t\t<p>El Festival de los Almendros en Flor se celebra en Alta Mora, Castro Marim, celebrando la belleza y la cultura de la regi\u00f3n.<\/p>\n\t\t\t\t\t\t\t\t<\/div>\n\t\t<div class=\"elementor-element elementor-element-066eff7 e-con-full e-flex e-con e-child\" data-id=\"066eff7\" data-element_type=\"container\" data-settings=\"{&quot;jet_parallax_layout_list&quot;:[]}\">\n\t\t\t\t<div class=\"elementor-element elementor-element-028fc5d elementor-widget elementor-widget-heading\" data-id=\"028fc5d\" data-element_type=\"widget\" data-widget_type=\"heading.default\">\n\t\t\t\t\t<h5 class=\"elementor-heading-title elementor-size-default\">Direcci\u00f3n<\/h5>\t\t\t\t<\/div>\n\t\t\t\t<div class=\"elementor-element elementor-element-e91fb27 elementor-widget elementor-widget-heading\" data-id=\"e91fb27\" data-element_type=\"widget\" data-widget_type=\"heading.default\">\n\t\t\t\t\t<h3 class=\"elementor-heading-title elementor-size-default\">Alta Mora, Castro Marim<\/h3>\t\t\t\t<\/div>\n\t\t\t\t<\/div>\n\t\t<div class=\"elementor-element elementor-element-f6947ff e-con-full e-flex e-con e-child\" data-id=\"f6947ff\" data-element_type=\"container\" data-settings=\"{&quot;jet_parallax_layout_list&quot;:[]}\">\n\t\t\t\t<div class=\"elementor-element elementor-element-69b16a0 elementor-widget elementor-widget-heading\" data-id=\"69b16a0\" data-element_type=\"widget\" data-widget_type=\"heading.default\">\n\t\t\t\t\t<h5 class=\"elementor-heading-title elementor-size-default\">D\u00edas<\/h5>\t\t\t\t<\/div>\n\t\t\t\t<div class=\"elementor-element elementor-element-5fe1078 elementor-widget elementor-widget-heading\" data-id=\"5fe1078\" data-element_type=\"widget\" data-widget_type=\"heading.default\">\n\t\t\t\t\t<h3 class=\"elementor-heading-title elementor-size-default\">20, 21, 22 de febrero de 2026<\/h3>\t\t\t\t<\/div>\n\t\t\t\t<\/div>\n\t\t\t\t<\/div>\n\t\t<div class=\"elementor-element elementor-element-c89c024 e-con-full e-flex e-con e-child\" data-id=\"c89c024\" data-element_type=\"container\" data-settings=\"{&quot;jet_parallax_layout_list&quot;:[]}\">\n\t\t\t\t<div class=\"elementor-element elementor-element-d0a0912 elementor-widget elementor-widget-google_maps\" data-id=\"d0a0912\" data-element_type=\"widget\" data-widget_type=\"google_maps.default\">\n\t\t\t\t\t\t\t<div class=\"elementor-custom-embed\">\n\t\t\t<iframe loading=\"lazy\"\n\t\t\t\t\tsrc=\"https:\/\/maps.google.com\/maps?q=37%C2%B018%2721.6%22N%207%C2%B035%2733.3%22W&#038;t=m&#038;z=14&#038;output=embed&#038;iwloc=near\"\n\t\t\t\t\ttitle=\"37\u00b018&#039;21.6&quot;N 7\u00b035&#039;33.3&quot;W\"\n\t\t\t\t\taria-label=\"37\u00b018&#039;21.6&quot;N 7\u00b035&#039;33.3&quot;W\"\n\t\t\t><\/iframe>\n\t\t<\/div>\n\t\t\t\t\t\t<\/div>\n\t\t\t\t<\/div>\n\t\t\t\t\t<\/div>\n\t\t\t\t<\/div>\n\t\t\t\t<\/div>\n\t\t","protected":false},"excerpt":{"rendered":"<p>Festival de los Almendros en Flor del Algarve 2026 20, 21, 22 de febrero de 2026 Comprar entradas Senderismo Workshops Sobre el Festival de los Almendros en Flor del Algarve Descubra la magia del Festival del Almendro en Flor, un evento que celebra la belleza del Algarve con actividades, talleres y mucho m\u00e1s. Conozca el [&hellip;]<\/p>\n","protected":false},"author":1,"featured_media":830,"parent":0,"menu_order":0,"comment_status":"closed","ping_status":"closed","template":"","meta":{"footnotes":""},"class_list":["post-359","page","type-page","status-publish","has-post-thumbnail","hentry"],"_hostinger_reach_plugin_has_subscription_block":false,"_hostinger_reach_plugin_is_elementor":false,"_links":{"self":[{"href":"https:\/\/fafa.pt\/es\/wp-json\/wp\/v2\/pages\/359","targetHints":{"allow":["GET"]}}],"collection":[{"href":"https:\/\/fafa.pt\/es\/wp-json\/wp\/v2\/pages"}],"about":[{"href":"https:\/\/fafa.pt\/es\/wp-json\/wp\/v2\/types\/page"}],"author":[{"embeddable":true,"href":"https:\/\/fafa.pt\/es\/wp-json\/wp\/v2\/users\/1"}],"replies":[{"embeddable":true,"href":"https:\/\/fafa.pt\/es\/wp-json\/wp\/v2\/comments?post=359"}],"version-history":[{"count":4,"href":"https:\/\/fafa.pt\/es\/wp-json\/wp\/v2\/pages\/359\/revisions"}],"predecessor-version":[{"id":805,"href":"https:\/\/fafa.pt\/es\/wp-json\/wp\/v2\/pages\/359\/revisions\/805"}],"wp:featuredmedia":[{"embeddable":true,"href":"https:\/\/fafa.pt\/es\/wp-json\/wp\/v2\/media\/830"}],"wp:attachment":[{"href":"https:\/\/fafa.pt\/es\/wp-json\/wp\/v2\/media?parent=359"}],"curies":[{"name":"wp","href":"https:\/\/api.w.org\/{rel}","templated":true}]}}