{"id":364,"date":"2025-12-19T12:06:31","date_gmt":"2025-12-19T12:06:31","guid":{"rendered":"https:\/\/fafa.pt\/historia\/"},"modified":"2026-01-13T19:27:18","modified_gmt":"2026-01-13T19:27:18","slug":"historia","status":"publish","type":"page","link":"https:\/\/fafa.pt\/es\/historia\/","title":{"rendered":"Historia"},"content":{"rendered":"\t\t<div data-elementor-type=\"wp-page\" data-elementor-id=\"364\" class=\"elementor elementor-364 elementor-57\" data-elementor-post-type=\"page\">\n\t\t\t\t<div class=\"elementor-element elementor-element-4efb314 e-flex e-con-boxed e-con e-parent\" data-id=\"4efb314\" data-element_type=\"container\" data-settings=\"{&quot;jet_parallax_layout_list&quot;:[]}\">\n\t\t\t\t\t<div class=\"e-con-inner\">\n\t\t\t\t<div class=\"elementor-element elementor-element-c0f601f elementor-widget elementor-widget-heading\" data-id=\"c0f601f\" data-element_type=\"widget\" data-widget_type=\"heading.default\">\n\t\t\t\t\t<h1 class=\"elementor-heading-title elementor-size-default\">Historia del Festival de los Almendros en Flor del Algarve en Alta Mora<\/h1>\t\t\t\t<\/div>\n\t\t\t\t<div class=\"elementor-element elementor-element-6f34410 elementor-widget elementor-widget-text-editor\" data-id=\"6f34410\" data-element_type=\"widget\" data-widget_type=\"text-editor.default\">\n\t\t\t\t\t\t\t\t\t<p class=\"body\" dir=\"auto\">El <strong>Festival de los Almendros en Flor del Algarve<\/strong> naci\u00f3 en 2020 como una iniciativa de la Associa\u00e7\u00e3o Recreativa, Cultural e Desportiva dos Amigos de Alta Mora (ARCDAA). El objetivo era promover el interior del Algarve, poniendo en valor su riqueza natural, cultural y etnogr\u00e1fica.<\/p>\n<p class=\"body\" dir=\"auto\">El tema central del festival, los <strong>Almendros en Flor<\/strong>, celebra una de las se\u00f1as de identidad m\u00e1s conocidas de la regi\u00f3n, inmortalizada en la famosa <em>Leyenda de los Almendros en Flor<\/em>.<\/p>\n\t\t\t\t\t\t\t\t<\/div>\n\t\t\t\t\t<\/div>\n\t\t\t\t<\/div>\n\t\t<div class=\"elementor-element elementor-element-f7c9e0b e-grid e-con-boxed e-con e-parent\" data-id=\"f7c9e0b\" data-element_type=\"container\" data-settings=\"{&quot;jet_parallax_layout_list&quot;:[]}\">\n\t\t\t\t\t<div class=\"e-con-inner\">\n\t\t<div class=\"elementor-element elementor-element-10a760c e-con-full e-flex e-con e-child\" data-id=\"10a760c\" data-element_type=\"container\" data-settings=\"{&quot;jet_parallax_layout_list&quot;:[]}\">\n\t\t\t\t<div class=\"elementor-element elementor-element-e6c5017 elementor-widget elementor-widget-heading\" data-id=\"e6c5017\" data-element_type=\"widget\" data-widget_type=\"heading.default\">\n\t\t\t\t\t<h4 class=\"elementor-heading-title elementor-size-default\">Evoluci\u00f3n del Festival<\/h4>\t\t\t\t<\/div>\n\t\t\t\t<div class=\"elementor-element elementor-element-300db3a elementor-widget elementor-widget-text-editor\" data-id=\"300db3a\" data-element_type=\"widget\" data-widget_type=\"text-editor.default\">\n\t\t\t\t\t\t\t\t\t<p>El evento tuvo su origen en las <strong>Rutas de Senderismo<\/strong>, organizadas por la ARCDAA desde 2005. Con un comienzo modesto, con cerca de 50 participantes, gan\u00f3 popularidad r\u00e1pidamente. En 2020, el festival alcanz\u00f3 un hito significativo, recibiendo a m\u00e1s de 1.000 senderistas, consolid\u00e1ndose como un evento cultural de referencia.<\/p>\n\t\t\t\t\t\t\t\t<\/div>\n\t\t\t\t<div class=\"elementor-element elementor-element-32f7213 elementor-widget elementor-widget-heading\" data-id=\"32f7213\" data-element_type=\"widget\" data-widget_type=\"heading.default\">\n\t\t\t\t\t<h4 class=\"elementor-heading-title elementor-size-default\">Impacto Cultural y Tur\u00edstico<\/h4>\t\t\t\t<\/div>\n\t\t\t\t<div class=\"elementor-element elementor-element-ef84369 elementor-widget elementor-widget-text-editor\" data-id=\"ef84369\" data-element_type=\"widget\" data-widget_type=\"text-editor.default\">\n\t\t\t\t\t\t\t\t\t<p>El Festival de los Almendros en Flor tiene como principal objetivo revitalizar una de las zonas m\u00e1s despobladas del interior del Algarve, combatiendo la desertificaci\u00f3n y promoviendo la identidad local. En cada edici\u00f3n, re\u00fane a miles de visitantes, consolid\u00e1ndose como un punto de encuentro cultural durante la temporada baja en el Algarve.<\/p>\n\t\t\t\t\t\t\t\t<\/div>\n\t\t\t\t<\/div>\n\t\t<div class=\"elementor-element elementor-element-bb76386 e-con-full e-flex e-con e-child\" data-id=\"bb76386\" data-element_type=\"container\" data-settings=\"{&quot;jet_parallax_layout_list&quot;:[]}\">\n\t\t\t\t<div class=\"elementor-element elementor-element-31d6350 elementor-widget elementor-widget-heading\" data-id=\"31d6350\" data-element_type=\"widget\" data-widget_type=\"heading.default\">\n\t\t\t\t\t<h4 class=\"elementor-heading-title elementor-size-default\">Experiencias y Actividades<\/h4>\t\t\t\t<\/div>\n\t\t\t\t<div class=\"elementor-element elementor-element-6c072bc elementor-widget elementor-widget-text-editor\" data-id=\"6c072bc\" data-element_type=\"widget\" data-widget_type=\"text-editor.default\">\n\t\t\t\t\t\t\t\t\t<p class=\"body\" dir=\"auto\">A lo largo de tres d\u00edas, los visitantes pueden disfrutar de:<\/p>\n<p class=\"body\" dir=\"auto\">\u2022 <strong>Rutas de senderismo<\/strong> por senderos rodeados de almendros en flor;<\/p>\n<p class=\"body\" dir=\"auto\">\u2022 <strong>Mercado Callejero<\/strong>, con decenas de productores y artesanos locales;<\/p>\n<p class=\"body\" dir=\"auto\">\u2022 La recreaci\u00f3n de la <strong>Aldea del Artesano<\/strong>, un espacio aut\u00e9ntico donde artesanos reviven t\u00e9cnicas tradicionales;<\/p>\n<p class=\"body\" dir=\"auto\">\u2022 <strong>Talleres y Workshops<\/strong>, incluyendo plantaci\u00f3n de almendros, elaboraci\u00f3n de pan y quesos tradicionales;<\/p>\n<p class=\"body\" dir=\"auto\">\u2022 Gastronom\u00eda t\u00edpica con un destaque especial para la <strong>tarta de almendra gigante<\/strong>, que crece 1 metro en cada edici\u00f3n (43 metros en 2025).<\/p>\n\t\t\t\t\t\t\t\t<\/div>\n\t\t\t\t<div class=\"elementor-element elementor-element-6169227 elementor-widget elementor-widget-heading\" data-id=\"6169227\" data-element_type=\"widget\" data-widget_type=\"heading.default\">\n\t\t\t\t\t<h4 class=\"elementor-heading-title elementor-size-default\">Un Proyecto de Uni\u00f3n<\/h4>\t\t\t\t<\/div>\n\t\t\t\t<div class=\"elementor-element elementor-element-141fdc3 elementor-widget elementor-widget-text-editor\" data-id=\"141fdc3\" data-element_type=\"widget\" data-widget_type=\"text-editor.default\">\n\t\t\t\t\t\t\t\t\t<p>Organizado por m\u00e1s de 100 voluntarios, el festival refleja el amor por la tierra natal y el esp\u00edritu comunitario de los habitantes de Alta Mora.<\/p>\n\t\t\t\t\t\t\t\t<\/div>\n\t\t\t\t<\/div>\n\t\t\t\t\t<\/div>\n\t\t\t\t<\/div>\n\t\t<div class=\"elementor-element elementor-element-4765774 e-flex e-con-boxed e-con e-parent\" data-id=\"4765774\" data-element_type=\"container\" data-settings=\"{&quot;jet_parallax_layout_list&quot;:[]}\">\n\t\t\t\t\t<div class=\"e-con-inner\">\n\t\t\t\t<div class=\"elementor-element elementor-element-6c4c99f elementor-widget elementor-widget-gallery\" data-id=\"6c4c99f\" data-element_type=\"widget\" data-settings=\"{&quot;gallery_layout&quot;:&quot;masonry&quot;,&quot;lazyload&quot;:&quot;yes&quot;,&quot;columns&quot;:4,&quot;columns_tablet&quot;:2,&quot;columns_mobile&quot;:1,&quot;gap&quot;:{&quot;unit&quot;:&quot;px&quot;,&quot;size&quot;:10,&quot;sizes&quot;:[]},&quot;gap_tablet&quot;:{&quot;unit&quot;:&quot;px&quot;,&quot;size&quot;:10,&quot;sizes&quot;:[]},&quot;gap_mobile&quot;:{&quot;unit&quot;:&quot;px&quot;,&quot;size&quot;:10,&quot;sizes&quot;:[]},&quot;link_to&quot;:&quot;file&quot;,&quot;overlay_background&quot;:&quot;yes&quot;,&quot;content_hover_animation&quot;:&quot;fade-in&quot;}\" data-widget_type=\"gallery.default\">\n\t\t\t\t\t\t\t<div class=\"elementor-gallery__container\">\n\t\t\t\t\t\t\t<a class=\"e-gallery-item elementor-gallery-item elementor-animated-content\" href=\"https:\/\/fafa.pt\/wp-content\/uploads\/2025\/12\/apresentacissaio-do-fafa8-YanqZRjEzkCyoPxN.jpg\" data-elementor-open-lightbox=\"yes\" data-elementor-lightbox-slideshow=\"6c4c99f\" data-e-action-hash=\"#elementor-action%3Aaction%3Dlightbox%26settings%3DeyJpZCI6MzY1LCJ1cmwiOiJodHRwczpcL1wvZmFmYS5wdFwvd3AtY29udGVudFwvdXBsb2Fkc1wvMjAyNVwvMTJcL2FwcmVzZW50YWNpc3NhaW8tZG8tZmFmYTgtWWFucVpSakV6a0N5b1B4Ti5qcGciLCJzbGlkZXNob3ciOiI2YzRjOTlmIn0%3D\">\n\t\t\t\t\t<div class=\"e-gallery-image elementor-gallery-item__image\" data-thumbnail=\"https:\/\/fafa.pt\/wp-content\/uploads\/2025\/12\/apresentacissaio-do-fafa8-YanqZRjEzkCyoPxN-768x512.jpg\" data-width=\"768\" data-height=\"512\" aria-label=\"\" role=\"img\" ><\/div>\n\t\t\t\t\t\t\t\t\t\t\t<div class=\"elementor-gallery-item__overlay\"><\/div>\n\t\t\t\t\t\t\t\t\t\t\t\t\t\t<\/a>\n\t\t\t\t\t\t\t<a class=\"e-gallery-item elementor-gallery-item elementor-animated-content\" href=\"https:\/\/fafa.pt\/wp-content\/uploads\/2025\/12\/apresentacissaio-do-fafa18-YrDqQR0gD1tOGVza.jpg\" data-elementor-open-lightbox=\"yes\" data-elementor-lightbox-slideshow=\"6c4c99f\" data-e-action-hash=\"#elementor-action%3Aaction%3Dlightbox%26settings%3DeyJpZCI6MzY2LCJ1cmwiOiJodHRwczpcL1wvZmFmYS5wdFwvd3AtY29udGVudFwvdXBsb2Fkc1wvMjAyNVwvMTJcL2FwcmVzZW50YWNpc3NhaW8tZG8tZmFmYTE4LVlyRHFRUjBnRDF0T0dWemEuanBnIiwic2xpZGVzaG93IjoiNmM0Yzk5ZiJ9\">\n\t\t\t\t\t<div class=\"e-gallery-image elementor-gallery-item__image\" data-thumbnail=\"https:\/\/fafa.pt\/wp-content\/uploads\/2025\/12\/apresentacissaio-do-fafa18-YrDqQR0gD1tOGVza-768x512.jpg\" data-width=\"768\" data-height=\"512\" aria-label=\"\" role=\"img\" ><\/div>\n\t\t\t\t\t\t\t\t\t\t\t<div class=\"elementor-gallery-item__overlay\"><\/div>\n\t\t\t\t\t\t\t\t\t\t\t\t\t\t<\/a>\n\t\t\t\t\t\t\t<a class=\"e-gallery-item elementor-gallery-item elementor-animated-content\" href=\"https:\/\/fafa.pt\/wp-content\/uploads\/2025\/12\/apresentacissaio-do-fafa14-A85ElO3QB4TVMl3o.jpg\" data-elementor-open-lightbox=\"yes\" data-elementor-lightbox-slideshow=\"6c4c99f\" data-e-action-hash=\"#elementor-action%3Aaction%3Dlightbox%26settings%3DeyJpZCI6MzY3LCJ1cmwiOiJodHRwczpcL1wvZmFmYS5wdFwvd3AtY29udGVudFwvdXBsb2Fkc1wvMjAyNVwvMTJcL2FwcmVzZW50YWNpc3NhaW8tZG8tZmFmYTE0LUE4NUVsTzNRQjRUVk1sM28uanBnIiwic2xpZGVzaG93IjoiNmM0Yzk5ZiJ9\">\n\t\t\t\t\t<div class=\"e-gallery-image elementor-gallery-item__image\" data-thumbnail=\"https:\/\/fafa.pt\/wp-content\/uploads\/2025\/12\/apresentacissaio-do-fafa14-A85ElO3QB4TVMl3o-768x577.jpg\" data-width=\"768\" data-height=\"577\" aria-label=\"\" role=\"img\" ><\/div>\n\t\t\t\t\t\t\t\t\t\t\t<div class=\"elementor-gallery-item__overlay\"><\/div>\n\t\t\t\t\t\t\t\t\t\t\t\t\t\t<\/a>\n\t\t\t\t\t\t\t<a class=\"e-gallery-item elementor-gallery-item elementor-animated-content\" href=\"https:\/\/fafa.pt\/wp-content\/uploads\/2025\/12\/apresentacissaio-do-fafa19-YyvZ5RLkGWHj98Qj.jpg\" data-elementor-open-lightbox=\"yes\" data-elementor-lightbox-slideshow=\"6c4c99f\" data-e-action-hash=\"#elementor-action%3Aaction%3Dlightbox%26settings%3DeyJpZCI6MzY4LCJ1cmwiOiJodHRwczpcL1wvZmFmYS5wdFwvd3AtY29udGVudFwvdXBsb2Fkc1wvMjAyNVwvMTJcL2FwcmVzZW50YWNpc3NhaW8tZG8tZmFmYTE5LVl5dlo1UkxrR1dIajk4UWouanBnIiwic2xpZGVzaG93IjoiNmM0Yzk5ZiJ9\">\n\t\t\t\t\t<div class=\"e-gallery-image elementor-gallery-item__image\" data-thumbnail=\"https:\/\/fafa.pt\/wp-content\/uploads\/2025\/12\/apresentacissaio-do-fafa19-YyvZ5RLkGWHj98Qj-768x1024.jpg\" data-width=\"768\" data-height=\"1024\" aria-label=\"\" role=\"img\" ><\/div>\n\t\t\t\t\t\t\t\t\t\t\t<div class=\"elementor-gallery-item__overlay\"><\/div>\n\t\t\t\t\t\t\t\t\t\t\t\t\t\t<\/a>\n\t\t\t\t\t\t\t<a class=\"e-gallery-item elementor-gallery-item elementor-animated-content\" href=\"https:\/\/fafa.pt\/wp-content\/uploads\/2025\/12\/apresentacissaio-do-fafa17-mv02QRorryinKJjN.jpg\" data-elementor-open-lightbox=\"yes\" data-elementor-lightbox-slideshow=\"6c4c99f\" data-e-action-hash=\"#elementor-action%3Aaction%3Dlightbox%26settings%3DeyJpZCI6MzY5LCJ1cmwiOiJodHRwczpcL1wvZmFmYS5wdFwvd3AtY29udGVudFwvdXBsb2Fkc1wvMjAyNVwvMTJcL2FwcmVzZW50YWNpc3NhaW8tZG8tZmFmYTE3LW12MDJRUm9ycnlpbktKak4uanBnIiwic2xpZGVzaG93IjoiNmM0Yzk5ZiJ9\">\n\t\t\t\t\t<div class=\"e-gallery-image elementor-gallery-item__image\" data-thumbnail=\"https:\/\/fafa.pt\/wp-content\/uploads\/2025\/12\/apresentacissaio-do-fafa17-mv02QRorryinKJjN-768x512.jpg\" data-width=\"768\" data-height=\"512\" aria-label=\"\" role=\"img\" ><\/div>\n\t\t\t\t\t\t\t\t\t\t\t<div class=\"elementor-gallery-item__overlay\"><\/div>\n\t\t\t\t\t\t\t\t\t\t\t\t\t\t<\/a>\n\t\t\t\t\t\t\t<a class=\"e-gallery-item elementor-gallery-item elementor-animated-content\" href=\"https:\/\/fafa.pt\/wp-content\/uploads\/2025\/12\/apresentacissaio-do-fafa7-AoPqQRkg8WSBMQlp.jpg\" data-elementor-open-lightbox=\"yes\" data-elementor-lightbox-slideshow=\"6c4c99f\" data-e-action-hash=\"#elementor-action%3Aaction%3Dlightbox%26settings%3DeyJpZCI6MzcwLCJ1cmwiOiJodHRwczpcL1wvZmFmYS5wdFwvd3AtY29udGVudFwvdXBsb2Fkc1wvMjAyNVwvMTJcL2FwcmVzZW50YWNpc3NhaW8tZG8tZmFmYTctQW9QcVFSa2c4V1NCTVFscC5qcGciLCJzbGlkZXNob3ciOiI2YzRjOTlmIn0%3D\">\n\t\t\t\t\t<div class=\"e-gallery-image elementor-gallery-item__image\" data-thumbnail=\"https:\/\/fafa.pt\/wp-content\/uploads\/2025\/12\/apresentacissaio-do-fafa7-AoPqQRkg8WSBMQlp-768x512.jpg\" data-width=\"768\" data-height=\"512\" aria-label=\"\" role=\"img\" ><\/div>\n\t\t\t\t\t\t\t\t\t\t\t<div class=\"elementor-gallery-item__overlay\"><\/div>\n\t\t\t\t\t\t\t\t\t\t\t\t\t\t<\/a>\n\t\t\t\t\t\t\t<a class=\"e-gallery-item elementor-gallery-item elementor-animated-content\" href=\"https:\/\/fafa.pt\/wp-content\/uploads\/2025\/12\/apresentacissaio-do-fafa13-YrDqQR0ggEHPWMXG.jpg\" data-elementor-open-lightbox=\"yes\" data-elementor-lightbox-slideshow=\"6c4c99f\" data-e-action-hash=\"#elementor-action%3Aaction%3Dlightbox%26settings%3DeyJpZCI6MzcxLCJ1cmwiOiJodHRwczpcL1wvZmFmYS5wdFwvd3AtY29udGVudFwvdXBsb2Fkc1wvMjAyNVwvMTJcL2FwcmVzZW50YWNpc3NhaW8tZG8tZmFmYTEzLVlyRHFRUjBnZ0VIUFdNWEcuanBnIiwic2xpZGVzaG93IjoiNmM0Yzk5ZiJ9\">\n\t\t\t\t\t<div class=\"e-gallery-image elementor-gallery-item__image\" data-thumbnail=\"https:\/\/fafa.pt\/wp-content\/uploads\/2025\/12\/apresentacissaio-do-fafa13-YrDqQR0ggEHPWMXG-768x576.jpg\" data-width=\"768\" data-height=\"576\" aria-label=\"\" role=\"img\" ><\/div>\n\t\t\t\t\t\t\t\t\t\t\t<div class=\"elementor-gallery-item__overlay\"><\/div>\n\t\t\t\t\t\t\t\t\t\t\t\t\t\t<\/a>\n\t\t\t\t\t\t\t<a class=\"e-gallery-item elementor-gallery-item elementor-animated-content\" href=\"https:\/\/fafa.pt\/wp-content\/uploads\/2025\/12\/apresentacissaio-do-fafa11-A3QO83W6VJuN3P8X.jpg\" data-elementor-open-lightbox=\"yes\" data-elementor-lightbox-slideshow=\"6c4c99f\" data-e-action-hash=\"#elementor-action%3Aaction%3Dlightbox%26settings%3DeyJpZCI6MzcyLCJ1cmwiOiJodHRwczpcL1wvZmFmYS5wdFwvd3AtY29udGVudFwvdXBsb2Fkc1wvMjAyNVwvMTJcL2FwcmVzZW50YWNpc3NhaW8tZG8tZmFmYTExLUEzUU84M1c2Vkp1TjNQOFguanBnIiwic2xpZGVzaG93IjoiNmM0Yzk5ZiJ9\">\n\t\t\t\t\t<div class=\"e-gallery-image elementor-gallery-item__image\" data-thumbnail=\"https:\/\/fafa.pt\/wp-content\/uploads\/2025\/12\/apresentacissaio-do-fafa11-A3QO83W6VJuN3P8X-768x512.jpg\" data-width=\"768\" data-height=\"512\" aria-label=\"\" role=\"img\" ><\/div>\n\t\t\t\t\t\t\t\t\t\t\t<div class=\"elementor-gallery-item__overlay\"><\/div>\n\t\t\t\t\t\t\t\t\t\t\t\t\t\t<\/a>\n\t\t\t\t\t\t\t<a class=\"e-gallery-item elementor-gallery-item elementor-animated-content\" href=\"https:\/\/fafa.pt\/wp-content\/uploads\/2025\/12\/apresentacissaio-do-fafa15-AMqlwKPQ8vSJ1qZ4.jpg\" data-elementor-open-lightbox=\"yes\" data-elementor-lightbox-slideshow=\"6c4c99f\" data-e-action-hash=\"#elementor-action%3Aaction%3Dlightbox%26settings%3DeyJpZCI6MzczLCJ1cmwiOiJodHRwczpcL1wvZmFmYS5wdFwvd3AtY29udGVudFwvdXBsb2Fkc1wvMjAyNVwvMTJcL2FwcmVzZW50YWNpc3NhaW8tZG8tZmFmYTE1LUFNcWx3S1BROHZTSjFxWjQuanBnIiwic2xpZGVzaG93IjoiNmM0Yzk5ZiJ9\">\n\t\t\t\t\t<div class=\"e-gallery-image elementor-gallery-item__image\" data-thumbnail=\"https:\/\/fafa.pt\/wp-content\/uploads\/2025\/12\/apresentacissaio-do-fafa15-AMqlwKPQ8vSJ1qZ4-768x488.jpg\" data-width=\"768\" data-height=\"488\" aria-label=\"\" role=\"img\" ><\/div>\n\t\t\t\t\t\t\t\t\t\t\t<div class=\"elementor-gallery-item__overlay\"><\/div>\n\t\t\t\t\t\t\t\t\t\t\t\t\t\t<\/a>\n\t\t\t\t\t\t\t<a class=\"e-gallery-item elementor-gallery-item elementor-animated-content\" href=\"https:\/\/fafa.pt\/wp-content\/uploads\/2025\/12\/apresentacissaio-do-fafa-AE0ayJzQ8niD93Kb.jpg\" data-elementor-open-lightbox=\"yes\" data-elementor-lightbox-slideshow=\"6c4c99f\" data-e-action-hash=\"#elementor-action%3Aaction%3Dlightbox%26settings%3DeyJpZCI6Mzc0LCJ1cmwiOiJodHRwczpcL1wvZmFmYS5wdFwvd3AtY29udGVudFwvdXBsb2Fkc1wvMjAyNVwvMTJcL2FwcmVzZW50YWNpc3NhaW8tZG8tZmFmYS1BRTBheUp6UThuaUQ5M0tiLmpwZyIsInNsaWRlc2hvdyI6IjZjNGM5OWYifQ%3D%3D\">\n\t\t\t\t\t<div class=\"e-gallery-image elementor-gallery-item__image\" data-thumbnail=\"https:\/\/fafa.pt\/wp-content\/uploads\/2025\/12\/apresentacissaio-do-fafa-AE0ayJzQ8niD93Kb-768x576.jpg\" data-width=\"768\" data-height=\"576\" aria-label=\"\" role=\"img\" ><\/div>\n\t\t\t\t\t\t\t\t\t\t\t<div class=\"elementor-gallery-item__overlay\"><\/div>\n\t\t\t\t\t\t\t\t\t\t\t\t\t\t<\/a>\n\t\t\t\t\t\t\t<a class=\"e-gallery-item elementor-gallery-item elementor-animated-content\" href=\"https:\/\/fafa.pt\/wp-content\/uploads\/2025\/12\/apresentacissaio-do-fafa9-AE0ayJzQgqiEBXnk.jpg\" data-elementor-open-lightbox=\"yes\" data-elementor-lightbox-slideshow=\"6c4c99f\" data-e-action-hash=\"#elementor-action%3Aaction%3Dlightbox%26settings%3DeyJpZCI6Mzc1LCJ1cmwiOiJodHRwczpcL1wvZmFmYS5wdFwvd3AtY29udGVudFwvdXBsb2Fkc1wvMjAyNVwvMTJcL2FwcmVzZW50YWNpc3NhaW8tZG8tZmFmYTktQUUwYXlKelFncWlFQlhuay5qcGciLCJzbGlkZXNob3ciOiI2YzRjOTlmIn0%3D\">\n\t\t\t\t\t<div class=\"e-gallery-image elementor-gallery-item__image\" data-thumbnail=\"https:\/\/fafa.pt\/wp-content\/uploads\/2025\/12\/apresentacissaio-do-fafa9-AE0ayJzQgqiEBXnk-768x512.jpg\" data-width=\"768\" data-height=\"512\" aria-label=\"\" role=\"img\" ><\/div>\n\t\t\t\t\t\t\t\t\t\t\t<div class=\"elementor-gallery-item__overlay\"><\/div>\n\t\t\t\t\t\t\t\t\t\t\t\t\t\t<\/a>\n\t\t\t\t\t\t\t<a class=\"e-gallery-item elementor-gallery-item elementor-animated-content\" href=\"https:\/\/fafa.pt\/wp-content\/uploads\/2025\/12\/apresentacissaio-do-fafa-YleqNRXx9aF91pM4.jpg\" data-elementor-open-lightbox=\"yes\" data-elementor-lightbox-slideshow=\"6c4c99f\" data-e-action-hash=\"#elementor-action%3Aaction%3Dlightbox%26settings%3DeyJpZCI6Mzc2LCJ1cmwiOiJodHRwczpcL1wvZmFmYS5wdFwvd3AtY29udGVudFwvdXBsb2Fkc1wvMjAyNVwvMTJcL2FwcmVzZW50YWNpc3NhaW8tZG8tZmFmYS1ZbGVxTlJYeDlhRjkxcE00LmpwZyIsInNsaWRlc2hvdyI6IjZjNGM5OWYifQ%3D%3D\">\n\t\t\t\t\t<div class=\"e-gallery-image elementor-gallery-item__image\" data-thumbnail=\"https:\/\/fafa.pt\/wp-content\/uploads\/2025\/12\/apresentacissaio-do-fafa-YleqNRXx9aF91pM4-768x512.jpg\" data-width=\"768\" data-height=\"512\" aria-label=\"\" role=\"img\" ><\/div>\n\t\t\t\t\t\t\t\t\t\t\t<div class=\"elementor-gallery-item__overlay\"><\/div>\n\t\t\t\t\t\t\t\t\t\t\t\t\t\t<\/a>\n\t\t\t\t\t\t\t<a class=\"e-gallery-item elementor-gallery-item elementor-animated-content\" href=\"https:\/\/fafa.pt\/wp-content\/uploads\/2025\/12\/apresentacissaio-do-fafa3-A1aBlMjqJvI9qaN1.jpg\" data-elementor-open-lightbox=\"yes\" data-elementor-lightbox-slideshow=\"6c4c99f\" data-e-action-hash=\"#elementor-action%3Aaction%3Dlightbox%26settings%3DeyJpZCI6Mzc3LCJ1cmwiOiJodHRwczpcL1wvZmFmYS5wdFwvd3AtY29udGVudFwvdXBsb2Fkc1wvMjAyNVwvMTJcL2FwcmVzZW50YWNpc3NhaW8tZG8tZmFmYTMtQTFhQmxNanFKdkk5cWFOMS5qcGciLCJzbGlkZXNob3ciOiI2YzRjOTlmIn0%3D\">\n\t\t\t\t\t<div class=\"e-gallery-image elementor-gallery-item__image\" data-thumbnail=\"https:\/\/fafa.pt\/wp-content\/uploads\/2025\/12\/apresentacissaio-do-fafa3-A1aBlMjqJvI9qaN1-768x512.jpg\" data-width=\"768\" data-height=\"512\" aria-label=\"\" role=\"img\" ><\/div>\n\t\t\t\t\t\t\t\t\t\t\t<div class=\"elementor-gallery-item__overlay\"><\/div>\n\t\t\t\t\t\t\t\t\t\t\t\t\t\t<\/a>\n\t\t\t\t\t\t\t<a class=\"e-gallery-item elementor-gallery-item elementor-animated-content\" href=\"https:\/\/fafa.pt\/wp-content\/uploads\/2025\/12\/apresentacissaio-do-fafa4-YD0BgWzQPnSKlkKB.jpg\" data-elementor-open-lightbox=\"yes\" data-elementor-lightbox-slideshow=\"6c4c99f\" data-e-action-hash=\"#elementor-action%3Aaction%3Dlightbox%26settings%3DeyJpZCI6Mzc4LCJ1cmwiOiJodHRwczpcL1wvZmFmYS5wdFwvd3AtY29udGVudFwvdXBsb2Fkc1wvMjAyNVwvMTJcL2FwcmVzZW50YWNpc3NhaW8tZG8tZmFmYTQtWUQwQmdXelFQblNLbGtLQi5qcGciLCJzbGlkZXNob3ciOiI2YzRjOTlmIn0%3D\">\n\t\t\t\t\t<div class=\"e-gallery-image elementor-gallery-item__image\" data-thumbnail=\"https:\/\/fafa.pt\/wp-content\/uploads\/2025\/12\/apresentacissaio-do-fafa4-YD0BgWzQPnSKlkKB-768x512.jpg\" data-width=\"768\" data-height=\"512\" aria-label=\"\" role=\"img\" ><\/div>\n\t\t\t\t\t\t\t\t\t\t\t<div class=\"elementor-gallery-item__overlay\"><\/div>\n\t\t\t\t\t\t\t\t\t\t\t\t\t\t<\/a>\n\t\t\t\t\t\t\t<a class=\"e-gallery-item elementor-gallery-item elementor-animated-content\" href=\"https:\/\/fafa.pt\/wp-content\/uploads\/2025\/12\/apresentacissaio-do-fafa16-m6LjMB5Q5jCDZ1n9.jpg\" data-elementor-open-lightbox=\"yes\" data-elementor-lightbox-slideshow=\"6c4c99f\" data-e-action-hash=\"#elementor-action%3Aaction%3Dlightbox%26settings%3DeyJpZCI6Mzc5LCJ1cmwiOiJodHRwczpcL1wvZmFmYS5wdFwvd3AtY29udGVudFwvdXBsb2Fkc1wvMjAyNVwvMTJcL2FwcmVzZW50YWNpc3NhaW8tZG8tZmFmYTE2LW02TGpNQjVRNWpDRFoxbjkuanBnIiwic2xpZGVzaG93IjoiNmM0Yzk5ZiJ9\">\n\t\t\t\t\t<div class=\"e-gallery-image elementor-gallery-item__image\" data-thumbnail=\"https:\/\/fafa.pt\/wp-content\/uploads\/2025\/12\/apresentacissaio-do-fafa16-m6LjMB5Q5jCDZ1n9-768x394.jpg\" data-width=\"768\" data-height=\"394\" aria-label=\"\" role=\"img\" ><\/div>\n\t\t\t\t\t\t\t\t\t\t\t<div class=\"elementor-gallery-item__overlay\"><\/div>\n\t\t\t\t\t\t\t\t\t\t\t\t\t\t<\/a>\n\t\t\t\t\t\t\t<a class=\"e-gallery-item elementor-gallery-item elementor-animated-content\" href=\"https:\/\/fafa.pt\/wp-content\/uploads\/2025\/12\/apresentacissaio-do-fafa5-YbNqXRx7a3tqJ7L4.jpg\" data-elementor-open-lightbox=\"yes\" data-elementor-lightbox-slideshow=\"6c4c99f\" data-e-action-hash=\"#elementor-action%3Aaction%3Dlightbox%26settings%3DeyJpZCI6MzgwLCJ1cmwiOiJodHRwczpcL1wvZmFmYS5wdFwvd3AtY29udGVudFwvdXBsb2Fkc1wvMjAyNVwvMTJcL2FwcmVzZW50YWNpc3NhaW8tZG8tZmFmYTUtWWJOcVhSeDdhM3RxSjdMNC5qcGciLCJzbGlkZXNob3ciOiI2YzRjOTlmIn0%3D\">\n\t\t\t\t\t<div class=\"e-gallery-image elementor-gallery-item__image\" data-thumbnail=\"https:\/\/fafa.pt\/wp-content\/uploads\/2025\/12\/apresentacissaio-do-fafa5-YbNqXRx7a3tqJ7L4-768x576.jpg\" data-width=\"768\" data-height=\"576\" aria-label=\"\" role=\"img\" ><\/div>\n\t\t\t\t\t\t\t\t\t\t\t<div class=\"elementor-gallery-item__overlay\"><\/div>\n\t\t\t\t\t\t\t\t\t\t\t\t\t\t<\/a>\n\t\t\t\t\t\t\t<a class=\"e-gallery-item elementor-gallery-item elementor-animated-content\" href=\"https:\/\/fafa.pt\/wp-content\/uploads\/2025\/12\/apresentacissaio-do-fafa2-YX4aLRNeqbhnVz19.jpg\" data-elementor-open-lightbox=\"yes\" data-elementor-lightbox-slideshow=\"6c4c99f\" data-e-action-hash=\"#elementor-action%3Aaction%3Dlightbox%26settings%3DeyJpZCI6MzgxLCJ1cmwiOiJodHRwczpcL1wvZmFmYS5wdFwvd3AtY29udGVudFwvdXBsb2Fkc1wvMjAyNVwvMTJcL2FwcmVzZW50YWNpc3NhaW8tZG8tZmFmYTItWVg0YUxSTmVxYmhuVnoxOS5qcGciLCJzbGlkZXNob3ciOiI2YzRjOTlmIn0%3D\">\n\t\t\t\t\t<div class=\"e-gallery-image elementor-gallery-item__image\" data-thumbnail=\"https:\/\/fafa.pt\/wp-content\/uploads\/2025\/12\/apresentacissaio-do-fafa2-YX4aLRNeqbhnVz19-768x512.jpg\" data-width=\"768\" data-height=\"512\" aria-label=\"\" role=\"img\" ><\/div>\n\t\t\t\t\t\t\t\t\t\t\t<div class=\"elementor-gallery-item__overlay\"><\/div>\n\t\t\t\t\t\t\t\t\t\t\t\t\t\t<\/a>\n\t\t\t\t\t<\/div>\n\t\t\t\t\t<\/div>\n\t\t\t\t\t<\/div>\n\t\t\t\t<\/div>\n\t\t\t\t<\/div>\n\t\t","protected":false},"excerpt":{"rendered":"<p>Historia del Festival de los Almendros en Flor del Algarve en Alta Mora El Festival de los Almendros en Flor del Algarve naci\u00f3 en 2020 como una iniciativa de la Associa\u00e7\u00e3o Recreativa, Cultural e Desportiva dos Amigos de Alta Mora (ARCDAA). El objetivo era promover el interior del Algarve, poniendo en valor su riqueza natural, [&hellip;]<\/p>\n","protected":false},"author":1,"featured_media":0,"parent":0,"menu_order":0,"comment_status":"closed","ping_status":"closed","template":"","meta":{"footnotes":""},"class_list":["post-364","page","type-page","status-publish","hentry"],"_hostinger_reach_plugin_has_subscription_block":false,"_hostinger_reach_plugin_is_elementor":false,"_links":{"self":[{"href":"https:\/\/fafa.pt\/es\/wp-json\/wp\/v2\/pages\/364","targetHints":{"allow":["GET"]}}],"collection":[{"href":"https:\/\/fafa.pt\/es\/wp-json\/wp\/v2\/pages"}],"about":[{"href":"https:\/\/fafa.pt\/es\/wp-json\/wp\/v2\/types\/page"}],"author":[{"embeddable":true,"href":"https:\/\/fafa.pt\/es\/wp-json\/wp\/v2\/users\/1"}],"replies":[{"embeddable":true,"href":"https:\/\/fafa.pt\/es\/wp-json\/wp\/v2\/comments?post=364"}],"version-history":[{"count":2,"href":"https:\/\/fafa.pt\/es\/wp-json\/wp\/v2\/pages\/364\/revisions"}],"predecessor-version":[{"id":512,"href":"https:\/\/fafa.pt\/es\/wp-json\/wp\/v2\/pages\/364\/revisions\/512"}],"wp:attachment":[{"href":"https:\/\/fafa.pt\/es\/wp-json\/wp\/v2\/media?parent=364"}],"curies":[{"name":"wp","href":"https:\/\/api.w.org\/{rel}","templated":true}]}}