{"id":439,"date":"2025-12-19T12:06:50","date_gmt":"2025-12-19T12:06:50","guid":{"rendered":"https:\/\/fafa.pt\/programacion-del-festival\/"},"modified":"2026-02-13T21:08:35","modified_gmt":"2026-02-13T21:08:35","slug":"programacion-del-festival","status":"publish","type":"page","link":"https:\/\/fafa.pt\/es\/programacion-del-festival\/","title":{"rendered":"Programaci\u00f3n del Festival"},"content":{"rendered":"\t\t<div data-elementor-type=\"wp-page\" data-elementor-id=\"439\" class=\"elementor elementor-439 elementor-59\" data-elementor-post-type=\"page\">\n\t\t\t\t<div class=\"elementor-element elementor-element-3f3ac87 e-flex e-con-boxed e-con e-parent\" data-id=\"3f3ac87\" data-element_type=\"container\" data-settings=\"{&quot;background_background&quot;:&quot;slideshow&quot;,&quot;background_slideshow_gallery&quot;:[{&quot;id&quot;:440,&quot;url&quot;:&quot;https:\\\/\\\/fafa.pt\\\/wp-content\\\/uploads\\\/2025\\\/12\\\/pinturas-faciais-1920-x-500-px-mxBMO73Qa7ca2vvw.jpg&quot;}],&quot;background_slideshow_loop&quot;:&quot;yes&quot;,&quot;background_slideshow_slide_duration&quot;:5000,&quot;background_slideshow_slide_transition&quot;:&quot;fade&quot;,&quot;background_slideshow_transition_duration&quot;:500,&quot;jet_parallax_layout_list&quot;:[]}\">\n\t\t\t\t\t<div class=\"e-con-inner\">\n\t\t\t\t\t<\/div>\n\t\t\t\t<\/div>\n\t\t<div class=\"elementor-element elementor-element-1ec285b8 e-flex e-con-boxed e-con e-parent\" data-id=\"1ec285b8\" data-element_type=\"container\" data-settings=\"{&quot;jet_parallax_layout_list&quot;:[]}\">\n\t\t\t\t\t<div class=\"e-con-inner\">\n\t\t\t\t<div class=\"elementor-element elementor-element-28662ba elementor-widget elementor-widget-heading\" data-id=\"28662ba\" data-element_type=\"widget\" data-widget_type=\"heading.default\">\n\t\t\t\t\t<h2 class=\"elementor-heading-title elementor-size-default\">Programaci\u00f3n del Festival<\/h2>\t\t\t\t<\/div>\n\t\t\t\t<div class=\"elementor-element elementor-element-4e3cadeb e-n-tabs-mobile elementor-widget elementor-widget-n-tabs\" data-id=\"4e3cadeb\" data-element_type=\"widget\" data-settings=\"{&quot;horizontal_scroll&quot;:&quot;disable&quot;}\" data-widget_type=\"nested-tabs.default\">\n\t\t\t\t\t\t\t<div class=\"e-n-tabs\" data-widget-number=\"1312599531\" aria-label=\"Pesta\u00f1as. Abre elementos con Intro o Espacio, ci\u00e9rralos con Escape y navega con las fechas.\">\n\t\t\t<div class=\"e-n-tabs-heading\" role=\"tablist\">\n\t\t\t\t\t<button id=\"e-n-tab-title-13125995311\" data-tab-title-id=\"e-n-tab-title-13125995311\" class=\"e-n-tab-title\" aria-selected=\"true\" data-tab-index=\"1\" role=\"tab\" tabindex=\"0\" aria-controls=\"e-n-tab-content-13125995311\" style=\"--n-tabs-title-order: 1;\">\n\t\t\t\t\t\t<span class=\"e-n-tab-title-text\">\n\t\t\t\tViernes, 20 FEB\t\t\t<\/span>\n\t\t<\/button>\n\t\t\t\t<button id=\"e-n-tab-title-13125995312\" data-tab-title-id=\"e-n-tab-title-13125995312\" class=\"e-n-tab-title\" aria-selected=\"false\" data-tab-index=\"2\" role=\"tab\" tabindex=\"-1\" aria-controls=\"e-n-tab-content-13125995312\" style=\"--n-tabs-title-order: 2;\">\n\t\t\t\t\t\t<span class=\"e-n-tab-title-text\">\n\t\t\t\tS\u00e1bado, 21 FEB\t\t\t<\/span>\n\t\t<\/button>\n\t\t\t\t<button id=\"e-n-tab-title-13125995313\" data-tab-title-id=\"e-n-tab-title-13125995313\" class=\"e-n-tab-title\" aria-selected=\"false\" data-tab-index=\"3\" role=\"tab\" tabindex=\"-1\" aria-controls=\"e-n-tab-content-13125995313\" style=\"--n-tabs-title-order: 3;\">\n\t\t\t\t\t\t<span class=\"e-n-tab-title-text\">\n\t\t\t\tDomingo, 22 FEB\t\t\t<\/span>\n\t\t<\/button>\n\t\t\t\t\t<\/div>\n\t\t\t<div class=\"e-n-tabs-content\">\n\t\t\t\t<div id=\"e-n-tab-content-13125995311\" role=\"tabpanel\" aria-labelledby=\"e-n-tab-title-13125995311\" data-tab-index=\"1\" style=\"--n-tabs-title-order: 1;\" class=\"e-active elementor-element elementor-element-d7f0003 e-flex e-con-boxed e-con e-child\" data-id=\"d7f0003\" data-element_type=\"container\" data-settings=\"{&quot;jet_parallax_layout_list&quot;:[]}\">\n\t\t\t\t\t<div class=\"e-con-inner\">\n\t\t\t\t<div class=\"elementor-element elementor-element-1af49f11 elementor-widget elementor-widget-text-editor\" data-id=\"1af49f11\" data-element_type=\"widget\" data-widget_type=\"text-editor.default\">\n\t\t\t\t\t\t\t\t\t<p><b>8h30 <\/b><span style=\"font-weight: 400;\">|Recepci\u00f3n de los participantes inscritos en el <\/span><b>\u00abXXI Paseo de Senderismo de los Almendros en Flor<\/b><span style=\"font-weight: 400;\">\u00bb (6 km, 9 km y 12 km) <\/span><\/p>\n<p><b>9h30<\/b><span style=\"font-weight: 400;\"> | Animaci\u00f3n de calle <\/span><b>\u00abA\u00cd XICO-XICA\u00bb<\/b><span style=\"font-weight: 400;\"> de <\/span><b>Sofia Piment\u00e3o<\/b><\/p>\n<p><b>9h45 <\/b><span style=\"font-weight: 400;\">| Inicio del Paseo de Senderismo<\/span><\/p>\n<p><b>11h00 | Sesi\u00f3n de inauguraci\u00f3n de la V edici\u00f3n del FAFA <\/b><\/p>\n<p><span style=\"font-weight: 400;\">\u00a0 \u00a0 \u00a0 \u00a0 \u00a0 \u00a0 \u00a0| Animaci\u00f3n de calle con el grupo <\/span><b>MALATITSCH<\/b><b><i> <\/i><\/b><\/p>\n<p><span style=\"font-weight: 400;\">\u00a0 \u00a0 \u00a0 \u00a0 \u00a0 \u00a0 \u00a0| Apertura del <\/span><b>Mercado de Calle<\/b><span style=\"font-weight: 400;\"> y de la <\/span><b>Aldea del Artesano<\/b><\/p>\n<p><span style=\"font-weight: 400;\">\u00a0 \u00a0 \u00a0 \u00a0 \u00a0 \u00a0 \u00a0| Animaci\u00f3n de calle con el grupo <\/span><b>BANDO DOS 4<\/b><\/p>\n<p><b>11h30 | <span style=\"font-weight: 400;\">Actuaci\u00f3n de <\/span>FILIPE SILVA<span style=\"font-weight: 400;\"> \u2013 M\u00fasica Portuguesa &#8211; Escenario Almendros<\/span><\/b><\/p>\n<p><span style=\"font-weight: 400;\">\u00a0 \u00a0 \u00a0 \u00a0 \u00a0 \u00a0 \u00a0|<\/span><b> Taller: Pan<\/b><\/p>\n<p><b>12h30<\/b><span style=\"font-weight: 400;\"> |Actuaci\u00f3n del grupo <\/span><b>RECANTO<\/b><span style=\"font-weight: 400;\"> \u2013 Escenario Alta Mora<\/span><\/p>\n<p><span style=\"font-weight: 400;\">\u00a0 \u00a0 \u00a0 \u00a0 \u00a0 \u00a0 \u00a0|Inauguraci\u00f3n de la <\/span><b>exposici\u00f3n fotogr\u00e1fica \u00abO olhar da nossa gente\u00bb realizada por los <\/b><b>ancianos de Alta Mora <\/b><span style=\"font-weight: 400;\">en colaboraci\u00f3n con la Asociaci\u00f3n \u00bc escuro.<\/span><\/p>\n<p><b>13h15<\/b><span style=\"font-weight: 400;\"> | Actuaci\u00f3n de <b>FILIPE SANTOS<\/b> \u00abDo a\u00e7o ao calo\u00bb &#8211; Guitarra Portuguesa &#8211; Escenario Almendros<\/span><\/p>\n<p><b>14h45 <\/b><span style=\"font-weight: 400;\">|<\/span> <span style=\"font-weight: 400;\">Actuaci\u00f3n del grupo <\/span><b>BELA BANDA<\/b><span style=\"font-weight: 400;\"> \u2013 Escenario Almendros<\/span><\/p>\n<p><span style=\"font-weight: 400;\">\u00a0 \u00a0 \u00a0 \u00a0 \u00a0 \u00a0 | Animaci\u00f3n de calle con el grupo <\/span><b>BANDO DOS 4<\/b><\/p>\n<p><span style=\"font-weight: 400;\">\u00a0 \u00a0 \u00a0 \u00a0 \u00a0 \u00a0 | Animaci\u00f3n de calle con el grupo <\/span><b>MALATITSCH<\/b><\/p>\n<p><b>\u00a0 \u00a0 \u00a0 \u00a0 \u00a0 \u00a0 | Talleres: Cester\u00eda <\/b><\/p>\n<p><b>15h00 <\/b><span style=\"font-weight: 400;\">|<\/span> <span style=\"font-weight: 400;\">Espect\u00e1culo de Marionetas <\/span><b>\u00abLa leyenda de los Almendros en Flor\u00bb &#8211; <\/b><span style=\"font-weight: 400;\">Escenario Castelo da Moura Encantada<\/span><\/p>\n<p><span style=\"font-weight: 400;\">\u00a0 \u00a0 \u00a0 \u00a0 \u00a0 \u00a0 | Animaci\u00f3n de calle <\/span><b>\u00abA\u00cd XICO-XICA\u00bb<\/b><span style=\"font-weight: 400;\"> de <\/span><b>Sofia Piment\u00e3o<\/b><\/p>\n<p><b>15h30 <\/b><span style=\"font-weight: 400;\">| Actuaci\u00f3n del grupo<\/span><b> MAR DE FORA<\/b><span style=\"font-weight: 400;\"> \u2013 Escenario Alta Mora<\/span><\/p>\n\t\t\t\t\t\t\t\t<\/div>\n\t\t\t\t\t<\/div>\n\t\t\t\t<\/div>\n\t\t<div id=\"e-n-tab-content-13125995312\" role=\"tabpanel\" aria-labelledby=\"e-n-tab-title-13125995312\" data-tab-index=\"2\" style=\"--n-tabs-title-order: 2;\" class=\" elementor-element elementor-element-c1168d1 e-flex e-con-boxed e-con e-child\" data-id=\"c1168d1\" data-element_type=\"container\" data-settings=\"{&quot;jet_parallax_layout_list&quot;:[]}\">\n\t\t\t\t\t<div class=\"e-con-inner\">\n\t\t\t\t<div class=\"elementor-element elementor-element-39de53ae elementor-widget elementor-widget-text-editor\" data-id=\"39de53ae\" data-element_type=\"widget\" data-widget_type=\"text-editor.default\">\n\t\t\t\t\t\t\t\t\t<p><b>8h30<\/b><span style=\"font-weight: 400;\"> | Recepci\u00f3n de los participantes inscritos en el \u00ab<\/span><b>XXI Paseo de Senderismo de los Almendros en Flor<\/b><span style=\"font-weight: 400;\">\u00bb (6 km, 9 km y 12 km) <\/span><\/p>\n<p><b>9h30<\/b><span style=\"font-weight: 400;\"> | Animaci\u00f3n de calle <b>\u00abA\u00cd XICO-XICA\u00bb<\/b> de <b>Sofia Piment\u00e3o<\/b><\/span><span style=\"font-weight: 400;\">\u00a0 <\/span><\/p>\n<p><b>9h45 <\/b><span style=\"font-weight: 400;\">| Inicio del Paseo de Senderismo<\/span><\/p>\n<p><b>10h00 <\/b><span style=\"font-weight: 400;\">| Apertura del recinto del Festival<\/span><\/p>\n<p><span style=\"font-weight: 400;\">\u00a0 \u00a0 \u00a0 \u00a0 \u00a0 \u00a0 \u00a0| Animaci\u00f3n de calle con el grupo <\/span><b>MALATITSCH <\/b><\/p>\n<p><span style=\"font-weight: 400;\">\u00a0 \u00a0 \u00a0 \u00a0 \u00a0 \u00a0 \u00a0| Apertura del <\/span><b>Mercado de Calle<\/b><span style=\"font-weight: 400;\"> e de la <\/span><b>Aldea del Artesano<\/b><\/p>\n<p><span style=\"font-weight: 400;\">\u00a0 \u00a0 \u00a0 \u00a0 \u00a0 \u00a0 \u00a0| Animaci\u00f3n de calle con el grupo <\/span><b>BANDO DOS 4<\/b><\/p>\n<p><b>10h30<\/b><span style=\"font-weight: 400;\"> |<\/span><b> Taller: Pan<\/b><\/p>\n<p><b>11h00<\/b><span style=\"font-weight: 400;\"> | Actuaci\u00f3n de <\/span><b>FILIPE SANTOS<\/b><span style=\"font-weight: 400;\"> \u00abDo a\u00e7o ao<\/span> <span style=\"font-weight: 400;\">calo\u00bb &#8211; Guitarra portuguesa \u2013 Escenario Almendros<\/span><\/p>\n<p><b>11h30 <\/b><span style=\"font-weight: 400;\">| Actuaci\u00f3n del grupo<\/span><b> COLETIVO CAPELA<\/b><span style=\"font-weight: 400;\"> &#8211; Escenario Alta Mora<\/span><\/p>\n<p><b>12h30 <\/b><span style=\"font-weight: 400;\">|<\/span> <span style=\"font-weight: 400;\">Actuaci\u00f3n del <\/span><b>Grupo Coral y Etnogr\u00e1fico \u00abVOZES DE ALMOD\u00d4VAR\u00bb<\/b><span style=\"font-weight: 400;\"> &#8211; Escenario Almendros<\/span><\/p>\n<p><b>\u00a0 \u00a0 \u00a0 \u00a0 \u00a0 \u00a0 <\/b><span style=\"font-weight: 400;\">| Espect\u00e1culo de Marionetas<\/span><b> \u00abLa leyenda de los Almendros en Flor\u00bb &#8211; <\/b><span style=\"font-weight: 400;\">Escenario Castelo da Moura Encantada<\/span><b><\/b><\/p>\n<p><b>13h15 <\/b><span style=\"font-weight: 400;\">|<\/span> <span style=\"font-weight: 400;\">Actuaci\u00f3n del grupo de danza <\/span><b>ARUTLA<\/b><span style=\"font-weight: 400;\"> &#8211; Escenario Alta Mora<\/span><\/p>\n<p><b>14h15 <\/b><span style=\"font-weight: 400;\">|<\/span> <span style=\"font-weight: 400;\">Actuaci\u00f3n del grupo<\/span><b> RECANTO &#8211; <\/b><span style=\"font-weight: 400;\">Escenario Almendros<\/span><\/p>\n<p><b>14h30 | Torta de Almendra Gigante<\/b><\/p>\n\t\t\t\t\t\t\t\t<\/div>\n\t\t\t\t\t<\/div>\n\t\t\t\t<\/div>\n\t\t<div id=\"e-n-tab-content-13125995313\" role=\"tabpanel\" aria-labelledby=\"e-n-tab-title-13125995313\" data-tab-index=\"3\" style=\"--n-tabs-title-order: 3;\" class=\" elementor-element elementor-element-1f18e9d9 e-flex e-con-boxed e-con e-child\" data-id=\"1f18e9d9\" data-element_type=\"container\" data-settings=\"{&quot;jet_parallax_layout_list&quot;:[]}\">\n\t\t\t\t\t<div class=\"e-con-inner\">\n\t\t\t\t<div class=\"elementor-element elementor-element-39fa9728 elementor-widget elementor-widget-text-editor\" data-id=\"39fa9728\" data-element_type=\"widget\" data-widget_type=\"text-editor.default\">\n\t\t\t\t\t\t\t\t\t<p><b>7h00 \/ 7h30<\/b><span style=\"font-weight: 400;\"> | Recepci\u00f3n de los participantes \/ Inicio de la <\/span><b>Gran Ruta de los Almendros en Flor<\/b><span style=\"font-weight: 400;\"> \u2013 <\/span><b>20 km <\/b><\/p>\n<p><b>8h30<\/b><span style=\"font-weight: 400;\"> | Recepci\u00f3n de los participantes inscritos en el \u00ab<\/span><b>XXI Paseo de Senderismo de los Almendros en Flor<\/b><span style=\"font-weight: 400;\">\u00bb (6 km, 9 km y 12 km) <\/span><\/p>\n<p><b>9h15<\/b> <b><\/b><span style=\"font-weight: 400;\">| Animaci\u00f3n de calle <\/span><b>\u00abA\u00cd XICO-XICA\u00bb<\/b><span style=\"font-weight: 400;\"> de <\/span><b>Sofia Piment\u00e3o<\/b><\/p>\n<p><b>9h45<\/b><span style=\"font-weight: 400;\"> | Inicio del Paseo de Senderismo <\/span><\/p>\n<p><b>10h00 <\/b><span style=\"font-weight: 400;\">| Apertura del recinto del Festival<\/span><\/p>\n<p><span style=\"font-weight: 400;\">\u00a0 \u00a0 \u00a0 \u00a0 \u00a0 \u00a0 | Animaci\u00f3n de calle con el grupo <\/span><b>MALATITSCH<\/b><b><i> <\/i><\/b><\/p>\n<p><span style=\"font-weight: 400;\">\u00a0 \u00a0 \u00a0 \u00a0 \u00a0 \u00a0 | Apertura del <\/span><b>Mercado de Calle<\/b><span style=\"font-weight: 400;\"> y de la <\/span><b>Aldea del Artesano<\/b><\/p>\n<p><span style=\"font-weight: 400;\">\u00a0 \u00a0 \u00a0 \u00a0 \u00a0 \u00a0 | Animaci\u00f3n de calle with the group <\/span><b>BANDO DOS 4<\/b><\/p>\n<p><b>10h30<\/b><span style=\"font-weight: 400;\"> |<\/span><b> Taller: Pan<\/b><\/p>\n<p><b>11h30 <\/b><span style=\"font-weight: 400;\">|<\/span> <span style=\"font-weight: 400;\">Actuaci\u00f3n del grupo <\/span><b>MATO BRAVO<\/b><span style=\"font-weight: 400;\"> &#8211; Escenario Almendros<\/span><\/p>\n<p><b>12h00<\/b><span style=\"font-weight: 400;\"> | Actuaci\u00f3n del grupo <\/span><b>EIR\u00d3 <\/b><span style=\"font-weight: 400;\">\u2013 Escenario Alta Mora<\/span><\/p>\n<p><b>13h00<\/b><span style=\"font-weight: 400;\"> | Oficina de Baile Tradicional \u2013 <\/span><b>NUNO CARPINTEIRO &amp; RUBEN DIEZ<\/b> <b>\u2013 <\/b><span style=\"font-weight: 400;\">Escenario Almendros<\/span><\/p>\n<p><span style=\"font-weight: 400;\">\u00a0 \u00a0 \u00a0 \u00a0 \u00a0 \u00a0 \u00a0| Espect\u00e1culo de Marionetas<\/span><b> \u00abLa leyenda de los Almendros en Flor\u00bb &#8211; <\/b><span style=\"font-weight: 400;\">Escenario Castelo da Moura Encantada<\/span><\/p>\n<p><b>13h30 <\/b><span style=\"font-weight: 400;\">|<\/span> <span style=\"font-weight: 400;\">Animaci\u00f3n de calle con el grupo<\/span><b> Al \u2013 FANFARE\u00a0 \u00a0<\/b><\/p>\n<p><b>\u00a0 \u00a0 \u00a0 \u00a0 \u00a0 \u00a0 <\/b><span style=\"font-weight: 400;\">| Actuaci\u00f3n del acordeonista <\/span><b>SILVINO CAMPOS &#8211; <\/b><span style=\"font-weight: 400;\">Escenario Castelo da Moura Encantada<\/span><\/p>\n<p><b>14h30 <\/b><span style=\"font-weight: 400;\">|<\/span> <span style=\"font-weight: 400;\">Actuaci\u00f3n del grupo<\/span><b> RECANTO <\/b><span style=\"font-weight: 400;\">&#8211; Escenario Almendros<\/span><\/p>\n<p><b>15h00<\/b><span style=\"font-weight: 400;\"> | Actuaci\u00f3n del grupo etnogr\u00e1fico<\/span><b> AMENDOEIRAS EM FLOR<\/b><span style=\"font-weight: 400;\"> &#8211; Escenario Escuela<\/span><\/p>\n<p><b>\u00a0 \u00a0 \u00a0 \u00a0 \u00a0 \u00a0<\/b><span style=\"font-weight: 400;\"> | Animaci\u00f3n de calle con el grupo <\/span><b>MALATITSCH<\/b><b><i> <\/i><\/b><\/p>\n<p><b>15h30 <\/b><span style=\"font-weight: 400;\">|<\/span> <span style=\"font-weight: 400;\">Espect\u00e1culo de Marionetas<\/span><b> \u00abLa leyenda de los Almendros en Flor\u00bb &#8211; <\/b><span style=\"font-weight: 400;\">Escenario Castelo da Moura Encantada<\/span><\/p>\n<p><b>\u00a0 \u00a0 \u00a0 \u00a0 \u00a0 \u00a0 \u00a0| Talleres: Cester\u00eda | Plantaci\u00f3n de Almendros<\/b><\/p>\n<p><b>\u00a0 \u00a0 \u00a0 \u00a0 \u00a0 \u00a0 \u00a0<\/b><span style=\"font-weight: 400;\">| Animaci\u00f3n de calle <\/span><b>\u00abA\u00cd XICO-XICA\u00bb<\/b><span style=\"font-weight: 400;\"> de <\/span><b>Sofia Piment\u00e3o<\/b><\/p>\n<p><b>16h30<\/b><span style=\"font-weight: 400;\"> | Actuaci\u00f3n de <\/span><b>Joana Negr\u00e3o<\/b><span style=\"font-weight: 400;\"> &#8211;<\/span><b> A CANTADEIRA <\/b><span style=\"font-weight: 400;\">&#8211; Escenario Alta Mora<\/span><\/p>\n<p><b>18h00 | Encerramiento del Festival <\/b><\/p>\n\t\t\t\t\t\t\t\t<\/div>\n\t\t\t\t\t<\/div>\n\t\t\t\t<\/div>\n\t\t\t\t\t<\/div>\n\t\t<\/div>\n\t\t\t\t\t\t<\/div>\n\t\t\t\t<div class=\"elementor-element elementor-element-76e580a2 elementor-widget-divider--view-line elementor-widget elementor-widget-divider\" data-id=\"76e580a2\" data-element_type=\"widget\" data-widget_type=\"divider.default\">\n\t\t\t\t\t\t\t<div class=\"elementor-divider\">\n\t\t\t<span class=\"elementor-divider-separator\">\n\t\t\t\t\t\t<\/span>\n\t\t<\/div>\n\t\t\t\t\t\t<\/div>\n\t\t\t\t<div class=\"elementor-element elementor-element-69cd18e4 elementor-widget elementor-widget-heading\" data-id=\"69cd18e4\" data-element_type=\"widget\" data-widget_type=\"heading.default\">\n\t\t\t\t\t<h2 class=\"elementor-heading-title elementor-size-default\">Durante el Festival:<\/h2>\t\t\t\t<\/div>\n\t\t\t\t<div class=\"elementor-element elementor-element-46e4b57b elementor-widget elementor-widget-text-editor\" data-id=\"46e4b57b\" data-element_type=\"widget\" data-widget_type=\"text-editor.default\">\n\t\t\t\t\t\t\t\t\t<b>Pintacaras<\/b> con Cristina Gon\u00e7alves<br><br><b>Animaci\u00f3n con el Payaso<\/b> Zequinha<br><br><b>Juegos tradicionales<\/b> con Bufon Rojo<br><br><b>Estatuas vivas<\/b> con Maria Ant\u00f3nia<br><br><b>Paseos en burro<\/b> con Ant\u00f3nio Correia\t\t\t\t\t\t\t\t<\/div>\n\t\t\t\t\t<\/div>\n\t\t\t\t<\/div>\n\t\t\t\t<\/div>\n\t\t","protected":false},"excerpt":{"rendered":"<p>Programaci\u00f3n del Festival Viernes, 20 FEB S\u00e1bado, 21 FEB Domingo, 22 FEB 8h30 |Recepci\u00f3n de los participantes inscritos en el \u00abXXI Paseo de Senderismo de los Almendros en Flor\u00bb (6 km, 9 km y 12 km) 9h30 | Animaci\u00f3n de calle \u00abA\u00cd XICO-XICA\u00bb de Sofia Piment\u00e3o 9h45 | Inicio del Paseo de Senderismo 11h00 | [&hellip;]<\/p>\n","protected":false},"author":1,"featured_media":0,"parent":0,"menu_order":0,"comment_status":"closed","ping_status":"closed","template":"","meta":{"footnotes":""},"class_list":["post-439","page","type-page","status-publish","hentry"],"_hostinger_reach_plugin_has_subscription_block":false,"_hostinger_reach_plugin_is_elementor":false,"_links":{"self":[{"href":"https:\/\/fafa.pt\/es\/wp-json\/wp\/v2\/pages\/439","targetHints":{"allow":["GET"]}}],"collection":[{"href":"https:\/\/fafa.pt\/es\/wp-json\/wp\/v2\/pages"}],"about":[{"href":"https:\/\/fafa.pt\/es\/wp-json\/wp\/v2\/types\/page"}],"author":[{"embeddable":true,"href":"https:\/\/fafa.pt\/es\/wp-json\/wp\/v2\/users\/1"}],"replies":[{"embeddable":true,"href":"https:\/\/fafa.pt\/es\/wp-json\/wp\/v2\/comments?post=439"}],"version-history":[{"count":5,"href":"https:\/\/fafa.pt\/es\/wp-json\/wp\/v2\/pages\/439\/revisions"}],"predecessor-version":[{"id":813,"href":"https:\/\/fafa.pt\/es\/wp-json\/wp\/v2\/pages\/439\/revisions\/813"}],"wp:attachment":[{"href":"https:\/\/fafa.pt\/es\/wp-json\/wp\/v2\/media?parent=439"}],"curies":[{"name":"wp","href":"https:\/\/api.w.org\/{rel}","templated":true}]}}