{"id":528,"date":"2025-12-30T08:17:02","date_gmt":"2025-12-30T08:17:02","guid":{"rendered":"https:\/\/fafa.pt\/communique-de-presse\/"},"modified":"2026-01-13T19:28:55","modified_gmt":"2026-01-13T19:28:55","slug":"communique-de-presse","status":"publish","type":"page","link":"https:\/\/fafa.pt\/fr\/communique-de-presse\/","title":{"rendered":"Communiqu\u00e9 de presse"},"content":{"rendered":"\t\t<div data-elementor-type=\"wp-page\" data-elementor-id=\"528\" class=\"elementor elementor-528 elementor-237\" data-elementor-post-type=\"page\">\n\t\t\t\t<div class=\"elementor-element elementor-element-2afa6c65 e-flex e-con-boxed e-con e-parent\" data-id=\"2afa6c65\" data-element_type=\"container\" data-settings=\"{&quot;jet_parallax_layout_list&quot;:[]}\">\n\t\t\t\t\t<div class=\"e-con-inner\">\n\t\t\t\t<div class=\"elementor-element elementor-element-22c19b9 elementor-widget elementor-widget-heading\" data-id=\"22c19b9\" data-element_type=\"widget\" data-widget_type=\"heading.default\">\n\t\t\t\t\t<h2 class=\"elementor-heading-title elementor-size-default\">Communiqu\u00e9 de presse<\/h2>\t\t\t\t<\/div>\n\t\t\t\t<div class=\"elementor-element elementor-element-7791d5d1 elementor-widget elementor-widget-text-editor\" data-id=\"7791d5d1\" data-element_type=\"widget\" data-widget_type=\"text-editor.default\">\n\t\t\t\t\t\t\t\t\t\n<p><strong>LE FAFA OUVRE LA SAISON \u00c9V\u00c9NEMENTIELLE DE 2026 DANS LA SERRA DE L&rsquo;ALGARVE<\/strong><\/p>\n\n<p><strong>La cr\u00eate d&rsquo;Alta Mora redevient, du 6 au 8 f\u00e9vrier 2026, l&rsquo;\u00e9picentre de la cinqui\u00e8me \u00e9dition du Festival des Amandiers en Fleurs et marque le d\u00e9but du calendrier r\u00e9gional des \u00e9v\u00e9nements, dans une p\u00e9riode traditionnellement marqu\u00e9e par la saisonnalit\u00e9.<\/strong><\/p>\n\n<p>Cr\u00e9\u00e9 et promu par l&rsquo;Association R\u00e9cr\u00e9ative, Culturelle et Sportive des Amis d&rsquo;Alta Mora (ARCDAA), <strong>le festival s&rsquo;affirme comme un projet structurant de valorisation du territoire, articulant patrimoine naturel, identit\u00e9 culturelle et exp\u00e9rience touristique.<\/strong> Pendant trois jours, r\u00e9sidents, visiteurs et randonneurs parcourent la montagne en pleine floraison des amandiers, dans l&rsquo;un des cadres paysagers les plus distinctifs de l&rsquo;int\u00e9rieur de l&rsquo;Algarve.<\/p>\n\n<p><strong>La randonn\u00e9e, et la contemplation du manteau blanc et rose du paysage montagneux, reste l&rsquo;axe central de l&rsquo;\u00e9v\u00e9nement<\/strong>, avec quatre parcours balis\u00e9s de 6, 9, 12 et 20 kilom\u00e8tres, adapt\u00e9s aux diff\u00e9rents profils de participants, avec <a href=\"https:\/\/docs.google.com\/forms\/u\/0\/d\/1VjQypE4Jlpa9Ewwn9EiJbTuv62k0HiN1VDXonhRg3TU\/viewform?urp=gmail_link&amp;edit_requested=true\" target=\"_blank\" rel=\"noreferrer noopener\">inscription obligatoire ICI.<\/a><\/p>\n\n<p><strong>La programmation artistique croise tradition, ethnographie, musique populaire, <em>folk et world music<\/em>.<\/strong> En 2026, le circuit des musiques du monde int\u00e8gre le Coletivo Capela, Malino, Eir\u00f3, Nuno Carpinteiro et Rub\u00e9n D\u00edez, Mar de Fora, DJ Catadiscos et la Cantadeira, parall\u00e8lement \u00e0 l&rsquo;animation de rue avec Sofia Piment\u00e3o, Malatitsch, Serrabecos, Al-Fanfare et Bando dos Quatro. La musique populaire et traditionnelle sera repr\u00e9sent\u00e9e par le Grupo Chulada da Ponte Velha, Recanto et Bela Banda, avec Filipe Santos et Filipe Silva \u00e0 la guitare portugaise et Silvino Campos \u00e0 l&rsquo;accord\u00e9on, tandis que le volet ethnographique inclut le Rancho Folcl\u00f3rico do Azinhal et le Grupo Coral e Etnogr\u00e1fico Vozes de Almod\u00f4var.<\/p>\n\n<p><strong>La dimension performative et communautaire se maintient avec <\/strong>le spectacle de marionnettes \u00ab La L\u00e9gende des Amandiers en Fleurs \u00bb, de la danse par les ARUTLA du Clube Recreativo Alturense et l&rsquo;exposition \u00ab Le regard de nos gens \u00bb r\u00e9alis\u00e9e par les personnes \u00e2g\u00e9es d&rsquo;Alta Mora en partenariat avec l&rsquo;Association \u00bc escuro, compl\u00e9t\u00e9es par une programmation d\u00e9di\u00e9e aux enfants.<\/p>\n\n<p>La composante gastronomique se distingue par <strong>la tarte g\u00e9ante aux amandes, qui atteindra dans cette \u00e9dition les 44 m\u00e8tres<\/strong>, en collaboration avec l&rsquo;\u00c9cole d&rsquo;H\u00f4tellerie et de Tourisme de Vila Real de Santo Ant\u00f3nio, ainsi qu&rsquo;avec le march\u00e9 de rue, le Village de l&rsquo;Artisan, les ateliers de pain et de vannerie et les ateliers de plantation d&rsquo;amandiers, impliquant plus de cinquante artisans.<\/p>\n\n<p><strong>L&rsquo;entr\u00e9e est gratuite pour les enfants jusqu&rsquo;\u00e0 10 ans<\/strong>, co\u00fbtant 2,50 euros de 11 \u00e0 14 ans et 4 euros pour les adultes, les billets \u00e9tant disponibles sur place et en ligne sur <a href=\"https:\/\/fafa.bol.pt\/\" target=\"_blank\" rel=\"noreferrer noopener\">https:\/\/fafa.bol.pt\/<\/a>.<\/p>\n\n<p><strong>Le Festival des Amandiers en Fleurs est une initiative de l&rsquo;ARCDAA<\/strong>, avec le soutien de la Municipalit\u00e9 de Castro Marim et de la Junta de Freguesia d&rsquo;Odeleite, et la collaboration de la R\u00e9gion de Tourisme de l&rsquo;Algarve<strong>. L&rsquo;\u00e9dition 2026 b\u00e9n\u00e9ficie \u00e9galement du financement du projet \u00ab Cultura aos Montes \u00bb<\/strong>, soutenu par les Fonds Europ\u00e9ens, dans le cadre du Programme R\u00e9gional ALGARVE2030 et du Programme de Promotion des Arts et M\u00e9tiers de l&rsquo;IEFP.<\/p>\n\n<p><strong>Informations et Programme sur<\/strong> <a href=\"https:\/\/fafa.pt\/fr\/\" target=\"_blank\" rel=\"noreferrer noopener\">https:\/\/fafa.pt\/<\/a><\/p>\n\t\t\t\t\t\t\t\t<\/div>\n\t\t\t\t\t<\/div>\n\t\t\t\t<\/div>\n\t\t\t\t<\/div>\n\t\t","protected":false},"excerpt":{"rendered":"<p>LE FAFA OUVRE LA SAISON \u00c9V\u00c9NEMENTIELLE DE 2026 DANS LA SERRA DE L&rsquo;ALGARVE La cr\u00eate d&rsquo;Alta Mora redevient, du 6 au 8 f\u00e9vrier 2026, l&rsquo;\u00e9picentre de la cinqui\u00e8me \u00e9dition du Festival des Amandiers en Fleurs et marque le d\u00e9but du calendrier r\u00e9gional des \u00e9v\u00e9nements, dans une p\u00e9riode traditionnellement marqu\u00e9e par la saisonnalit\u00e9. Cr\u00e9\u00e9 et promu [&hellip;]<\/p>\n","protected":false},"author":1,"featured_media":529,"parent":0,"menu_order":0,"comment_status":"closed","ping_status":"closed","template":"","meta":{"footnotes":""},"class_list":["post-528","page","type-page","status-publish","has-post-thumbnail","hentry"],"_hostinger_reach_plugin_has_subscription_block":false,"_hostinger_reach_plugin_is_elementor":false,"_links":{"self":[{"href":"https:\/\/fafa.pt\/fr\/wp-json\/wp\/v2\/pages\/528","targetHints":{"allow":["GET"]}}],"collection":[{"href":"https:\/\/fafa.pt\/fr\/wp-json\/wp\/v2\/pages"}],"about":[{"href":"https:\/\/fafa.pt\/fr\/wp-json\/wp\/v2\/types\/page"}],"author":[{"embeddable":true,"href":"https:\/\/fafa.pt\/fr\/wp-json\/wp\/v2\/users\/1"}],"replies":[{"embeddable":true,"href":"https:\/\/fafa.pt\/fr\/wp-json\/wp\/v2\/comments?post=528"}],"version-history":[{"count":3,"href":"https:\/\/fafa.pt\/fr\/wp-json\/wp\/v2\/pages\/528\/revisions"}],"predecessor-version":[{"id":532,"href":"https:\/\/fafa.pt\/fr\/wp-json\/wp\/v2\/pages\/528\/revisions\/532"}],"wp:featuredmedia":[{"embeddable":true,"href":"https:\/\/fafa.pt\/fr\/wp-json\/wp\/v2\/media\/529"}],"wp:attachment":[{"href":"https:\/\/fafa.pt\/fr\/wp-json\/wp\/v2\/media?parent=528"}],"curies":[{"name":"wp","href":"https:\/\/api.w.org\/{rel}","templated":true}]}}