{"id":557,"date":"2025-12-19T12:06:50","date_gmt":"2025-12-19T12:06:50","guid":{"rendered":"https:\/\/fafa.pt\/programme-du-festival\/"},"modified":"2026-02-13T21:07:08","modified_gmt":"2026-02-13T21:07:08","slug":"programme-du-festival","status":"publish","type":"page","link":"https:\/\/fafa.pt\/fr\/programme-du-festival\/","title":{"rendered":"Programme du Festival"},"content":{"rendered":"\t\t<div data-elementor-type=\"wp-page\" data-elementor-id=\"557\" class=\"elementor elementor-557 elementor-59\" data-elementor-post-type=\"page\">\n\t\t\t\t<div class=\"elementor-element elementor-element-3f3ac87 e-flex e-con-boxed e-con e-parent\" data-id=\"3f3ac87\" data-element_type=\"container\" data-settings=\"{&quot;background_background&quot;:&quot;slideshow&quot;,&quot;background_slideshow_gallery&quot;:[{&quot;id&quot;:558,&quot;url&quot;:&quot;https:\\\/\\\/fafa.pt\\\/wp-content\\\/uploads\\\/2025\\\/12\\\/pinturas-faciais-1920-x-500-px-mxBMO73Qa7ca2vvw.jpg&quot;}],&quot;background_slideshow_loop&quot;:&quot;yes&quot;,&quot;background_slideshow_slide_duration&quot;:5000,&quot;background_slideshow_slide_transition&quot;:&quot;fade&quot;,&quot;background_slideshow_transition_duration&quot;:500,&quot;jet_parallax_layout_list&quot;:[]}\">\n\t\t\t\t\t<div class=\"e-con-inner\">\n\t\t\t\t\t<\/div>\n\t\t\t\t<\/div>\n\t\t<div class=\"elementor-element elementor-element-1ec285b8 e-flex e-con-boxed e-con e-parent\" data-id=\"1ec285b8\" data-element_type=\"container\" data-settings=\"{&quot;jet_parallax_layout_list&quot;:[]}\">\n\t\t\t\t\t<div class=\"e-con-inner\">\n\t\t\t\t<div class=\"elementor-element elementor-element-28662ba elementor-widget elementor-widget-heading\" data-id=\"28662ba\" data-element_type=\"widget\" data-widget_type=\"heading.default\">\n\t\t\t\t\t<h2 class=\"elementor-heading-title elementor-size-default\">Programme du Festival<\/h2>\t\t\t\t<\/div>\n\t\t\t\t<div class=\"elementor-element elementor-element-4e3cadeb e-n-tabs-mobile elementor-widget elementor-widget-n-tabs\" data-id=\"4e3cadeb\" data-element_type=\"widget\" data-settings=\"{&quot;horizontal_scroll&quot;:&quot;disable&quot;}\" data-widget_type=\"nested-tabs.default\">\n\t\t\t\t\t\t\t<div class=\"e-n-tabs\" data-widget-number=\"1312599531\" aria-label=\"Onglets. Ouvrez des \u00e9l\u00e9ments avec Entrer ou Espace, fermez-les avec Echape et naviguez \u00e0 l&#039;aide des touches fl\u00e9ch\u00e9es.\">\n\t\t\t<div class=\"e-n-tabs-heading\" role=\"tablist\">\n\t\t\t\t\t<button id=\"e-n-tab-title-13125995311\" data-tab-title-id=\"e-n-tab-title-13125995311\" class=\"e-n-tab-title\" aria-selected=\"true\" data-tab-index=\"1\" role=\"tab\" tabindex=\"0\" aria-controls=\"e-n-tab-content-13125995311\" style=\"--n-tabs-title-order: 1;\">\n\t\t\t\t\t\t<span class=\"e-n-tab-title-text\">\n\t\t\t\tVendredi, 20 F\u00c9V\t\t\t<\/span>\n\t\t<\/button>\n\t\t\t\t<button id=\"e-n-tab-title-13125995312\" data-tab-title-id=\"e-n-tab-title-13125995312\" class=\"e-n-tab-title\" aria-selected=\"false\" data-tab-index=\"2\" role=\"tab\" tabindex=\"-1\" aria-controls=\"e-n-tab-content-13125995312\" style=\"--n-tabs-title-order: 2;\">\n\t\t\t\t\t\t<span class=\"e-n-tab-title-text\">\n\t\t\t\tSamedi, 21 F\u00c9V\t\t\t<\/span>\n\t\t<\/button>\n\t\t\t\t<button id=\"e-n-tab-title-13125995313\" data-tab-title-id=\"e-n-tab-title-13125995313\" class=\"e-n-tab-title\" aria-selected=\"false\" data-tab-index=\"3\" role=\"tab\" tabindex=\"-1\" aria-controls=\"e-n-tab-content-13125995313\" style=\"--n-tabs-title-order: 3;\">\n\t\t\t\t\t\t<span class=\"e-n-tab-title-text\">\n\t\t\t\tDimanche, 22 F\u00c9V\t\t\t<\/span>\n\t\t<\/button>\n\t\t\t\t\t<\/div>\n\t\t\t<div class=\"e-n-tabs-content\">\n\t\t\t\t<div id=\"e-n-tab-content-13125995311\" role=\"tabpanel\" aria-labelledby=\"e-n-tab-title-13125995311\" data-tab-index=\"1\" style=\"--n-tabs-title-order: 1;\" class=\"e-active elementor-element elementor-element-d7f0003 e-flex e-con-boxed e-con e-child\" data-id=\"d7f0003\" data-element_type=\"container\" data-settings=\"{&quot;jet_parallax_layout_list&quot;:[]}\">\n\t\t\t\t\t<div class=\"e-con-inner\">\n\t\t\t\t<div class=\"elementor-element elementor-element-1af49f11 elementor-widget elementor-widget-text-editor\" data-id=\"1af49f11\" data-element_type=\"widget\" data-widget_type=\"text-editor.default\">\n\t\t\t\t\t\t\t\t\t<p><b>8h30 <\/b><span style=\"font-weight: 400;\">|Accueil des participants inscrits \u00e0 la <\/span><b>\u00ab XXIe Randonn\u00e9e des Amandiers en Fleurs<\/b><span style=\"font-weight: 400;\"> \u00bb (6 km, 9 km et 12 km) <\/span><\/p>\n<p><b>9h30<\/b><span style=\"font-weight: 400;\"> | Animation de rue <\/span><b>\u00ab A\u00cd XICO-XICA \u00bb<\/b><span style=\"font-weight: 400;\"> de <\/span><b>Sofia Piment\u00e3o<\/b><\/p>\n<p><b>9h45 <\/b><span style=\"font-weight: 400;\">| D\u00e9but de la Randonn\u00e9e P\u00e9destre<\/span><\/p>\n<p><b>11h00 | S\u00e9ance d&rsquo;inauguration de la Ve \u00e9dition du FAFA <\/b><\/p>\n<p><span style=\"font-weight: 400;\">\u00a0 \u00a0 \u00a0 \u00a0 \u00a0 \u00a0 \u00a0| Animation de rue avec le groupe <\/span><b>MALATITSCH<\/b><b><i> <\/i><\/b><\/p>\n<p><span style=\"font-weight: 400;\">\u00a0 \u00a0 \u00a0 \u00a0 \u00a0 \u00a0 \u00a0| Ouverture du <\/span><b>March\u00e9 de Rue<\/b><span style=\"font-weight: 400;\"> et du <\/span><b>Village de l&rsquo;Artisan<\/b><\/p>\n<p><span style=\"font-weight: 400;\">\u00a0 \u00a0 \u00a0 \u00a0 \u00a0 \u00a0 \u00a0| Animation de rue avec le groupe <\/span><b>BANDO DOS 4<\/b><\/p>\n<p><b>11h30 | <span style=\"font-weight: 400;\">Performance de <\/span>FILIPE SILVA<span style=\"font-weight: 400;\"> \u2013 Musique Portugaise &#8211; Sc\u00e8ne Amendoeiras<\/span><\/b><\/p>\n<p><span style=\"font-weight: 400;\">\u00a0 \u00a0 \u00a0 \u00a0 \u00a0 \u00a0 \u00a0|<\/span><b> Atelier : Pain<\/b><\/p>\n<p><b>12h30<\/b><span style=\"font-weight: 400;\"> |Performance du groupe <\/span><b>RECANTO<\/b><span style=\"font-weight: 400;\"> \u2013 Sc\u00e8ne Alta Mora<\/span><\/p>\n<p><span style=\"font-weight: 400;\">\u00a0 \u00a0 \u00a0 \u00a0 \u00a0 \u00a0 \u00a0|Inauguration de l&rsquo;<\/span><b>exposition photo \u00ab Le regard de nos gens \u00bb r\u00e9alis\u00e9e par les<\/b><\/p>\n<p><b>\u00a0 \u00a0 \u00a0 \u00a0 \u00a0 \u00a0 \u00a0 \u00a0personnes \u00e2g\u00e9es d&rsquo;Alta Mora <\/b><span style=\"font-weight: 400;\">en partenariat avec l&rsquo;Association \u00bc escuro.\u00a0<\/span><\/p>\n<p><b>13h15<\/b><span style=\"font-weight: 400;\"> | Performance de <b>FILIPE SANTOS<\/b> \u00ab Do a\u00e7o ao calo \u00bb &#8211; Guitare Portugaise &#8211; Sc\u00e8ne Amendoeiras<\/span><\/p>\n<p><b>14h45 <\/b><span style=\"font-weight: 400;\">|<\/span> <span style=\"font-weight: 400;\">Performance du groupe <\/span><b>BELA BANDA<\/b><span style=\"font-weight: 400;\"> \u2013 Sc\u00e8ne Amendoeiras<\/span><\/p>\n<p><span style=\"font-weight: 400;\">\u00a0 \u00a0 \u00a0 02:45 | Animation de rue avec le groupe <\/span><b>BANDO DOS 4<\/b><\/p>\n<p><span style=\"font-weight: 400;\">\u00a0 \u00a0 \u00a0 \u00a0 \u00a0 \u00a0 | Animation de rue avec le groupe <\/span><b>MALATITSCH<\/b><\/p>\n<p><b>\u00a0 \u00a0 \u00a0 \u00a0 \u00a0 \u00a0 | Ateliers : Vannerie <\/b><\/p>\n<p><b>15h00 <\/b><span style=\"font-weight: 400;\">|<\/span> <span style=\"font-weight: 400;\">Spectacle de Marionnettes <\/span><b>\u00ab La l\u00e9gende des Amandiers en Fleurs \u00bb &#8211; <\/b><span style=\"font-weight: 400;\">Sc\u00e8ne Castelo da Moura Encantada<\/span><\/p>\n<p><span style=\"font-weight: 400;\">\u00a0 \u00a0 \u00a0 \u00a0 \u00a0 \u00a0 | Animation de rue <\/span><b>\u00ab A\u00cd XICO-XICA \u00bb<\/b><span style=\"font-weight: 400;\"> de <\/span><b>Sofia Piment\u00e3o<\/b><\/p>\n<p><b>15h30 <\/b><span style=\"font-weight: 400;\">| Performance du groupe<\/span><b> MAR DE FORA<\/b><span style=\"font-weight: 400;\"> \u2013 Sc\u00e8ne Alta Mora<\/span><\/p>\n\t\t\t\t\t\t\t\t<\/div>\n\t\t\t\t\t<\/div>\n\t\t\t\t<\/div>\n\t\t<div id=\"e-n-tab-content-13125995312\" role=\"tabpanel\" aria-labelledby=\"e-n-tab-title-13125995312\" data-tab-index=\"2\" style=\"--n-tabs-title-order: 2;\" class=\" elementor-element elementor-element-c1168d1 e-flex e-con-boxed e-con e-child\" data-id=\"c1168d1\" data-element_type=\"container\" data-settings=\"{&quot;jet_parallax_layout_list&quot;:[]}\">\n\t\t\t\t\t<div class=\"e-con-inner\">\n\t\t\t\t<div class=\"elementor-element elementor-element-39de53ae elementor-widget elementor-widget-text-editor\" data-id=\"39de53ae\" data-element_type=\"widget\" data-widget_type=\"text-editor.default\">\n\t\t\t\t\t\t\t\t\t<p><b>8h30<\/b><span style=\"font-weight: 400;\"> | Accueil des participants inscrits \u00e0 la \u00ab <\/span><b>XXIe Randonn\u00e9e des Amandiers en Fleurs<\/b><span style=\"font-weight: 400;\"> \u00bb (6 km, 9 km et 12 km) <\/span><\/p>\n<p><b>9h30<\/b><span style=\"font-weight: 400;\"> | Animation de rue <b>\u00ab A\u00cd XICO-XICA \u00bb<\/b> de <b>Sofia Piment\u00e3o<\/b><\/span><span style=\"font-weight: 400;\">\u00a0 <\/span><\/p>\n<p><b>9h45 <\/b><span style=\"font-weight: 400;\">| D\u00e9but de la Randonn\u00e9e P\u00e9destre<\/span><\/p>\n<p><b>10h00 <\/b><span style=\"font-weight: 400;\">| Ouverture de l&rsquo;enceinte du Festival<\/span><\/p>\n<p><span style=\"font-weight: 400;\">\u00a0 \u00a0 \u00a0 \u00a0 \u00a0 \u00a0 \u00a0| Animation de rue avec le groupe <\/span><b>MALATITSCH <\/b><\/p>\n<p><span style=\"font-weight: 400;\">\u00a0 \u00a0 \u00a0 \u00a0 \u00a0 \u00a0 \u00a0| Ouverture du <\/span><b>March\u00e9 de Rue<\/b><span style=\"font-weight: 400;\"> et du <\/span><b>Village de l&rsquo;Artisan<\/b><\/p>\n<p><span style=\"font-weight: 400;\">\u00a0 \u00a0 \u00a0 \u00a0 \u00a0 \u00a0 \u00a0| Animation de rue avec le groupe <\/span><b>BANDO DOS 4<\/b><\/p>\n<p><b>10h30<\/b><span style=\"font-weight: 400;\"> |<\/span><b> Atelier : Pain<\/b><\/p>\n<p><b>11h00<\/b><span style=\"font-weight: 400;\"> | Performance de <\/span><b>FILIPE SANTOS<\/b><span style=\"font-weight: 400;\"> \u00ab Do a\u00e7o ao<\/span> <span style=\"font-weight: 400;\">calo \u00bb &#8211; Guitare Portugaise \u2013 Sc\u00e8ne Amendoeiras<\/span><\/p>\n<p><b>11h30 <\/b><span style=\"font-weight: 400;\">| Performance du groupe<\/span><b> COLETIVO CAPELA<\/b><span style=\"font-weight: 400;\"> &#8211; Sc\u00e8ne Alta Mora<\/span><\/p>\n<p><b>12h30 <\/b><span style=\"font-weight: 400;\">|<\/span> <span style=\"font-weight: 400;\">Performance du <\/span><b>Groupe Choral et Ethnographique \u00ab VOZES DE ALMOD\u00d4VAR \u00bb<\/b><span style=\"font-weight: 400;\"> &#8211; Sc\u00e8ne Amendoeiras<\/span><\/p>\n<p><b>\u00a0 \u00a0 \u00a0 \u00a0 \u00a0 \u00a0 <\/b><span style=\"font-weight: 400;\">| Spectacle de Marionnettes<\/span><b> \u00ab La l\u00e9gende des Amandiers en Fleurs \u00bb &#8211; <\/b><span style=\"font-weight: 400;\">Sc\u00e8ne Castelo da Moura Encantada<\/span><b><\/b><\/p>\n<p><b>13h15 <\/b><span style=\"font-weight: 400;\">|<\/span> <span style=\"font-weight: 400;\">Performance du groupe de danse <\/span><b>ARUTLA<\/b><span style=\"font-weight: 400;\"> &#8211; Sc\u00e8ne Alta Mora<\/span><\/p>\n<p><b>14h15 <\/b><span style=\"font-weight: 400;\">|<\/span> <span style=\"font-weight: 400;\">Performance du groupe<\/span><b> RECANTO &#8211; <\/b><span style=\"font-weight: 400;\">Sc\u00e8ne Amendoeiras<\/span><\/p>\n<p><b>14h30 | Tarte aux Amandes G\u00e9ante<\/b><span style=\"font-weight: 400;\"> (44 m\u00e8tres)<\/span><\/p>\n<p><b>\u00a0 \u00a0 \u00a0 \u00a0 \u00a0 \u00a0 <\/b><span style=\"font-weight: 400;\">|<\/span> <span style=\"font-weight: 400;\">Animation de rue avec le groupe<\/span><b> Al \u2013 FANFARE<\/b><\/p>\n<p><span style=\"font-weight: 400;\">\u00a0 \u00a0 \u00a0 \u00a0 \u00a0 \u00a0 |<\/span> <span style=\"font-weight: 400;\">Animation de rue avec le groupe <\/span><b>MALATITSCH<\/b><\/p>\n<p><b>15h00 <\/b><span style=\"font-weight: 400;\">| Performance du<\/span><b> Groupe Folklorique de la Casa do Povo do Azinhal \u2013 <\/b><span style=\"font-weight: 400;\">Sc\u00e8ne \u00c9cole<\/span><b>\u00a0 <\/b><\/p>\n<p><b>\u00a0 \u00a0 \u00a0 \u00a0 \u00a0 \u00a0 <\/b><span style=\"font-weight: 400;\">| Spectacle de Marionnettes <\/span><b>\u00ab La l\u00e9gende des Amandiers en Fleurs \u00bb &#8211; <\/b><span style=\"font-weight: 400;\">Sc\u00e8ne Castelo da Moura Encantada<\/span><\/p>\n<p><span style=\"font-weight: 400;\">\u00a0 \u00a0 \u00a0 \u00a0 \u00a0 \u00a0 <\/span><b>| Ateliers : Vannerie | Plantation d&rsquo;Amandiers<\/b><\/p>\n<p><b>15h45 <\/b><span style=\"font-weight: 400;\">| Performance du groupe <\/span><b>MALINO \u2013 <\/b><span style=\"font-weight: 400;\">Sc\u00e8ne Amendoeiras<\/span><\/p>\n<p><b>16h30<\/b><span style=\"font-weight: 400;\"> | Animation de rue <\/span><b>\u00ab A\u00cd XICO-XICA \u00bb<\/b><span style=\"font-weight: 400;\"> de <\/span><b>Sofia Piment\u00e3o<\/b><\/p>\n<p><b>17h00 <\/b><span style=\"font-weight: 400;\">| Performance du groupe<\/span><b> CHULADA DA PONTE VELHA &#8211; <\/b><span style=\"font-weight: 400;\">Sc\u00e8ne Alta Mora<\/span><\/p>\n<p><b>18h30 <\/b><span style=\"font-weight: 400;\">| Spectacle de jonglerie avec du feu &#8211; groupe <\/span><b>MALATITSCH<\/b><b><i> <\/i><\/b><\/p>\n<p><b>20h00<\/b>| <b>DJ CATADISCOS<\/b><span style=\"font-weight: 400;\"> \u2013 Sc\u00e8ne \u00c9cole <\/span><\/p>\n\t\t\t\t\t\t\t\t<\/div>\n\t\t\t\t\t<\/div>\n\t\t\t\t<\/div>\n\t\t<div id=\"e-n-tab-content-13125995313\" role=\"tabpanel\" aria-labelledby=\"e-n-tab-title-13125995313\" data-tab-index=\"3\" style=\"--n-tabs-title-order: 3;\" class=\" elementor-element elementor-element-1f18e9d9 e-flex e-con-boxed e-con e-child\" data-id=\"1f18e9d9\" data-element_type=\"container\" data-settings=\"{&quot;jet_parallax_layout_list&quot;:[]}\">\n\t\t\t\t\t<div class=\"e-con-inner\">\n\t\t\t\t<div class=\"elementor-element elementor-element-39fa9728 elementor-widget elementor-widget-text-editor\" data-id=\"39fa9728\" data-element_type=\"widget\" data-widget_type=\"text-editor.default\">\n\t\t\t\t\t\t\t\t\t<p><b>7h00 \/ 7h30<\/b><span style=\"font-weight: 400;\"> | Accueil des participants \/ D\u00e9part de la <\/span><b>Grande Route des Amandiers en Fleurs<\/b><span style=\"font-weight: 400;\"> \u2013 <\/span><b>20 km <\/b><\/p>\n<p><b>8h30<\/b><span style=\"font-weight: 400;\"> | Accueil des participants inscrits \u00e0 la \u00ab <\/span><b>XXIe Randonn\u00e9e des Amandiers en Fleurs<\/b><span style=\"font-weight: 400;\"> \u00bb (6 km, 9 km et 12 km) <\/span><\/p>\n<p><b>9h15<\/b> <b><\/b><span style=\"font-weight: 400;\">| Animation de rue <\/span><b>\u00ab A\u00cd XICO-XICA \u00bb<\/b><span style=\"font-weight: 400;\"> de <\/span><b>Sofia Piment\u00e3o<\/b><\/p>\n<p><b>9h45<\/b><span style=\"font-weight: 400;\"> | D\u00e9but de la Randonn\u00e9e P\u00e9destre <\/span><\/p>\n<p><b>10h00 <\/b><span style=\"font-weight: 400;\">| Ouverture de l&rsquo;enceinte du Festival<\/span><\/p>\n<p><span style=\"font-weight: 400;\">\u00a0 \u00a0 \u00a0 \u00a0 \u00a0 \u00a0 | Animation de rue avec le groupe <\/span><b>MALATITSCH<\/b><b><i> <\/i><\/b><\/p>\n<p><span style=\"font-weight: 400;\">\u00a0 02:45 | Ouverture du <\/span><b>March\u00e9 de Rue<\/b><span style=\"font-weight: 400;\"> et du <\/span><b>Village de l&rsquo;Artisan<\/b><\/p>\n<p><span style=\"font-weight: 400;\">\u00a0 \u00a0 \u00a0 \u00a0 \u00a0 \u00a0 | Animation de rue avec le groupe <\/span><b>BANDO DOS 4<\/b><\/p>\n<p><b>10h30<\/b><span style=\"font-weight: 400;\"> |<\/span><b> Atelier : Pain<\/b><\/p>\n<p><b>11h30 <\/b><span style=\"font-weight: 400;\">|<\/span> <span style=\"font-weight: 400;\">Performance du groupe <\/span><b>MATO BRAVO<\/b><span style=\"font-weight: 400;\"> &#8211; Sc\u00e8ne Amendoeiras<\/span><\/p>\n<p><b>12h00<\/b><span style=\"font-weight: 400;\"> | Performance du groupe <\/span><b>EIR\u00d3 <\/b><span style=\"font-weight: 400;\">\u2013 Sc\u00e8ne Alta Mora<\/span><\/p>\n<p><b>13h00<\/b><span style=\"font-weight: 400;\"> | Oficina de Bal Traditionnel \u2013 <\/span><b>NUNO CARPINTEIRO &amp; RUBEN DIEZ<\/b> <b>\u2013 <\/b><span style=\"font-weight: 400;\">Sc\u00e8ne Amendoeiras<\/span><\/p>\n<p><span style=\"font-weight: 400;\">\u00a0 \u00a0 \u00a0 \u00a0 \u00a0 \u00a0 \u00a0| Spectacle de Marionnettes<\/span><b> \u00ab La l\u00e9gende des Amandiers en Fleurs \u00bb &#8211; <\/b><span style=\"font-weight: 400;\">Sc\u00e8ne Castelo da Moura Encantada<\/span><\/p>\n<p><b>13h30 <\/b><span style=\"font-weight: 400;\">|<\/span> <span style=\"font-weight: 400;\">Animation de rue avec le groupe<\/span><b> Al \u2013 FANFARE\u00a0 \u00a0<\/b><\/p>\n<p><b>\u00a0 \u00a0 \u00a0 \u00a0 \u00a0 \u00a0 <\/b><span style=\"font-weight: 400;\">| Performance de l&rsquo;accord\u00e9oniste <\/span><b>SILVINO CAMPOS &#8211; <\/b><span style=\"font-weight: 400;\">Sc\u00e8ne Castelo da Moura Encantada<\/span><\/p>\n<p><b>14h30 <\/b><span style=\"font-weight: 400;\">|<\/span> <span style=\"font-weight: 400;\">Performance du groupe<\/span><b> RECANTO <\/b><span style=\"font-weight: 400;\">&#8211; Sc\u00e8ne Amendoeiras<\/span><\/p>\n<p><b>15h00<\/b><span style=\"font-weight: 400;\"> | Performance du groupe ethnographique<\/span><b> AMENDOEIRAS EM FLOR<\/b><span style=\"font-weight: 400;\"> &#8211; Sc\u00e8ne \u00c9cole<\/span><\/p>\n<p><b>\u00a0 \u00a0 \u00a0 \u00a0 \u00a0 \u00a0<\/b><span style=\"font-weight: 400;\"> | Animation de rue avec le groupe <\/span><b>MALATITSCH<\/b><b><i> <\/i><\/b><\/p>\n<p><b>15h30 <\/b><span style=\"font-weight: 400;\">|<\/span> <span style=\"font-weight: 400;\">Spectacle de Marionnettes<\/span><b> \u00ab La l\u00e9gende des Amandiers en Fleurs \u00bb &#8211; <\/b><span style=\"font-weight: 400;\">Sc\u00e8ne Castelo da Moura Encantada<\/span><\/p>\n<p><b>\u00a0 \u00a0 \u00a0 \u00a0 \u00a0 \u00a0 \u00a0| Ateliers : Vannerie | Plantation d&rsquo;Amandiers<\/b><\/p>\n<p><b>\u00a0 \u00a0 \u00a0 \u00a0 \u00a0 \u00a0 \u00a0<\/b><span style=\"font-weight: 400;\">| Animation de rue <\/span><b>\u00ab A\u00cd XICO-XICA \u00bb<\/b><span style=\"font-weight: 400;\"> de <\/span><b>Sofia Piment\u00e3o<\/b><\/p>\n<p><b>16h30<\/b><span style=\"font-weight: 400;\"> | Performance de <\/span><b>Joana Negr\u00e3o<\/b><span style=\"font-weight: 400;\"> &#8211;<\/span><b> A CANTADEIRA <\/b><span style=\"font-weight: 400;\">&#8211; Sc\u00e8ne Alta Mora<\/span><\/p>\n<p><b>18h00 | Cl\u00f4ture du Festival <\/b><\/p>\n\t\t\t\t\t\t\t\t<\/div>\n\t\t\t\t\t<\/div>\n\t\t\t\t<\/div>\n\t\t\t\t\t<\/div>\n\t\t<\/div>\n\t\t\t\t\t\t<\/div>\n\t\t\t\t<div class=\"elementor-element elementor-element-76e580a2 elementor-widget-divider--view-line elementor-widget elementor-widget-divider\" data-id=\"76e580a2\" data-element_type=\"widget\" data-widget_type=\"divider.default\">\n\t\t\t\t\t\t\t<div class=\"elementor-divider\">\n\t\t\t<span class=\"elementor-divider-separator\">\n\t\t\t\t\t\t<\/span>\n\t\t<\/div>\n\t\t\t\t\t\t<\/div>\n\t\t\t\t<div class=\"elementor-element elementor-element-69cd18e4 elementor-widget elementor-widget-heading\" data-id=\"69cd18e4\" data-element_type=\"widget\" data-widget_type=\"heading.default\">\n\t\t\t\t\t<h2 class=\"elementor-heading-title elementor-size-default\">Pendant le Festival :<\/h2>\t\t\t\t<\/div>\n\t\t\t\t<div class=\"elementor-element elementor-element-46e4b57b elementor-widget elementor-widget-text-editor\" data-id=\"46e4b57b\" data-element_type=\"widget\" data-widget_type=\"text-editor.default\">\n\t\t\t\t\t\t\t\t\t<b>Maquillage<\/b> avec Cristina Gon\u00e7alves<br><br><br><br><b>Animation avec le Clown<\/b> Zequinha<br><br><br><br><b>Jeux traditionnels<\/b> avec Bufon Rojo<br><br><br><br><b>Statues vivantes<\/b> avec Maria Ant\u00f3nia<br><br><br><br><b>Promenades \u00e0 dos d&rsquo;\u00e2ne<\/b> avec Ant\u00f3nio Correia\t\t\t\t\t\t\t\t<\/div>\n\t\t\t\t\t<\/div>\n\t\t\t\t<\/div>\n\t\t\t\t<\/div>\n\t\t","protected":false},"excerpt":{"rendered":"<p>Programme du Festival Vendredi, 20 F\u00c9V Samedi, 21 F\u00c9V Dimanche, 22 F\u00c9V 8h30 |Accueil des participants inscrits \u00e0 la \u00ab XXIe Randonn\u00e9e des Amandiers en Fleurs \u00bb (6 km, 9 km et 12 km) 9h30 | Animation de rue \u00ab A\u00cd XICO-XICA \u00bb de Sofia Piment\u00e3o 9h45 | D\u00e9but de la Randonn\u00e9e P\u00e9destre 11h00 | [&hellip;]<\/p>\n","protected":false},"author":1,"featured_media":0,"parent":0,"menu_order":0,"comment_status":"closed","ping_status":"closed","template":"","meta":{"footnotes":""},"class_list":["post-557","page","type-page","status-publish","hentry"],"_hostinger_reach_plugin_has_subscription_block":false,"_hostinger_reach_plugin_is_elementor":false,"_links":{"self":[{"href":"https:\/\/fafa.pt\/fr\/wp-json\/wp\/v2\/pages\/557","targetHints":{"allow":["GET"]}}],"collection":[{"href":"https:\/\/fafa.pt\/fr\/wp-json\/wp\/v2\/pages"}],"about":[{"href":"https:\/\/fafa.pt\/fr\/wp-json\/wp\/v2\/types\/page"}],"author":[{"embeddable":true,"href":"https:\/\/fafa.pt\/fr\/wp-json\/wp\/v2\/users\/1"}],"replies":[{"embeddable":true,"href":"https:\/\/fafa.pt\/fr\/wp-json\/wp\/v2\/comments?post=557"}],"version-history":[{"count":4,"href":"https:\/\/fafa.pt\/fr\/wp-json\/wp\/v2\/pages\/557\/revisions"}],"predecessor-version":[{"id":811,"href":"https:\/\/fafa.pt\/fr\/wp-json\/wp\/v2\/pages\/557\/revisions\/811"}],"wp:attachment":[{"href":"https:\/\/fafa.pt\/fr\/wp-json\/wp\/v2\/media?parent=557"}],"curies":[{"name":"wp","href":"https:\/\/api.w.org\/{rel}","templated":true}]}}