{"id":565,"date":"2025-12-19T12:06:31","date_gmt":"2025-12-19T12:06:31","guid":{"rendered":"https:\/\/fafa.pt\/histoire\/"},"modified":"2026-01-13T19:42:12","modified_gmt":"2026-01-13T19:42:12","slug":"histoire","status":"publish","type":"page","link":"https:\/\/fafa.pt\/fr\/histoire\/","title":{"rendered":"Histoire"},"content":{"rendered":"\t\t<div data-elementor-type=\"wp-page\" data-elementor-id=\"565\" class=\"elementor elementor-565 elementor-57\" data-elementor-post-type=\"page\">\n\t\t\t\t<div class=\"elementor-element elementor-element-4efb314 e-flex e-con-boxed e-con e-parent\" data-id=\"4efb314\" data-element_type=\"container\" data-settings=\"{&quot;jet_parallax_layout_list&quot;:[]}\">\n\t\t\t\t\t<div class=\"e-con-inner\">\n\t\t\t\t<div class=\"elementor-element elementor-element-c0f601f elementor-widget elementor-widget-heading\" data-id=\"c0f601f\" data-element_type=\"widget\" data-widget_type=\"heading.default\">\n\t\t\t\t\t<h1 class=\"elementor-heading-title elementor-size-default\">Histoire du Festival des Amandiers en Fleurs de l'Algarve \u00e0 Alta Mora<\/h1>\t\t\t\t<\/div>\n\t\t\t\t<div class=\"elementor-element elementor-element-6f34410 elementor-widget elementor-widget-text-editor\" data-id=\"6f34410\" data-element_type=\"widget\" data-widget_type=\"text-editor.default\">\n\t\t\t\t\t\t\t\t\t<p class=\"body\" dir=\"auto\">Le <strong>Festival des Amandiers en Fleurs de l&rsquo;Algarve<\/strong> est n\u00e9 en 2020 \u00e0 l&rsquo;initiative de l&rsquo;Associa\u00e7\u00e3o Recreativa, Cultural e Desportiva dos Amigos de Alta Mora (ARCDAA). L&rsquo;objectif \u00e9tait de promouvoir l&rsquo;int\u00e9rieur de l&rsquo;Algarve, en valorisant sa richesse naturelle, culturelle et ethnographique.<\/p>\n<p class=\"body\" dir=\"auto\">Le th\u00e8me central du festival, les <strong>Amandiers en Fleurs<\/strong>, c\u00e9l\u00e8bre l&rsquo;une des marques identitaires les plus connues de la r\u00e9gion, immortalis\u00e9e dans la c\u00e9l\u00e8bre <em>L\u00e9gende des Amandiers en Fleurs<\/em>.<\/p>\n\t\t\t\t\t\t\t\t<\/div>\n\t\t\t\t\t<\/div>\n\t\t\t\t<\/div>\n\t\t<div class=\"elementor-element elementor-element-f7c9e0b e-grid e-con-boxed e-con e-parent\" data-id=\"f7c9e0b\" data-element_type=\"container\" data-settings=\"{&quot;jet_parallax_layout_list&quot;:[]}\">\n\t\t\t\t\t<div class=\"e-con-inner\">\n\t\t<div class=\"elementor-element elementor-element-10a760c e-con-full e-flex e-con e-child\" data-id=\"10a760c\" data-element_type=\"container\" data-settings=\"{&quot;jet_parallax_layout_list&quot;:[]}\">\n\t\t\t\t<div class=\"elementor-element elementor-element-e6c5017 elementor-widget elementor-widget-heading\" data-id=\"e6c5017\" data-element_type=\"widget\" data-widget_type=\"heading.default\">\n\t\t\t\t\t<h4 class=\"elementor-heading-title elementor-size-default\">\n\u00c9volution du Festival<\/h4>\t\t\t\t<\/div>\n\t\t\t\t<div class=\"elementor-element elementor-element-300db3a elementor-widget elementor-widget-text-editor\" data-id=\"300db3a\" data-element_type=\"widget\" data-widget_type=\"text-editor.default\">\n\t\t\t\t\t\t\t\t\t<p>L&rsquo;\u00e9v\u00e9nement trouve son origine dans les <strong>Randonn\u00e9es P\u00e9destres<\/strong>, organis\u00e9es par l&rsquo;ARCDAA depuis 2005. Avec un d\u00e9but modeste, comptant environ 50 participants, il a rapidement gagn\u00e9 en popularit\u00e9. En 2020, le festival a franchi une \u00e9tape importante en accueillant plus de 1 000 marcheurs, se consolidant comme un \u00e9v\u00e9nement culturel de r\u00e9f\u00e9rence.<\/p>\n\t\t\t\t\t\t\t\t<\/div>\n\t\t\t\t<div class=\"elementor-element elementor-element-32f7213 elementor-widget elementor-widget-heading\" data-id=\"32f7213\" data-element_type=\"widget\" data-widget_type=\"heading.default\">\n\t\t\t\t\t<h4 class=\"elementor-heading-title elementor-size-default\">Impact Culturel et Touristique<\/h4>\t\t\t\t<\/div>\n\t\t\t\t<div class=\"elementor-element elementor-element-ef84369 elementor-widget elementor-widget-text-editor\" data-id=\"ef84369\" data-element_type=\"widget\" data-widget_type=\"text-editor.default\">\n\t\t\t\t\t\t\t\t\t<p>Le Festival des Amandiers en Fleurs a pour objectif principal de revitaliser l&rsquo;une des zones les plus d\u00e9peupl\u00e9es de l&rsquo;int\u00e9rieur de l&rsquo;Algarve, en luttant contre la d\u00e9sertification et en promouvant l&rsquo;identit\u00e9 locale. \u00c0 chaque \u00e9dition, il rassemble des milliers de visiteurs, se consolidant comme un point de rencontre culturel pendant la basse saison en Algarve.<\/p>\n\t\t\t\t\t\t\t\t<\/div>\n\t\t\t\t<\/div>\n\t\t<div class=\"elementor-element elementor-element-bb76386 e-con-full e-flex e-con e-child\" data-id=\"bb76386\" data-element_type=\"container\" data-settings=\"{&quot;jet_parallax_layout_list&quot;:[]}\">\n\t\t\t\t<div class=\"elementor-element elementor-element-31d6350 elementor-widget elementor-widget-heading\" data-id=\"31d6350\" data-element_type=\"widget\" data-widget_type=\"heading.default\">\n\t\t\t\t\t<h4 class=\"elementor-heading-title elementor-size-default\">Exp\u00e9riences et Activit\u00e9s<\/h4>\t\t\t\t<\/div>\n\t\t\t\t<div class=\"elementor-element elementor-element-6c072bc elementor-widget elementor-widget-text-editor\" data-id=\"6c072bc\" data-element_type=\"widget\" data-widget_type=\"text-editor.default\">\n\t\t\t\t\t\t\t\t\t<p class=\"body\" dir=\"auto\">Pendant trois jours, les visiteurs peuvent profiter de :<\/p>\n<p class=\"body\" dir=\"auto\">\u2022 <strong>Randonn\u00e9es p\u00e9destres<\/strong> sur des sentiers entour\u00e9s d&rsquo;amandiers en fleurs ;<\/p>\n<p class=\"body\" dir=\"auto\">\u2022 <strong>March\u00e9 de Rue<\/strong>, avec des dizaines de producteurs et artisans locaux ;<\/p>\n<p class=\"body\" dir=\"auto\">\u2022 La reconstitution du <strong>Village de l&rsquo;Artisan<\/strong>, un espace authentique o\u00f9 des artisans font revivre des techniques traditionnelles ;<\/p>\n<p class=\"body\" dir=\"auto\">\u2022 <strong>Ateliers et Workshops<\/strong>, incluant la plantation d&rsquo;amandiers, la fabrication de pain et de fromages traditionnels ;<\/p>\n<p class=\"body\" dir=\"auto\">\u2022 Gastronomie typique avec une mention sp\u00e9ciale pour la <strong>tarte aux amandes g\u00e9ante<\/strong>, qui grandit d&rsquo;un m\u00e8tre \u00e0 chaque \u00e9dition (43 m\u00e8tres en 2025).<\/p>\n\t\t\t\t\t\t\t\t<\/div>\n\t\t\t\t<div class=\"elementor-element elementor-element-6169227 elementor-widget elementor-widget-heading\" data-id=\"6169227\" data-element_type=\"widget\" data-widget_type=\"heading.default\">\n\t\t\t\t\t<h4 class=\"elementor-heading-title elementor-size-default\">Un Projet d'Union<\/h4>\t\t\t\t<\/div>\n\t\t\t\t<div class=\"elementor-element elementor-element-141fdc3 elementor-widget elementor-widget-text-editor\" data-id=\"141fdc3\" data-element_type=\"widget\" data-widget_type=\"text-editor.default\">\n\t\t\t\t\t\t\t\t\t<p>Organis\u00e9 par plus de 100 b\u00e9n\u00e9voles, le festival refl\u00e8te l&rsquo;amour du pays natal et l&rsquo;esprit communautaire des habitants d&rsquo;Alta Mora.<\/p>\n\t\t\t\t\t\t\t\t<\/div>\n\t\t\t\t<\/div>\n\t\t\t\t\t<\/div>\n\t\t\t\t<\/div>\n\t\t<div class=\"elementor-element elementor-element-4765774 e-flex e-con-boxed e-con e-parent\" data-id=\"4765774\" data-element_type=\"container\" data-settings=\"{&quot;jet_parallax_layout_list&quot;:[]}\">\n\t\t\t\t\t<div class=\"e-con-inner\">\n\t\t\t\t<div class=\"elementor-element elementor-element-6c4c99f elementor-widget elementor-widget-gallery\" data-id=\"6c4c99f\" data-element_type=\"widget\" data-settings=\"{&quot;gallery_layout&quot;:&quot;masonry&quot;,&quot;lazyload&quot;:&quot;yes&quot;,&quot;columns&quot;:4,&quot;columns_tablet&quot;:2,&quot;columns_mobile&quot;:1,&quot;gap&quot;:{&quot;unit&quot;:&quot;px&quot;,&quot;size&quot;:10,&quot;sizes&quot;:[]},&quot;gap_tablet&quot;:{&quot;unit&quot;:&quot;px&quot;,&quot;size&quot;:10,&quot;sizes&quot;:[]},&quot;gap_mobile&quot;:{&quot;unit&quot;:&quot;px&quot;,&quot;size&quot;:10,&quot;sizes&quot;:[]},&quot;link_to&quot;:&quot;file&quot;,&quot;overlay_background&quot;:&quot;yes&quot;,&quot;content_hover_animation&quot;:&quot;fade-in&quot;}\" data-widget_type=\"gallery.default\">\n\t\t\t\t\t\t\t<div class=\"elementor-gallery__container\">\n\t\t\t\t\t\t\t<a class=\"e-gallery-item elementor-gallery-item elementor-animated-content\" href=\"https:\/\/fafa.pt\/wp-content\/uploads\/2025\/12\/apresentacissaio-do-fafa8-YanqZRjEzkCyoPxN.jpg\" data-elementor-open-lightbox=\"yes\" data-elementor-lightbox-slideshow=\"6c4c99f\" data-e-action-hash=\"#elementor-action%3Aaction%3Dlightbox%26settings%3DeyJpZCI6NTY2LCJ1cmwiOiJodHRwczpcL1wvZmFmYS5wdFwvd3AtY29udGVudFwvdXBsb2Fkc1wvMjAyNVwvMTJcL2FwcmVzZW50YWNpc3NhaW8tZG8tZmFmYTgtWWFucVpSakV6a0N5b1B4Ti5qcGciLCJzbGlkZXNob3ciOiI2YzRjOTlmIn0%3D\">\n\t\t\t\t\t<div class=\"e-gallery-image elementor-gallery-item__image\" data-thumbnail=\"https:\/\/fafa.pt\/wp-content\/uploads\/2025\/12\/apresentacissaio-do-fafa8-YanqZRjEzkCyoPxN-768x512.jpg\" data-width=\"768\" data-height=\"512\" aria-label=\"\" role=\"img\" ><\/div>\n\t\t\t\t\t\t\t\t\t\t\t<div class=\"elementor-gallery-item__overlay\"><\/div>\n\t\t\t\t\t\t\t\t\t\t\t\t\t\t<\/a>\n\t\t\t\t\t\t\t<a class=\"e-gallery-item elementor-gallery-item elementor-animated-content\" href=\"https:\/\/fafa.pt\/wp-content\/uploads\/2025\/12\/apresentacissaio-do-fafa18-YrDqQR0gD1tOGVza.jpg\" data-elementor-open-lightbox=\"yes\" data-elementor-lightbox-slideshow=\"6c4c99f\" data-e-action-hash=\"#elementor-action%3Aaction%3Dlightbox%26settings%3DeyJpZCI6NTY3LCJ1cmwiOiJodHRwczpcL1wvZmFmYS5wdFwvd3AtY29udGVudFwvdXBsb2Fkc1wvMjAyNVwvMTJcL2FwcmVzZW50YWNpc3NhaW8tZG8tZmFmYTE4LVlyRHFRUjBnRDF0T0dWemEuanBnIiwic2xpZGVzaG93IjoiNmM0Yzk5ZiJ9\">\n\t\t\t\t\t<div class=\"e-gallery-image elementor-gallery-item__image\" data-thumbnail=\"https:\/\/fafa.pt\/wp-content\/uploads\/2025\/12\/apresentacissaio-do-fafa18-YrDqQR0gD1tOGVza-768x512.jpg\" data-width=\"768\" data-height=\"512\" aria-label=\"\" role=\"img\" ><\/div>\n\t\t\t\t\t\t\t\t\t\t\t<div class=\"elementor-gallery-item__overlay\"><\/div>\n\t\t\t\t\t\t\t\t\t\t\t\t\t\t<\/a>\n\t\t\t\t\t\t\t<a class=\"e-gallery-item elementor-gallery-item elementor-animated-content\" href=\"https:\/\/fafa.pt\/wp-content\/uploads\/2025\/12\/apresentacissaio-do-fafa14-A85ElO3QB4TVMl3o.jpg\" data-elementor-open-lightbox=\"yes\" data-elementor-lightbox-slideshow=\"6c4c99f\" data-e-action-hash=\"#elementor-action%3Aaction%3Dlightbox%26settings%3DeyJpZCI6NTY4LCJ1cmwiOiJodHRwczpcL1wvZmFmYS5wdFwvd3AtY29udGVudFwvdXBsb2Fkc1wvMjAyNVwvMTJcL2FwcmVzZW50YWNpc3NhaW8tZG8tZmFmYTE0LUE4NUVsTzNRQjRUVk1sM28uanBnIiwic2xpZGVzaG93IjoiNmM0Yzk5ZiJ9\">\n\t\t\t\t\t<div class=\"e-gallery-image elementor-gallery-item__image\" data-thumbnail=\"https:\/\/fafa.pt\/wp-content\/uploads\/2025\/12\/apresentacissaio-do-fafa14-A85ElO3QB4TVMl3o-768x577.jpg\" data-width=\"768\" data-height=\"577\" aria-label=\"\" role=\"img\" ><\/div>\n\t\t\t\t\t\t\t\t\t\t\t<div class=\"elementor-gallery-item__overlay\"><\/div>\n\t\t\t\t\t\t\t\t\t\t\t\t\t\t<\/a>\n\t\t\t\t\t\t\t<a class=\"e-gallery-item elementor-gallery-item elementor-animated-content\" href=\"https:\/\/fafa.pt\/wp-content\/uploads\/2025\/12\/apresentacissaio-do-fafa19-YyvZ5RLkGWHj98Qj.jpg\" data-elementor-open-lightbox=\"yes\" data-elementor-lightbox-slideshow=\"6c4c99f\" data-e-action-hash=\"#elementor-action%3Aaction%3Dlightbox%26settings%3DeyJpZCI6NTY5LCJ1cmwiOiJodHRwczpcL1wvZmFmYS5wdFwvd3AtY29udGVudFwvdXBsb2Fkc1wvMjAyNVwvMTJcL2FwcmVzZW50YWNpc3NhaW8tZG8tZmFmYTE5LVl5dlo1UkxrR1dIajk4UWouanBnIiwic2xpZGVzaG93IjoiNmM0Yzk5ZiJ9\">\n\t\t\t\t\t<div class=\"e-gallery-image elementor-gallery-item__image\" data-thumbnail=\"https:\/\/fafa.pt\/wp-content\/uploads\/2025\/12\/apresentacissaio-do-fafa19-YyvZ5RLkGWHj98Qj-768x1024.jpg\" data-width=\"768\" data-height=\"1024\" aria-label=\"\" role=\"img\" ><\/div>\n\t\t\t\t\t\t\t\t\t\t\t<div class=\"elementor-gallery-item__overlay\"><\/div>\n\t\t\t\t\t\t\t\t\t\t\t\t\t\t<\/a>\n\t\t\t\t\t\t\t<a class=\"e-gallery-item elementor-gallery-item elementor-animated-content\" href=\"https:\/\/fafa.pt\/wp-content\/uploads\/2025\/12\/apresentacissaio-do-fafa17-mv02QRorryinKJjN.jpg\" data-elementor-open-lightbox=\"yes\" data-elementor-lightbox-slideshow=\"6c4c99f\" data-e-action-hash=\"#elementor-action%3Aaction%3Dlightbox%26settings%3DeyJpZCI6NTcwLCJ1cmwiOiJodHRwczpcL1wvZmFmYS5wdFwvd3AtY29udGVudFwvdXBsb2Fkc1wvMjAyNVwvMTJcL2FwcmVzZW50YWNpc3NhaW8tZG8tZmFmYTE3LW12MDJRUm9ycnlpbktKak4uanBnIiwic2xpZGVzaG93IjoiNmM0Yzk5ZiJ9\">\n\t\t\t\t\t<div class=\"e-gallery-image elementor-gallery-item__image\" data-thumbnail=\"https:\/\/fafa.pt\/wp-content\/uploads\/2025\/12\/apresentacissaio-do-fafa17-mv02QRorryinKJjN-768x512.jpg\" data-width=\"768\" data-height=\"512\" aria-label=\"\" role=\"img\" ><\/div>\n\t\t\t\t\t\t\t\t\t\t\t<div class=\"elementor-gallery-item__overlay\"><\/div>\n\t\t\t\t\t\t\t\t\t\t\t\t\t\t<\/a>\n\t\t\t\t\t\t\t<a class=\"e-gallery-item elementor-gallery-item elementor-animated-content\" href=\"https:\/\/fafa.pt\/wp-content\/uploads\/2025\/12\/apresentacissaio-do-fafa7-AoPqQRkg8WSBMQlp.jpg\" data-elementor-open-lightbox=\"yes\" data-elementor-lightbox-slideshow=\"6c4c99f\" data-e-action-hash=\"#elementor-action%3Aaction%3Dlightbox%26settings%3DeyJpZCI6NTcxLCJ1cmwiOiJodHRwczpcL1wvZmFmYS5wdFwvd3AtY29udGVudFwvdXBsb2Fkc1wvMjAyNVwvMTJcL2FwcmVzZW50YWNpc3NhaW8tZG8tZmFmYTctQW9QcVFSa2c4V1NCTVFscC5qcGciLCJzbGlkZXNob3ciOiI2YzRjOTlmIn0%3D\">\n\t\t\t\t\t<div class=\"e-gallery-image elementor-gallery-item__image\" data-thumbnail=\"https:\/\/fafa.pt\/wp-content\/uploads\/2025\/12\/apresentacissaio-do-fafa7-AoPqQRkg8WSBMQlp-768x512.jpg\" data-width=\"768\" data-height=\"512\" aria-label=\"\" role=\"img\" ><\/div>\n\t\t\t\t\t\t\t\t\t\t\t<div class=\"elementor-gallery-item__overlay\"><\/div>\n\t\t\t\t\t\t\t\t\t\t\t\t\t\t<\/a>\n\t\t\t\t\t\t\t<a class=\"e-gallery-item elementor-gallery-item elementor-animated-content\" href=\"https:\/\/fafa.pt\/wp-content\/uploads\/2025\/12\/apresentacissaio-do-fafa13-YrDqQR0ggEHPWMXG.jpg\" data-elementor-open-lightbox=\"yes\" data-elementor-lightbox-slideshow=\"6c4c99f\" data-e-action-hash=\"#elementor-action%3Aaction%3Dlightbox%26settings%3DeyJpZCI6NTcyLCJ1cmwiOiJodHRwczpcL1wvZmFmYS5wdFwvd3AtY29udGVudFwvdXBsb2Fkc1wvMjAyNVwvMTJcL2FwcmVzZW50YWNpc3NhaW8tZG8tZmFmYTEzLVlyRHFRUjBnZ0VIUFdNWEcuanBnIiwic2xpZGVzaG93IjoiNmM0Yzk5ZiJ9\">\n\t\t\t\t\t<div class=\"e-gallery-image elementor-gallery-item__image\" data-thumbnail=\"https:\/\/fafa.pt\/wp-content\/uploads\/2025\/12\/apresentacissaio-do-fafa13-YrDqQR0ggEHPWMXG-768x576.jpg\" data-width=\"768\" data-height=\"576\" aria-label=\"\" role=\"img\" ><\/div>\n\t\t\t\t\t\t\t\t\t\t\t<div class=\"elementor-gallery-item__overlay\"><\/div>\n\t\t\t\t\t\t\t\t\t\t\t\t\t\t<\/a>\n\t\t\t\t\t\t\t<a class=\"e-gallery-item elementor-gallery-item elementor-animated-content\" href=\"https:\/\/fafa.pt\/wp-content\/uploads\/2025\/12\/apresentacissaio-do-fafa11-A3QO83W6VJuN3P8X.jpg\" data-elementor-open-lightbox=\"yes\" data-elementor-lightbox-slideshow=\"6c4c99f\" data-e-action-hash=\"#elementor-action%3Aaction%3Dlightbox%26settings%3DeyJpZCI6NTczLCJ1cmwiOiJodHRwczpcL1wvZmFmYS5wdFwvd3AtY29udGVudFwvdXBsb2Fkc1wvMjAyNVwvMTJcL2FwcmVzZW50YWNpc3NhaW8tZG8tZmFmYTExLUEzUU84M1c2Vkp1TjNQOFguanBnIiwic2xpZGVzaG93IjoiNmM0Yzk5ZiJ9\">\n\t\t\t\t\t<div class=\"e-gallery-image elementor-gallery-item__image\" data-thumbnail=\"https:\/\/fafa.pt\/wp-content\/uploads\/2025\/12\/apresentacissaio-do-fafa11-A3QO83W6VJuN3P8X-768x512.jpg\" data-width=\"768\" data-height=\"512\" aria-label=\"\" role=\"img\" ><\/div>\n\t\t\t\t\t\t\t\t\t\t\t<div class=\"elementor-gallery-item__overlay\"><\/div>\n\t\t\t\t\t\t\t\t\t\t\t\t\t\t<\/a>\n\t\t\t\t\t\t\t<a class=\"e-gallery-item elementor-gallery-item elementor-animated-content\" href=\"https:\/\/fafa.pt\/wp-content\/uploads\/2025\/12\/apresentacissaio-do-fafa15-AMqlwKPQ8vSJ1qZ4.jpg\" data-elementor-open-lightbox=\"yes\" data-elementor-lightbox-slideshow=\"6c4c99f\" data-e-action-hash=\"#elementor-action%3Aaction%3Dlightbox%26settings%3DeyJpZCI6NTc0LCJ1cmwiOiJodHRwczpcL1wvZmFmYS5wdFwvd3AtY29udGVudFwvdXBsb2Fkc1wvMjAyNVwvMTJcL2FwcmVzZW50YWNpc3NhaW8tZG8tZmFmYTE1LUFNcWx3S1BROHZTSjFxWjQuanBnIiwic2xpZGVzaG93IjoiNmM0Yzk5ZiJ9\">\n\t\t\t\t\t<div class=\"e-gallery-image elementor-gallery-item__image\" data-thumbnail=\"https:\/\/fafa.pt\/wp-content\/uploads\/2025\/12\/apresentacissaio-do-fafa15-AMqlwKPQ8vSJ1qZ4-768x488.jpg\" data-width=\"768\" data-height=\"488\" aria-label=\"\" role=\"img\" ><\/div>\n\t\t\t\t\t\t\t\t\t\t\t<div class=\"elementor-gallery-item__overlay\"><\/div>\n\t\t\t\t\t\t\t\t\t\t\t\t\t\t<\/a>\n\t\t\t\t\t\t\t<a class=\"e-gallery-item elementor-gallery-item elementor-animated-content\" href=\"https:\/\/fafa.pt\/wp-content\/uploads\/2025\/12\/apresentacissaio-do-fafa-AE0ayJzQ8niD93Kb.jpg\" data-elementor-open-lightbox=\"yes\" data-elementor-lightbox-slideshow=\"6c4c99f\" data-e-action-hash=\"#elementor-action%3Aaction%3Dlightbox%26settings%3DeyJpZCI6NTc1LCJ1cmwiOiJodHRwczpcL1wvZmFmYS5wdFwvd3AtY29udGVudFwvdXBsb2Fkc1wvMjAyNVwvMTJcL2FwcmVzZW50YWNpc3NhaW8tZG8tZmFmYS1BRTBheUp6UThuaUQ5M0tiLmpwZyIsInNsaWRlc2hvdyI6IjZjNGM5OWYifQ%3D%3D\">\n\t\t\t\t\t<div class=\"e-gallery-image elementor-gallery-item__image\" data-thumbnail=\"https:\/\/fafa.pt\/wp-content\/uploads\/2025\/12\/apresentacissaio-do-fafa-AE0ayJzQ8niD93Kb-768x576.jpg\" data-width=\"768\" data-height=\"576\" aria-label=\"\" role=\"img\" ><\/div>\n\t\t\t\t\t\t\t\t\t\t\t<div class=\"elementor-gallery-item__overlay\"><\/div>\n\t\t\t\t\t\t\t\t\t\t\t\t\t\t<\/a>\n\t\t\t\t\t\t\t<a class=\"e-gallery-item elementor-gallery-item elementor-animated-content\" href=\"https:\/\/fafa.pt\/wp-content\/uploads\/2025\/12\/apresentacissaio-do-fafa9-AE0ayJzQgqiEBXnk.jpg\" data-elementor-open-lightbox=\"yes\" data-elementor-lightbox-slideshow=\"6c4c99f\" data-e-action-hash=\"#elementor-action%3Aaction%3Dlightbox%26settings%3DeyJpZCI6NTc2LCJ1cmwiOiJodHRwczpcL1wvZmFmYS5wdFwvd3AtY29udGVudFwvdXBsb2Fkc1wvMjAyNVwvMTJcL2FwcmVzZW50YWNpc3NhaW8tZG8tZmFmYTktQUUwYXlKelFncWlFQlhuay5qcGciLCJzbGlkZXNob3ciOiI2YzRjOTlmIn0%3D\">\n\t\t\t\t\t<div class=\"e-gallery-image elementor-gallery-item__image\" data-thumbnail=\"https:\/\/fafa.pt\/wp-content\/uploads\/2025\/12\/apresentacissaio-do-fafa9-AE0ayJzQgqiEBXnk-768x512.jpg\" data-width=\"768\" data-height=\"512\" aria-label=\"\" role=\"img\" ><\/div>\n\t\t\t\t\t\t\t\t\t\t\t<div class=\"elementor-gallery-item__overlay\"><\/div>\n\t\t\t\t\t\t\t\t\t\t\t\t\t\t<\/a>\n\t\t\t\t\t\t\t<a class=\"e-gallery-item elementor-gallery-item elementor-animated-content\" href=\"https:\/\/fafa.pt\/wp-content\/uploads\/2025\/12\/apresentacissaio-do-fafa-YleqNRXx9aF91pM4.jpg\" data-elementor-open-lightbox=\"yes\" data-elementor-lightbox-slideshow=\"6c4c99f\" data-e-action-hash=\"#elementor-action%3Aaction%3Dlightbox%26settings%3DeyJpZCI6NTc3LCJ1cmwiOiJodHRwczpcL1wvZmFmYS5wdFwvd3AtY29udGVudFwvdXBsb2Fkc1wvMjAyNVwvMTJcL2FwcmVzZW50YWNpc3NhaW8tZG8tZmFmYS1ZbGVxTlJYeDlhRjkxcE00LmpwZyIsInNsaWRlc2hvdyI6IjZjNGM5OWYifQ%3D%3D\">\n\t\t\t\t\t<div class=\"e-gallery-image elementor-gallery-item__image\" data-thumbnail=\"https:\/\/fafa.pt\/wp-content\/uploads\/2025\/12\/apresentacissaio-do-fafa-YleqNRXx9aF91pM4-768x512.jpg\" data-width=\"768\" data-height=\"512\" aria-label=\"\" role=\"img\" ><\/div>\n\t\t\t\t\t\t\t\t\t\t\t<div class=\"elementor-gallery-item__overlay\"><\/div>\n\t\t\t\t\t\t\t\t\t\t\t\t\t\t<\/a>\n\t\t\t\t\t\t\t<a class=\"e-gallery-item elementor-gallery-item elementor-animated-content\" href=\"https:\/\/fafa.pt\/wp-content\/uploads\/2025\/12\/apresentacissaio-do-fafa3-A1aBlMjqJvI9qaN1.jpg\" data-elementor-open-lightbox=\"yes\" data-elementor-lightbox-slideshow=\"6c4c99f\" data-e-action-hash=\"#elementor-action%3Aaction%3Dlightbox%26settings%3DeyJpZCI6NTc4LCJ1cmwiOiJodHRwczpcL1wvZmFmYS5wdFwvd3AtY29udGVudFwvdXBsb2Fkc1wvMjAyNVwvMTJcL2FwcmVzZW50YWNpc3NhaW8tZG8tZmFmYTMtQTFhQmxNanFKdkk5cWFOMS5qcGciLCJzbGlkZXNob3ciOiI2YzRjOTlmIn0%3D\">\n\t\t\t\t\t<div class=\"e-gallery-image elementor-gallery-item__image\" data-thumbnail=\"https:\/\/fafa.pt\/wp-content\/uploads\/2025\/12\/apresentacissaio-do-fafa3-A1aBlMjqJvI9qaN1-768x512.jpg\" data-width=\"768\" data-height=\"512\" aria-label=\"\" role=\"img\" ><\/div>\n\t\t\t\t\t\t\t\t\t\t\t<div class=\"elementor-gallery-item__overlay\"><\/div>\n\t\t\t\t\t\t\t\t\t\t\t\t\t\t<\/a>\n\t\t\t\t\t\t\t<a class=\"e-gallery-item elementor-gallery-item elementor-animated-content\" href=\"https:\/\/fafa.pt\/wp-content\/uploads\/2025\/12\/apresentacissaio-do-fafa4-YD0BgWzQPnSKlkKB.jpg\" data-elementor-open-lightbox=\"yes\" data-elementor-lightbox-slideshow=\"6c4c99f\" data-e-action-hash=\"#elementor-action%3Aaction%3Dlightbox%26settings%3DeyJpZCI6NTc5LCJ1cmwiOiJodHRwczpcL1wvZmFmYS5wdFwvd3AtY29udGVudFwvdXBsb2Fkc1wvMjAyNVwvMTJcL2FwcmVzZW50YWNpc3NhaW8tZG8tZmFmYTQtWUQwQmdXelFQblNLbGtLQi5qcGciLCJzbGlkZXNob3ciOiI2YzRjOTlmIn0%3D\">\n\t\t\t\t\t<div class=\"e-gallery-image elementor-gallery-item__image\" data-thumbnail=\"https:\/\/fafa.pt\/wp-content\/uploads\/2025\/12\/apresentacissaio-do-fafa4-YD0BgWzQPnSKlkKB-768x512.jpg\" data-width=\"768\" data-height=\"512\" aria-label=\"\" role=\"img\" ><\/div>\n\t\t\t\t\t\t\t\t\t\t\t<div class=\"elementor-gallery-item__overlay\"><\/div>\n\t\t\t\t\t\t\t\t\t\t\t\t\t\t<\/a>\n\t\t\t\t\t\t\t<a class=\"e-gallery-item elementor-gallery-item elementor-animated-content\" href=\"https:\/\/fafa.pt\/wp-content\/uploads\/2025\/12\/apresentacissaio-do-fafa16-m6LjMB5Q5jCDZ1n9.jpg\" data-elementor-open-lightbox=\"yes\" data-elementor-lightbox-slideshow=\"6c4c99f\" data-e-action-hash=\"#elementor-action%3Aaction%3Dlightbox%26settings%3DeyJpZCI6NTgwLCJ1cmwiOiJodHRwczpcL1wvZmFmYS5wdFwvd3AtY29udGVudFwvdXBsb2Fkc1wvMjAyNVwvMTJcL2FwcmVzZW50YWNpc3NhaW8tZG8tZmFmYTE2LW02TGpNQjVRNWpDRFoxbjkuanBnIiwic2xpZGVzaG93IjoiNmM0Yzk5ZiJ9\">\n\t\t\t\t\t<div class=\"e-gallery-image elementor-gallery-item__image\" data-thumbnail=\"https:\/\/fafa.pt\/wp-content\/uploads\/2025\/12\/apresentacissaio-do-fafa16-m6LjMB5Q5jCDZ1n9-768x394.jpg\" data-width=\"768\" data-height=\"394\" aria-label=\"\" role=\"img\" ><\/div>\n\t\t\t\t\t\t\t\t\t\t\t<div class=\"elementor-gallery-item__overlay\"><\/div>\n\t\t\t\t\t\t\t\t\t\t\t\t\t\t<\/a>\n\t\t\t\t\t\t\t<a class=\"e-gallery-item elementor-gallery-item elementor-animated-content\" href=\"https:\/\/fafa.pt\/wp-content\/uploads\/2025\/12\/apresentacissaio-do-fafa5-YbNqXRx7a3tqJ7L4.jpg\" data-elementor-open-lightbox=\"yes\" data-elementor-lightbox-slideshow=\"6c4c99f\" data-e-action-hash=\"#elementor-action%3Aaction%3Dlightbox%26settings%3DeyJpZCI6NTgxLCJ1cmwiOiJodHRwczpcL1wvZmFmYS5wdFwvd3AtY29udGVudFwvdXBsb2Fkc1wvMjAyNVwvMTJcL2FwcmVzZW50YWNpc3NhaW8tZG8tZmFmYTUtWWJOcVhSeDdhM3RxSjdMNC5qcGciLCJzbGlkZXNob3ciOiI2YzRjOTlmIn0%3D\">\n\t\t\t\t\t<div class=\"e-gallery-image elementor-gallery-item__image\" data-thumbnail=\"https:\/\/fafa.pt\/wp-content\/uploads\/2025\/12\/apresentacissaio-do-fafa5-YbNqXRx7a3tqJ7L4-768x576.jpg\" data-width=\"768\" data-height=\"576\" aria-label=\"\" role=\"img\" ><\/div>\n\t\t\t\t\t\t\t\t\t\t\t<div class=\"elementor-gallery-item__overlay\"><\/div>\n\t\t\t\t\t\t\t\t\t\t\t\t\t\t<\/a>\n\t\t\t\t\t\t\t<a class=\"e-gallery-item elementor-gallery-item elementor-animated-content\" href=\"https:\/\/fafa.pt\/wp-content\/uploads\/2025\/12\/apresentacissaio-do-fafa2-YX4aLRNeqbhnVz19.jpg\" data-elementor-open-lightbox=\"yes\" data-elementor-lightbox-slideshow=\"6c4c99f\" data-e-action-hash=\"#elementor-action%3Aaction%3Dlightbox%26settings%3DeyJpZCI6NTgyLCJ1cmwiOiJodHRwczpcL1wvZmFmYS5wdFwvd3AtY29udGVudFwvdXBsb2Fkc1wvMjAyNVwvMTJcL2FwcmVzZW50YWNpc3NhaW8tZG8tZmFmYTItWVg0YUxSTmVxYmhuVnoxOS5qcGciLCJzbGlkZXNob3ciOiI2YzRjOTlmIn0%3D\">\n\t\t\t\t\t<div class=\"e-gallery-image elementor-gallery-item__image\" data-thumbnail=\"https:\/\/fafa.pt\/wp-content\/uploads\/2025\/12\/apresentacissaio-do-fafa2-YX4aLRNeqbhnVz19-768x512.jpg\" data-width=\"768\" data-height=\"512\" aria-label=\"\" role=\"img\" ><\/div>\n\t\t\t\t\t\t\t\t\t\t\t<div class=\"elementor-gallery-item__overlay\"><\/div>\n\t\t\t\t\t\t\t\t\t\t\t\t\t\t<\/a>\n\t\t\t\t\t<\/div>\n\t\t\t\t\t<\/div>\n\t\t\t\t\t<\/div>\n\t\t\t\t<\/div>\n\t\t\t\t<\/div>\n\t\t","protected":false},"excerpt":{"rendered":"<p>Histoire du Festival des Amandiers en Fleurs de l&rsquo;Algarve \u00e0 Alta Mora Le Festival des Amandiers en Fleurs de l&rsquo;Algarve est n\u00e9 en 2020 \u00e0 l&rsquo;initiative de l&rsquo;Associa\u00e7\u00e3o Recreativa, Cultural e Desportiva dos Amigos de Alta Mora (ARCDAA). L&rsquo;objectif \u00e9tait de promouvoir l&rsquo;int\u00e9rieur de l&rsquo;Algarve, en valorisant sa richesse naturelle, culturelle et ethnographique. Le th\u00e8me [&hellip;]<\/p>\n","protected":false},"author":1,"featured_media":0,"parent":0,"menu_order":0,"comment_status":"closed","ping_status":"closed","template":"","meta":{"footnotes":""},"class_list":["post-565","page","type-page","status-publish","hentry"],"_hostinger_reach_plugin_has_subscription_block":false,"_hostinger_reach_plugin_is_elementor":false,"_links":{"self":[{"href":"https:\/\/fafa.pt\/fr\/wp-json\/wp\/v2\/pages\/565","targetHints":{"allow":["GET"]}}],"collection":[{"href":"https:\/\/fafa.pt\/fr\/wp-json\/wp\/v2\/pages"}],"about":[{"href":"https:\/\/fafa.pt\/fr\/wp-json\/wp\/v2\/types\/page"}],"author":[{"embeddable":true,"href":"https:\/\/fafa.pt\/fr\/wp-json\/wp\/v2\/users\/1"}],"replies":[{"embeddable":true,"href":"https:\/\/fafa.pt\/fr\/wp-json\/wp\/v2\/comments?post=565"}],"version-history":[{"count":1,"href":"https:\/\/fafa.pt\/fr\/wp-json\/wp\/v2\/pages\/565\/revisions"}],"predecessor-version":[{"id":583,"href":"https:\/\/fafa.pt\/fr\/wp-json\/wp\/v2\/pages\/565\/revisions\/583"}],"wp:attachment":[{"href":"https:\/\/fafa.pt\/fr\/wp-json\/wp\/v2\/media?parent=565"}],"curies":[{"name":"wp","href":"https:\/\/api.w.org\/{rel}","templated":true}]}}