{"id":263,"date":"2025-12-30T08:17:02","date_gmt":"2025-12-30T08:17:02","guid":{"rendered":"https:\/\/fafa.pt\/persbericht\/"},"modified":"2026-01-13T19:28:10","modified_gmt":"2026-01-13T19:28:10","slug":"persbericht","status":"publish","type":"page","link":"https:\/\/fafa.pt\/nl\/persbericht\/","title":{"rendered":"Persbericht"},"content":{"rendered":"\t\t<div data-elementor-type=\"wp-page\" data-elementor-id=\"263\" class=\"elementor elementor-263 elementor-237\" data-elementor-post-type=\"page\">\n\t\t\t\t<div class=\"elementor-element elementor-element-2afa6c65 e-flex e-con-boxed e-con e-parent\" data-id=\"2afa6c65\" data-element_type=\"container\" data-settings=\"{&quot;jet_parallax_layout_list&quot;:[]}\">\n\t\t\t\t\t<div class=\"e-con-inner\">\n\t\t\t\t<div class=\"elementor-element elementor-element-22c19b9 elementor-widget elementor-widget-heading\" data-id=\"22c19b9\" data-element_type=\"widget\" data-widget_type=\"heading.default\">\n\t\t\t\t\t<h2 class=\"elementor-heading-title elementor-size-default\">Persbericht<\/h2>\t\t\t\t<\/div>\n\t\t\t\t<div class=\"elementor-element elementor-element-7791d5d1 elementor-widget elementor-widget-text-editor\" data-id=\"7791d5d1\" data-element_type=\"widget\" data-widget_type=\"text-editor.default\">\n\t\t\t\t\t\t\t\t\t<p><strong>FAFA OPENT HET EVENEMENTENSEIZOEN 2026 IN DE ALGARVISCHE BERGEN<\/strong><\/p><p><strong>De bergkam van Alta Mora is van 6 tot 8 februari 2026 opnieuw het epicentrum van de vijfde editie van het Amandelbloesemfestival en markeert de start van de regionale evenementenkalender, in een periode die traditioneel wordt gekenmerkt door seizoensgebondenheid.<\/strong><\/p><p>Gecre\u00eberd en gepromoot door de Associa\u00e7\u00e3o Recreativa, Cultural e Desportiva dos Amigos da Alta Mora (ARCDAA), <strong>bevestigt het festival zich als een structureel project voor de waardering van het gebied, waarbij natuurlijk erfgoed, culturele identiteit en toeristische beleving worden samengebracht.<\/strong> Gedurende drie dagen trekken bewoners, bezoekers en wandelaars door de bergen tijdens de volle bloei van de amandelbomen, in een van de meest kenmerkende landschappen van het binnenland van de Algarve.<\/p><p><strong>Wandelen, en het genieten van de wit-roze mantel van het berglandschap, blijft de centrale as van het evenement<\/strong>, met vier bewegwijzerde routes van 6, 9, 12 en 20 kilometer, geschikt voor verschillende deelnemersprofielen, met <a href=\"https:\/\/docs.google.com\/forms\/u\/0\/d\/1VjQypE4Jlpa9Ewwn9EiJbTuv62k0HiN1VDXonhRg3TU\/viewform?urp=gmail_link&amp;edit_requested=true\" target=\"_blank\" rel=\"noreferrer noopener\">verplichte inschrijving HIER.<\/a><\/p><p><strong>Het artistieke programma combineert traditie, etnografie, volksmuziek, <em>folk en wereldmuziek<\/em>.<\/strong> In 2026 omvat het wereldmuziekcircuit Coletivo Capela, Malino, Eir\u00f3, Nuno Carpinteiro en Rub\u00e9n D\u00edez, Mar de Fora, DJ Catadiscos en a Cantadeira, naast straatanimatie met Sofia Piment\u00e3o, Malatitsch, Serrabecos, Al-Fanfare en Bando dos Quatro. De populaire en traditionele muziek wordt vertegenwoordigd door Grupo Chulada da Ponte Velha, Recanto en Bela Banda, met Filipe Santos en Filipe Silva op de Portugese gitaar en Silvino Campos op de accordeon, terwijl het etnografische aspect wordt ingevuld door Rancho Folcl\u00f3rico do Azinhal en Grupo Coral e Etnogr\u00e1fico Vozes de Almod\u00f4var.<\/p><p><strong>De performatieve en gemeenschapsdimensie blijft behouden met <\/strong>de poppentheatervoorstelling \u201cA Lenda das Amendoeiras em Flor\u201d, dans door ARUTLA van de Clube Recreativo Alturense en de tentoonstelling \u00abO olhar da nossa gente\u00bb van de ouderen van Alta Mora in samenwerking met de Associa\u00e7\u00e3o \u00bc escuro, aangevuld met een speciaal kinderprogramma.<\/p><p>Het culinaire gedeelte valt op door <strong>de gigantische amandeltaart, die deze editie 44 meter lang zal zijn<\/strong>, in samenwerking met de Escola de Hotelaria e Turismo de Vila Real de Santo Ant\u00f3nio, evenals de straatmarkt, het Ambachtsdorp, de workshops brood en mandenvlechten en de workshops amandelbomen planten, waarbij meer dan vijftig ambachtslieden betrokken zijn.<\/p><p><strong>De toegang is gratis voor kinderen tot en met 10 jaar<\/strong>, kost 2,50 euro voor 11- tot 14-jarigen en 4 euro voor volwassenen; tickets zijn verkrijgbaar op het terrein en online op <a href=\"https:\/\/fafa.bol.pt\/\" target=\"_blank\" rel=\"noreferrer noopener\">https:\/\/fafa.bol.pt\/<\/a>.<\/p><p><strong>Het Amandelbloesemfestival is een initiatief van de ARCDAA<\/strong>, met steun van de gemeente Castro Marim en de deelgemeente Odeleite, en de medewerking van het Toeristenbureau van de Algarve<strong>. De editie van 2026 wordt tevens gefinancierd door het project \u201cCultura aos Montes\u201d<\/strong>, gesteund door Europese fondsen, in het kader van het Regionaal Programma ALGARVE2030 en het Programma voor de Promotie van Kunst en Ambacht van het IEFP.<\/p><p><strong>Informatie en programma op<\/strong> <a href=\"https:\/\/fafa.pt\/nl\/\" target=\"_blank\" rel=\"noreferrer noopener\">https:\/\/fafa.pt\/<\/a><\/p>\t\t\t\t\t\t\t\t<\/div>\n\t\t\t\t\t<\/div>\n\t\t\t\t<\/div>\n\t\t\t\t<\/div>\n\t\t","protected":false},"excerpt":{"rendered":"<p>FAFA OPENT HET EVENEMENTENSEIZOEN 2026 IN DE ALGARVISCHE BERGEN De bergkam van Alta Mora is van 6 tot 8 februari 2026 opnieuw het epicentrum van de vijfde editie van het Amandelbloesemfestival en markeert de start van de regionale evenementenkalender, in een periode die traditioneel wordt gekenmerkt door seizoensgebondenheid. Gecre\u00eberd en gepromoot door de Associa\u00e7\u00e3o Recreativa, [&hellip;]<\/p>\n","protected":false},"author":1,"featured_media":264,"parent":0,"menu_order":0,"comment_status":"closed","ping_status":"closed","template":"","meta":{"footnotes":""},"class_list":["post-263","page","type-page","status-publish","has-post-thumbnail","hentry"],"_hostinger_reach_plugin_has_subscription_block":false,"_hostinger_reach_plugin_is_elementor":false,"_links":{"self":[{"href":"https:\/\/fafa.pt\/nl\/wp-json\/wp\/v2\/pages\/263","targetHints":{"allow":["GET"]}}],"collection":[{"href":"https:\/\/fafa.pt\/nl\/wp-json\/wp\/v2\/pages"}],"about":[{"href":"https:\/\/fafa.pt\/nl\/wp-json\/wp\/v2\/types\/page"}],"author":[{"embeddable":true,"href":"https:\/\/fafa.pt\/nl\/wp-json\/wp\/v2\/users\/1"}],"replies":[{"embeddable":true,"href":"https:\/\/fafa.pt\/nl\/wp-json\/wp\/v2\/comments?post=263"}],"version-history":[{"count":6,"href":"https:\/\/fafa.pt\/nl\/wp-json\/wp\/v2\/pages\/263\/revisions"}],"predecessor-version":[{"id":518,"href":"https:\/\/fafa.pt\/nl\/wp-json\/wp\/v2\/pages\/263\/revisions\/518"}],"wp:featuredmedia":[{"embeddable":true,"href":"https:\/\/fafa.pt\/nl\/wp-json\/wp\/v2\/media\/264"}],"wp:attachment":[{"href":"https:\/\/fafa.pt\/nl\/wp-json\/wp\/v2\/media?parent=263"}],"curies":[{"name":"wp","href":"https:\/\/api.w.org\/{rel}","templated":true}]}}